{"id":13752,"date":"2023-07-11T09:05:25","date_gmt":"2023-07-11T09:05:25","guid":{"rendered":"https:\/\/koduspa.ee\/?post_type=product&#038;p=13752"},"modified":"2024-04-08T08:57:40","modified_gmt":"2024-04-08T08:57:40","slug":"aurusauna-uks-2020x778-60g-alu-pronks","status":"publish","type":"product","link":"https:\/\/koduspa.ee\/ru\/pood\/uksed\/aurusauna-uks-2020x778-60g-alu-pronks\/","title":{"rendered":"TYL\u00d6 AURUSAUNA UKS 60G ALU PRONKS 2020X778"},"content":{"rendered":"<h6><span style=\"color: #000000;\">Aurusauna uks karastatud turvaklaasist. <\/span><\/h6>\n<h6><span style=\"color: #000000;\">Koos l\u00e4vega. V\u00e4lisraami m\u00f5\u00f5dud 2020x778x60mm, sissep\u00e4\u00e4suava 670mm. <\/span><\/h6>\n<h6><span style=\"color: #000000;\">Uks on p\u00f6\u00f6ratav vasak\/parem.<\/span><\/h6>\n<p><a href=\"https:\/\/s3-eu-west-1.amazonaws.com\/gung-images-bucket-ireland\/tylo\/2900%200611%20Steam%20Door%2060G%20101G.pdf\">https:\/\/s3-eu-west-1.amazonaws.com\/gung-images-bucket-ireland\/tylo\/2900%200611%20Steam%20Door%2060G%20101G.pdf<\/a><\/p>\n","protected":false},"excerpt":{"rendered":"<p>Aurusauna uks karastatud turvaklaasist. Koos l\u00e4vega. V\u00e4lisraami m\u00f5\u00f5dud 2020x778x60mm, sissep\u00e4\u00e4suava 670mm. Uks on p\u00f6\u00f6ratav vasak\/parem. https:\/\/s3-eu-west-1.amazonaws.com\/gung-images-bucket-ireland\/tylo\/2900%200611%20Steam%20Door%2060G%20101G.pdf<\/p>\n","protected":false},"featured_media":13726,"comment_status":"open","ping_status":"closed","template":"","meta":{"_acf_changed":false,"_genesis_hide_title":false,"_genesis_hide_breadcrumbs":false,"_genesis_hide_singular_image":false,"_genesis_hide_footer_widgets":false,"_genesis_custom_body_class":"","_genesis_custom_post_class":"","_genesis_layout":""},"product_brand":[],"product_cat":[369],"product_tag":[],"class_list":{"0":"post-13752","1":"product","2":"type-product","3":"status-publish","4":"has-post-thumbnail","6":"product_cat-uksed","7":"entry","8":"override","10":"first","11":"instock","12":"shipping-taxable","13":"purchasable","14":"product-type-simple"},"acf":[],"_links":{"self":[{"href":"https:\/\/koduspa.ee\/ru\/wp-json\/wp\/v2\/product\/13752","targetHints":{"allow":["GET"]}}],"collection":[{"href":"https:\/\/koduspa.ee\/ru\/wp-json\/wp\/v2\/product"}],"about":[{"href":"https:\/\/koduspa.ee\/ru\/wp-json\/wp\/v2\/types\/product"}],"replies":[{"embeddable":true,"href":"https:\/\/koduspa.ee\/ru\/wp-json\/wp\/v2\/comments?post=13752"}],"wp:featuredmedia":[{"embeddable":true,"href":"https:\/\/koduspa.ee\/ru\/wp-json\/wp\/v2\/media\/13726"}],"wp:attachment":[{"href":"https:\/\/koduspa.ee\/ru\/wp-json\/wp\/v2\/media?parent=13752"}],"wp:term":[{"taxonomy":"product_brand","embeddable":true,"href":"https:\/\/koduspa.ee\/ru\/wp-json\/wp\/v2\/product_brand?post=13752"},{"taxonomy":"product_cat","embeddable":true,"href":"https:\/\/koduspa.ee\/ru\/wp-json\/wp\/v2\/product_cat?post=13752"},{"taxonomy":"product_tag","embeddable":true,"href":"https:\/\/koduspa.ee\/ru\/wp-json\/wp\/v2\/product_tag?post=13752"}],"curies":[{"name":"wp","href":"https:\/\/api.w.org\/{rel}","templated":true}]}}