{"id":13584,"date":"2023-05-09T07:32:51","date_gmt":"2023-05-09T07:32:51","guid":{"rendered":"https:\/\/koduspa.ee\/?post_type=product&#038;p=13584"},"modified":"2025-02-19T08:16:54","modified_gmt":"2025-02-19T08:16:54","slug":"finesse-sauna-ja-aurusauna-aroom-kannatusvili-250ml","status":"publish","type":"product","link":"https:\/\/koduspa.ee\/ru\/pood\/saunaaroomid-olid-ru\/finesse-sauna-ja-aurusauna-aroom-kannatusvili-250ml\/","title":{"rendered":"FINESSE SAUNA- JA AURUSAUNA AROOM KANNATUSVILI 250ml"},"content":{"rendered":"<h6><span style=\"color: #000000;\">Magusa puuviljase l\u00f5hnaga kontsentraat,<\/span><\/h6>\n<h6><span style=\"color: #000000;\"> kannatusvili m\u00f5jub v\u00e4rskendavalt ja ergutavalt.<\/span><\/h6>\n<h6><span style=\"color: #000000;\">Finesse Lacoformi kvaliteetsed saunal\u00f5hnad toovad saunat\u00f5mmisesse<\/span><\/h6>\n<h6><span style=\"color: #000000;\"> kosutavat v\u00e4rskust ja soodustavad seel\u00e4bi heaolutunnet.\u00a0<\/span><\/h6>\n<h6><span style=\"color: #000000;\">Aromaatsed ja rahustavad l\u00f5hnad tugevdavad sauna positiivset m\u00f5ju.<\/span><\/h6>\n<h6><span style=\"color: #000000;\">K\u00f5rge kvaliteet t\u00e4nu Saksamaa moodsamatele tootmisrajatistele.\u00a0<\/span><\/h6>\n<h6><span style=\"color: #000000;\">Tavaliselt saunakividele tekkivad ladestused on t\u00e4nu<\/span><\/h6>\n<h6><span style=\"color: #000000;\"> kaasaegsele retseptile viidud miinimumini.<\/span><\/h6>\n<h6><span style=\"color: #000000;\"><u>N\u00f5uanne professionaalilt:<\/u>\u00a0<\/span><\/h6>\n<h6><span style=\"color: #000000;\">Eeterlike \u00f5lide paremaks arendamiseks soovitame infusiooniks kasutada kuuma vett.<\/span><\/h6>\n<h6><span style=\"color: #000000;\">\u00dcksikuid l\u00f5hnu on lihtne omavahel segada, nii et saate kujundada oma loomingut.<\/span><\/h6>\n<h6><span style=\"color: #000000;\">Soovitatav annus: 10 kuni 20 ml liitri infusioonivee kohta<\/span><\/h6>\n<h6><span style=\"color: #000000;\">Eelised<\/span><span style=\"color: #000000;\">:<\/span><\/h6>\n<ul>\n<li>\n<h6><span style=\"color: #000000;\">Hea juhitavus v\u00e4iksemates saunaruumides<\/span><\/h6>\n<\/li>\n<li>\n<h6><span style=\"color: #000000;\">Saunakividel v\u00e4hem ladestust<\/span><\/h6>\n<\/li>\n<li>\n<h6><span style=\"color: #000000;\">Kergesti segatav infusioonivees<\/span><\/h6>\n<\/li>\n<li>\n<h6><span style=\"color: #000000;\">Materjalide k\u00f5rge \u00fchilduvus<\/span><\/h6>\n<\/li>\n<li>\n<h6><span style=\"color: #000000;\">Segatavad omavahel<\/span><\/h6>\n<h6><span style=\"color: #000000;\">Tootja Chemoform AG &#8212; Saksamaa.<\/span><\/h6>\n<\/li>\n<\/ul>\n","protected":false},"excerpt":{"rendered":"<p>Magusa puuviljase l\u00f5hnaga kontsentraat, kannatusvili m\u00f5jub v\u00e4rskendavalt ja ergutavalt. Finesse Lacoformi kvaliteetsed saunal\u00f5hnad toovad saunat\u00f5mmisesse kosutavat v\u00e4rskust ja soodustavad seel\u00e4bi heaolutunnet.\u00a0 Aromaatsed ja rahustavad l\u00f5hnad tugevdavad sauna positiivset m\u00f5ju. K\u00f5rge kvaliteet t\u00e4nu Saksamaa moodsamatele tootmisrajatistele.\u00a0 Tavaliselt saunakividele tekkivad ladestused on t\u00e4nu kaasaegsele retseptile viidud miinimumini. N\u00f5uanne professionaalilt:\u00a0 Eeterlike \u00f5lide paremaks arendamiseks soovitame infusiooniks kasutada kuuma [&hellip;]<\/p>\n","protected":false},"featured_media":13585,"comment_status":"open","ping_status":"closed","template":"","meta":{"_acf_changed":false,"_genesis_hide_title":false,"_genesis_hide_breadcrumbs":false,"_genesis_hide_singular_image":false,"_genesis_hide_footer_widgets":false,"_genesis_custom_body_class":"","_genesis_custom_post_class":"","_genesis_layout":""},"product_brand":[],"product_cat":[362],"product_tag":[],"class_list":{"0":"post-13584","1":"product","2":"type-product","3":"status-publish","4":"has-post-thumbnail","6":"product_cat-saunaaroomid-olid","7":"entry","8":"override","10":"first","11":"instock","12":"shipping-taxable","13":"purchasable","14":"product-type-simple"},"acf":[],"_links":{"self":[{"href":"https:\/\/koduspa.ee\/ru\/wp-json\/wp\/v2\/product\/13584","targetHints":{"allow":["GET"]}}],"collection":[{"href":"https:\/\/koduspa.ee\/ru\/wp-json\/wp\/v2\/product"}],"about":[{"href":"https:\/\/koduspa.ee\/ru\/wp-json\/wp\/v2\/types\/product"}],"replies":[{"embeddable":true,"href":"https:\/\/koduspa.ee\/ru\/wp-json\/wp\/v2\/comments?post=13584"}],"wp:featuredmedia":[{"embeddable":true,"href":"https:\/\/koduspa.ee\/ru\/wp-json\/wp\/v2\/media\/13585"}],"wp:attachment":[{"href":"https:\/\/koduspa.ee\/ru\/wp-json\/wp\/v2\/media?parent=13584"}],"wp:term":[{"taxonomy":"product_brand","embeddable":true,"href":"https:\/\/koduspa.ee\/ru\/wp-json\/wp\/v2\/product_brand?post=13584"},{"taxonomy":"product_cat","embeddable":true,"href":"https:\/\/koduspa.ee\/ru\/wp-json\/wp\/v2\/product_cat?post=13584"},{"taxonomy":"product_tag","embeddable":true,"href":"https:\/\/koduspa.ee\/ru\/wp-json\/wp\/v2\/product_tag?post=13584"}],"curies":[{"name":"wp","href":"https:\/\/api.w.org\/{rel}","templated":true}]}}