{"id":13328,"date":"2023-04-17T06:53:40","date_gmt":"2023-04-17T06:53:40","guid":{"rendered":"https:\/\/koduspa.ee\/?post_type=product&#038;p=13328"},"modified":"2024-04-08T08:44:24","modified_gmt":"2024-04-08T08:44:24","slug":"steam-vista-130-vasak-nurk-must","status":"publish","type":"product","link":"https:\/\/koduspa.ee\/ru\/pood\/saunaruumid-ru\/steam-vista-130-vasak-nurk-must\/","title":{"rendered":"TYL\u00d6 AURU DU\u0160IKABIIN VISTA 130 VASAK NURK MUST"},"content":{"rendered":"<h6><span style=\"color: #000000;\">Steam Vista 130 vasak on valmistatud minimaalselt mattmustade alumiiniumprofiilide ja<\/span><\/h6>\n<h6><span style=\"color: #000000;\">8 mm karastatud suitsuklaasiga. Klaasnurk on vasakul pool (eestvaates).<\/span><\/h6>\n<h6><span style=\"color: #000000;\">Katus koosneb HPL-st (k\u00f5rgsurvelaminaadist), millel on isoleeritud vahts\u00fcdamik,<\/span><\/h6>\n<h6><span style=\"color: #000000;\">et minimeerida kondensaadi tilkumist tavap\u00e4rasel kasutamisel.<\/span><\/h6>\n<h6><span style=\"color: #000000;\">Hinged ja ukselingid on Saksa tootja Pauli.\u00a0Uksel on magnetsulgur.<\/span><\/h6>\n<h6><span style=\"color: #000000;\">Kabiin on varustatud \u00fcladu\u0161\u0161iga. Aurukolonn on s\u00fcvistatud tagaseina ja<\/span><\/h6>\n<h6><span style=\"color: #000000;\">valmistatud 8mm mustast karastatud klaasist.<\/span><\/h6>\n<h6><span style=\"color: #000000;\">Klaasi taga on sisseehitatud neoon LED valgustus.<\/span><\/h6>\n<h6><span style=\"color: #000000;\">Juhtpaneel Elite Cloud on komplektis ja paigaldatakse otse klaasile.<\/span><\/h6>\n<h6><span style=\"color: #000000;\">Auu hakkab tootma 2 minuti p\u00e4rast ning peagi on<\/span><\/h6>\n<h6><span style=\"color: #000000;\">saavutatud mugav ja soe temperatuur.<\/span><\/h6>\n<h6><span style=\"color: #000000;\">Termostaat, segisti ja k\u00e4sidu\u0161\u0161 on paigaldatud kolonni,<\/span><\/h6>\n<h6><span style=\"color: #000000;\">on valmistatud Saksa tootja Dornbrachtist poolt.<\/span><\/h6>\n<h6><span style=\"color: #000000;\">Auruotsik on vaikne ja sellel on kaks t\u00fckki 6mm karastatud suitsuv\u00e4rvi klaasi,<\/span><\/h6>\n<h6><span style=\"color: #000000;\">mis muudab auruotsiku turvaliseks.<\/span><\/h6>\n<h6><span style=\"color: #000000;\">Auruotsik on varustatud v\u00e4ikese l\u00f5hnan\u00f5uga.<\/span><\/h6>\n<h6><span style=\"color: #000000;\">Lisavarustusena on saadaval Pixeli riiul, Pixeli tool,<\/span><\/h6>\n<h6><span style=\"color: #000000;\">Spotlight LED ja RGB meeleoluvalgustus.<\/span><\/h6>\n<h6><span style=\"color: #000000;\">Tehnilised andmed:<\/span><\/h6>\n<p><a href=\"https:\/\/s3-eu-west-1.amazonaws.com\/gung-images-bucket-ireland\/tylo\/pim-item\/96076501\/2900%203010%20VISTA%20monteringsanvisning.pdf\">https:\/\/s3-eu-west-1.amazonaws.com\/gung-images-bucket-ireland\/tylo\/pim-item\/96076501\/2900%203010%20VISTA%20monteringsanvisning.pdf<\/a><\/p>\n<p><a href=\"https:\/\/s3-eu-west-1.amazonaws.com\/gung-images-bucket-ireland\/tylo\/pim-item\/96076501\/2900%203015%20VISTA%20inst%20bruksanv.pdf\">https:\/\/s3-eu-west-1.amazonaws.com\/gung-images-bucket-ireland\/tylo\/pim-item\/96076501\/2900%203015%20VISTA%20inst%20bruksanv.pdf<\/a><\/p>\n","protected":false},"excerpt":{"rendered":"<p>Steam Vista 130 vasak on valmistatud minimaalselt mattmustade alumiiniumprofiilide ja 8 mm karastatud suitsuklaasiga. Klaasnurk on vasakul pool (eestvaates). Katus koosneb HPL-st (k\u00f5rgsurvelaminaadist), millel on isoleeritud vahts\u00fcdamik, et minimeerida kondensaadi tilkumist tavap\u00e4rasel kasutamisel. Hinged ja ukselingid on Saksa tootja Pauli.\u00a0Uksel on magnetsulgur. Kabiin on varustatud \u00fcladu\u0161\u0161iga. Aurukolonn on s\u00fcvistatud tagaseina ja valmistatud 8mm mustast karastatud [&hellip;]<\/p>\n","protected":false},"featured_media":13332,"comment_status":"open","ping_status":"closed","template":"","meta":{"_acf_changed":false,"_genesis_hide_title":false,"_genesis_hide_breadcrumbs":false,"_genesis_hide_singular_image":false,"_genesis_hide_footer_widgets":false,"_genesis_custom_body_class":"","_genesis_custom_post_class":"","_genesis_layout":""},"product_brand":[],"product_cat":[174],"product_tag":[],"class_list":{"0":"post-13328","1":"product","2":"type-product","3":"status-publish","4":"has-post-thumbnail","6":"product_cat-saunaruumid","7":"entry","8":"override","10":"first","11":"instock","12":"shipping-taxable","13":"purchasable","14":"product-type-simple"},"acf":[],"_links":{"self":[{"href":"https:\/\/koduspa.ee\/ru\/wp-json\/wp\/v2\/product\/13328","targetHints":{"allow":["GET"]}}],"collection":[{"href":"https:\/\/koduspa.ee\/ru\/wp-json\/wp\/v2\/product"}],"about":[{"href":"https:\/\/koduspa.ee\/ru\/wp-json\/wp\/v2\/types\/product"}],"replies":[{"embeddable":true,"href":"https:\/\/koduspa.ee\/ru\/wp-json\/wp\/v2\/comments?post=13328"}],"wp:featuredmedia":[{"embeddable":true,"href":"https:\/\/koduspa.ee\/ru\/wp-json\/wp\/v2\/media\/13332"}],"wp:attachment":[{"href":"https:\/\/koduspa.ee\/ru\/wp-json\/wp\/v2\/media?parent=13328"}],"wp:term":[{"taxonomy":"product_brand","embeddable":true,"href":"https:\/\/koduspa.ee\/ru\/wp-json\/wp\/v2\/product_brand?post=13328"},{"taxonomy":"product_cat","embeddable":true,"href":"https:\/\/koduspa.ee\/ru\/wp-json\/wp\/v2\/product_cat?post=13328"},{"taxonomy":"product_tag","embeddable":true,"href":"https:\/\/koduspa.ee\/ru\/wp-json\/wp\/v2\/product_tag?post=13328"}],"curies":[{"name":"wp","href":"https:\/\/api.w.org\/{rel}","templated":true}]}}