{"id":13134,"date":"2023-04-03T10:26:53","date_gmt":"2023-04-03T10:26:53","guid":{"rendered":"https:\/\/koduspa.ee\/?post_type=product&#038;p=13134"},"modified":"2024-04-06T10:42:24","modified_gmt":"2024-04-06T10:42:24","slug":"saunavalgusti-led-sauna-bostuspot-black-43w","status":"publish","type":"product","link":"https:\/\/koduspa.ee\/ru\/pood\/tylo-valgustid\/saunavalgusti-led-sauna-bostuspot-black-43w\/","title":{"rendered":"TYL\u00d6 SAUNAVALGUSTI LED  SAUNA BOSTUSPOT BLACK 4,3W"},"content":{"rendered":"<h6><span style=\"color: #000000;\">Valgusti Sauna Bastuspot Black 4,3W 3000K 230V, <\/span><\/h6>\n<h6><span style=\"color: #000000;\">nagu nimigi \u00fctleb, on valmistatud spetsiaalselt saunade jaoks. <\/span><\/h6>\n<h6><span style=\"color: #000000;\">Annab t\u00e4pselt \u00f5ige koguse valgust ilma ruumi v\u00f5tmata. <\/span><\/h6>\n<h6><span style=\"color: #000000;\">See diskreetne valgustus on musta v\u00e4rvi, <\/span><\/h6>\n<h6><span style=\"color: #000000;\">andes saunale elegantse ja kaasaegse v\u00e4limuse. <\/span><\/h6>\n<h6><span style=\"color: #000000;\">H\u00e4mardatav, kaasas trafo. <\/span><\/h6>\n<h6><span style=\"color: #000000;\">Dioodi ja s\u00fcgaval lambi sees jahutusega konstruktsioon sobib <\/span><\/h6>\n<h6><span style=\"color: #000000;\">kuuma ja niiskesse keskkonda, kitsa ja minimaalse pimestava efektiga. <\/span><\/h6>\n<h6><span style=\"color: #000000;\">Tehnilised andmed:<\/span><\/h6>\n<p><a href=\"https:\/\/s3-eu-west-1.amazonaws.com\/gung-images-bucket-ireland\/tylo\/pim-item\/90011030\/Statement%20lights.pdf\">https:\/\/s3-eu-west-1.amazonaws.com\/gung-images-bucket-ireland\/tylo\/pim-item\/90011030\/Statement%20lights.pdf<\/a><\/p>\n<p><a href=\"https:\/\/s3-eu-west-1.amazonaws.com\/gung-images-bucket-ireland\/tylo\/pim-item\/90011030\/90011030.pdf\">https:\/\/s3-eu-west-1.amazonaws.com\/gung-images-bucket-ireland\/tylo\/pim-item\/90011030\/90011030.pdf<\/a><\/p>\n<h6><\/h6>\n","protected":false},"excerpt":{"rendered":"<p>Valgusti Sauna Bastuspot Black 4,3W 3000K 230V, nagu nimigi \u00fctleb, on valmistatud spetsiaalselt saunade jaoks. Annab t\u00e4pselt \u00f5ige koguse valgust ilma ruumi v\u00f5tmata. See diskreetne valgustus on musta v\u00e4rvi, andes saunale elegantse ja kaasaegse v\u00e4limuse. H\u00e4mardatav, kaasas trafo. Dioodi ja s\u00fcgaval lambi sees jahutusega konstruktsioon sobib kuuma ja niiskesse keskkonda, kitsa ja minimaalse pimestava efektiga. [&hellip;]<\/p>\n","protected":false},"featured_media":13139,"comment_status":"open","ping_status":"closed","template":"","meta":{"_acf_changed":false,"_genesis_hide_title":false,"_genesis_hide_breadcrumbs":false,"_genesis_hide_singular_image":false,"_genesis_hide_footer_widgets":false,"_genesis_custom_body_class":"","_genesis_custom_post_class":"","_genesis_layout":""},"product_brand":[],"product_cat":[372],"product_tag":[],"class_list":{"0":"post-13134","1":"product","2":"type-product","3":"status-publish","4":"has-post-thumbnail","6":"product_cat-tylo-valgustid","7":"entry","8":"override","10":"first","11":"instock","12":"shipping-taxable","13":"purchasable","14":"product-type-simple"},"acf":[],"_links":{"self":[{"href":"https:\/\/koduspa.ee\/ru\/wp-json\/wp\/v2\/product\/13134","targetHints":{"allow":["GET"]}}],"collection":[{"href":"https:\/\/koduspa.ee\/ru\/wp-json\/wp\/v2\/product"}],"about":[{"href":"https:\/\/koduspa.ee\/ru\/wp-json\/wp\/v2\/types\/product"}],"replies":[{"embeddable":true,"href":"https:\/\/koduspa.ee\/ru\/wp-json\/wp\/v2\/comments?post=13134"}],"wp:featuredmedia":[{"embeddable":true,"href":"https:\/\/koduspa.ee\/ru\/wp-json\/wp\/v2\/media\/13139"}],"wp:attachment":[{"href":"https:\/\/koduspa.ee\/ru\/wp-json\/wp\/v2\/media?parent=13134"}],"wp:term":[{"taxonomy":"product_brand","embeddable":true,"href":"https:\/\/koduspa.ee\/ru\/wp-json\/wp\/v2\/product_brand?post=13134"},{"taxonomy":"product_cat","embeddable":true,"href":"https:\/\/koduspa.ee\/ru\/wp-json\/wp\/v2\/product_cat?post=13134"},{"taxonomy":"product_tag","embeddable":true,"href":"https:\/\/koduspa.ee\/ru\/wp-json\/wp\/v2\/product_tag?post=13134"}],"curies":[{"name":"wp","href":"https:\/\/api.w.org\/{rel}","templated":true}]}}