{"id":13084,"date":"2023-04-03T08:55:52","date_gmt":"2023-04-03T08:55:52","guid":{"rendered":"https:\/\/koduspa.ee\/?post_type=product&#038;p=13084"},"modified":"2025-10-27T12:16:49","modified_gmt":"2025-10-27T12:16:49","slug":"ir-silm","status":"publish","type":"product","link":"https:\/\/koduspa.ee\/ru\/pood\/tylo-valgustid\/ir-silm\/","title":{"rendered":"TYL\u00d6 IR SILM"},"content":{"rendered":"<div class=\"row\">\n<div class=\"col-12\">\n<h6 class=\"ng-star-inserted\"><span style=\"font-size: 16px; color: #000000;\">IR-anduriga juhitava dimmeriga trafo. <\/span><\/h6>\n<h6 class=\"ng-star-inserted\"><span style=\"font-size: 16px; color: #000000;\">Maksimaalne v\u00f5imsus 30W. <\/span><\/h6>\n<h6 class=\"ng-star-inserted\"><span style=\"font-size: 16px; color: #000000;\">Asetage trafo saunast v\u00e4lja v\u00f5i sauna sisse alumise pingi alla kaitstud kasti. <\/span><\/h6>\n<h6 class=\"ng-star-inserted\"><span style=\"font-size: 16px; color: #000000;\">IR-andur tuleb asetada p\u00f5randast maksimaalselt 100cm ja<\/span><\/h6>\n<h6 class=\"ng-star-inserted\"><span style=\"font-size: 16px; color: #000000;\"> saunakerisest minimaalselt 50cm kaugusele.<\/span><\/h6>\n<h6 class=\"ng-star-inserted\"><span style=\"color: #000000;\"> <span style=\"font-size: 16px;\">Anduri kaabel on kaasas ja on 2000 mm. <\/span><\/span><\/h6>\n<h6 class=\"ng-star-inserted\"><span style=\"color: #000000;\"><span style=\"font-size: 16px;\">Tehnilised andmed:<\/span><\/span><\/h6>\n<p><a href=\"https:\/\/s3-eu-west-1.amazonaws.com\/gung-images-bucket-ireland\/tylo\/pim-item\/90901032\/2900%203250%20IR%20Trafo.pdf\">https:\/\/s3-eu-west-1.amazonaws.com\/gung-images-bucket-ireland\/tylo\/pim-item\/90901032\/2900%203250%20IR%20Trafo.pdf<\/a><\/p>\n<\/div>\n<\/div>\n","protected":false},"excerpt":{"rendered":"<p>IR-anduriga juhitava dimmeriga trafo. Maksimaalne v\u00f5imsus 30W. Asetage trafo saunast v\u00e4lja v\u00f5i sauna sisse alumise pingi alla kaitstud kasti. IR-andur tuleb asetada p\u00f5randast maksimaalselt 100cm ja saunakerisest minimaalselt 50cm kaugusele. Anduri kaabel on kaasas ja on 2000 mm. Tehnilised andmed: https:\/\/s3-eu-west-1.amazonaws.com\/gung-images-bucket-ireland\/tylo\/pim-item\/90901032\/2900%203250%20IR%20Trafo.pdf<\/p>\n","protected":false},"featured_media":13085,"comment_status":"open","ping_status":"closed","template":"","meta":{"_acf_changed":false,"_genesis_hide_title":false,"_genesis_hide_breadcrumbs":false,"_genesis_hide_singular_image":false,"_genesis_hide_footer_widgets":false,"_genesis_custom_body_class":"","_genesis_custom_post_class":"","_genesis_layout":""},"product_brand":[],"product_cat":[372],"product_tag":[],"class_list":{"0":"post-13084","1":"product","2":"type-product","3":"status-publish","4":"has-post-thumbnail","6":"product_cat-tylo-valgustid","7":"entry","8":"override","10":"first","11":"instock","12":"shipping-taxable","13":"purchasable","14":"product-type-simple"},"acf":[],"_links":{"self":[{"href":"https:\/\/koduspa.ee\/ru\/wp-json\/wp\/v2\/product\/13084","targetHints":{"allow":["GET"]}}],"collection":[{"href":"https:\/\/koduspa.ee\/ru\/wp-json\/wp\/v2\/product"}],"about":[{"href":"https:\/\/koduspa.ee\/ru\/wp-json\/wp\/v2\/types\/product"}],"replies":[{"embeddable":true,"href":"https:\/\/koduspa.ee\/ru\/wp-json\/wp\/v2\/comments?post=13084"}],"wp:featuredmedia":[{"embeddable":true,"href":"https:\/\/koduspa.ee\/ru\/wp-json\/wp\/v2\/media\/13085"}],"wp:attachment":[{"href":"https:\/\/koduspa.ee\/ru\/wp-json\/wp\/v2\/media?parent=13084"}],"wp:term":[{"taxonomy":"product_brand","embeddable":true,"href":"https:\/\/koduspa.ee\/ru\/wp-json\/wp\/v2\/product_brand?post=13084"},{"taxonomy":"product_cat","embeddable":true,"href":"https:\/\/koduspa.ee\/ru\/wp-json\/wp\/v2\/product_cat?post=13084"},{"taxonomy":"product_tag","embeddable":true,"href":"https:\/\/koduspa.ee\/ru\/wp-json\/wp\/v2\/product_tag?post=13084"}],"curies":[{"name":"wp","href":"https:\/\/api.w.org\/{rel}","templated":true}]}}