{"id":13052,"date":"2023-03-20T07:55:51","date_gmt":"2023-03-20T07:55:51","guid":{"rendered":"https:\/\/koduspa.ee\/?post_type=product&#038;p=13052"},"modified":"2026-03-13T06:03:29","modified_gmt":"2026-03-13T06:03:29","slug":"aurusauna-aroom-finesse-kummel-5l","status":"publish","type":"product","link":"https:\/\/koduspa.ee\/ru\/pood\/pakkumised\/aurusauna-aroom-finesse-kummel-5l\/","title":{"rendered":"AURUSAUNA AROOM FINESSE KUMMEL 5L"},"content":{"rendered":"<h6><span style=\"color: #000000;\">Kummel on rahustava, l\u00f5\u00f5gastava, kosutava ja harmoniseeriva toimega.<\/span><\/h6>\n<h6><span style=\"color: #000000;\">See emulsioonilahus on hinnaline alternatiiv <\/span><\/h6>\n<h6><span style=\"color: #000000;\">kontsentreeritud aurusauna l\u00f5hnaainetele.<\/span><\/h6>\n<h6><span style=\"color: #000000;\">Aroomidosaatoriga doseerides soovitatav annus 20 m\u00b3 aurusaunale<\/span><\/h6>\n<h6><span style=\"color: #000000;\"> 10-20ml iga 3-5 minuti j\u00e4rel.<\/span><\/h6>\n<h6><span style=\"color: #000000;\">Pakub j\u00e4rgmisi eeliseid:<\/span><br \/>\n<span style=\"color: #000000;\">\u2022 Pikema kasutusea jooksul ei toimu segregatsiooni<\/span><br \/>\n<span style=\"color: #000000;\">\u2022 K\u00f5rgematel s\u00e4ilitustemperatuuridel ei ole segregatsiooni<\/span><br \/>\n<span style=\"color: #000000;\">\u2022 Ei tekita torustikus ummistusi<\/span><br \/>\n<span style=\"color: #000000;\">\u2022 \u00d5rn materjalide suhtes<\/span><br \/>\n<span style=\"color: #000000;\">\u2022 Identne l\u00f5hnaaine paljunemine <\/span><br \/>\n<span style=\"color: #000000;\">\u2022 K\u00f5ik aurusauna emulsioonid segunevad omavahel <\/span><\/h6>\n<h6><span style=\"color: #000000;\">Tootja Chemoform AG Saksamaal.<\/span><\/h6>\n","protected":false},"excerpt":{"rendered":"<p>Kummel on rahustava, l\u00f5\u00f5gastava, kosutava ja harmoniseeriva toimega. See emulsioonilahus on hinnaline alternatiiv kontsentreeritud aurusauna l\u00f5hnaainetele. Aroomidosaatoriga doseerides soovitatav annus 20 m\u00b3 aurusaunale 10-20ml iga 3-5 minuti j\u00e4rel. Pakub j\u00e4rgmisi eeliseid: \u2022 Pikema kasutusea jooksul ei toimu segregatsiooni \u2022 K\u00f5rgematel s\u00e4ilitustemperatuuridel ei ole segregatsiooni \u2022 Ei tekita torustikus ummistusi \u2022 \u00d5rn materjalide suhtes \u2022 Identne [&hellip;]<\/p>\n","protected":false},"featured_media":13053,"comment_status":"open","ping_status":"closed","template":"","meta":{"_acf_changed":false,"_genesis_hide_title":false,"_genesis_hide_breadcrumbs":false,"_genesis_hide_singular_image":false,"_genesis_hide_footer_widgets":false,"_genesis_custom_body_class":"","_genesis_custom_post_class":"","_genesis_layout":""},"product_cat":[171,362],"product_tag":[],"acf":[],"_links":{"self":[{"href":"https:\/\/koduspa.ee\/ru\/wp-json\/wp\/v2\/product\/13052"}],"collection":[{"href":"https:\/\/koduspa.ee\/ru\/wp-json\/wp\/v2\/product"}],"about":[{"href":"https:\/\/koduspa.ee\/ru\/wp-json\/wp\/v2\/types\/product"}],"replies":[{"embeddable":true,"href":"https:\/\/koduspa.ee\/ru\/wp-json\/wp\/v2\/comments?post=13052"}],"wp:featuredmedia":[{"embeddable":true,"href":"https:\/\/koduspa.ee\/ru\/wp-json\/wp\/v2\/media\/13053"}],"wp:attachment":[{"href":"https:\/\/koduspa.ee\/ru\/wp-json\/wp\/v2\/media?parent=13052"}],"wp:term":[{"taxonomy":"product_cat","embeddable":true,"href":"https:\/\/koduspa.ee\/ru\/wp-json\/wp\/v2\/product_cat?post=13052"},{"taxonomy":"product_tag","embeddable":true,"href":"https:\/\/koduspa.ee\/ru\/wp-json\/wp\/v2\/product_tag?post=13052"}],"curies":[{"name":"wp","href":"https:\/\/api.w.org\/{rel}","templated":true}]}}