{"id":13012,"date":"2023-03-16T10:07:22","date_gmt":"2023-03-16T10:07:22","guid":{"rendered":"https:\/\/koduspa.ee\/?post_type=product&#038;p=13012"},"modified":"2026-01-28T07:30:59","modified_gmt":"2026-01-28T07:30:59","slug":"puukeris-kastor-karhu-kodu","status":"publish","type":"product","link":"https:\/\/koduspa.ee\/ru\/pood\/pakkumised-ru\/puukeris-kastor-karhu-kodu\/","title":{"rendered":"PUUKERIS KASTOR KARHU KODU"},"content":{"rendered":"<div class=\"row\">\n<div class=\"col-12\"><\/div>\n<\/div>\n<div class=\"row ng-star-inserted\">\n<div class=\"col-12\">\n<div class=\"row\">\n<div class=\"col-12\">\n<h6 class=\"ng-star-inserted\"><span style=\"color: #000000;\">Puuk\u00fcttega kerise Kastor Karhu Home stiilsed jooned ja<\/span><\/h6>\n<h6 class=\"ng-star-inserted\"><span style=\"color: #000000;\">kroomitud esipaneel sobivad k\u00f5ikidesse saunainterj\u00f6\u00f6ridesse.<\/span><\/h6>\n<h6 class=\"ng-star-inserted\"><span style=\"color: #000000;\">Arukad lahendused toodavad maksimaalse k\u00fcttev\u00f5imsuse v\u00f5imalikult v\u00e4hese puiduga ja<\/span><\/h6>\n<h6 class=\"ng-star-inserted\"><span style=\"color: #000000;\">neil on muljetavaldavad soojust salvestavad omadused.<\/span><\/h6>\n<h6 class=\"ng-star-inserted\"><span style=\"color: #000000;\">Kastor Karhu Home on CE-m\u00e4rgisega keris.<\/span><\/h6>\n<h6 class=\"ng-star-inserted\"><span style=\"color: #000000;\">K\u00f5ik Kastor Karhu kerised on reguleeritavate jalgadega<\/span><\/h6>\n<h6 class=\"ng-star-inserted\"><span style=\"color: #000000;\">ning l\u00f5\u00f5ri suurus on 115 mm.\u00a0<\/span><\/h6>\n<h6 class=\"ng-star-inserted\"><span style=\"color: #000000;\">Lisavarustusena on saadaval toruga veepaak, kaitsesein ja kaitsealus.<\/span><\/h6>\n<h6 class=\"ng-star-inserted\"><span style=\"color: #000000;\">Kastor Karhu Home puuk\u00fcttega keris on ideaalne valik 8-20 m3 saunaruumidesse.<\/span><\/h6>\n<h6 class=\"ng-star-inserted\"><span style=\"color: #000000;\">Mis v\u00f5iks olla l\u00f5\u00f5gastavam kui leekide l\u00f5\u00f5ma vaatamine<\/span><\/h6>\n<h6 class=\"ng-star-inserted\"><span style=\"color: #000000;\"> atmosf\u00e4\u00e4rilise Kastor Karhu soojuses?<\/span><\/h6>\n<h6 class=\"ng-star-inserted\"><span style=\"color: #000000;\">V\u00f5imsus 12kW, kerisekivi 40kg (ei kuulu komplekti),<\/span><\/h6>\n<h6 class=\"ng-star-inserted\"><span style=\"color: #000000;\">kerise m\u00f5\u00f5t S475xL435xK730mm.<\/span><\/h6>\n<h6 class=\"ng-star-inserted\"><span style=\"color: #000000;\">Tehnilised andmed:<\/span><\/h6>\n<h6 class=\"ng-star-inserted\"><a href=\"https:\/\/s3-eu-west-1.amazonaws.com\/gung-images-bucket-ireland\/tylo\/pim-fi\/pim-item\/084152\/Kastor%20Karhu%2020%20%20installation.pdf\">https:\/\/s3-eu-west-1.amazonaws.com\/gung-images-bucket-ireland\/tylo\/pim-fi\/pim-item\/084152\/Kastor%20Karhu%2020%20%20installation.pdf<\/a><\/h6>\n<p><a href=\"https:\/\/s3-eu-west-1.amazonaws.com\/gung-images-bucket-ireland\/tylo\/pim-fi\/pim-item\/084152\/_INSTALLATION%20INSTRUCTIONS%20FOR%20HELO_KASTOR%20PROTECTIVE%20BASE.pdf\">https:\/\/s3-eu-west-1.amazonaws.com\/gung-images-bucket-ireland\/tylo\/pim-fi\/pim-item\/084152\/_INSTALLATION%20INSTRUCTIONS%20FOR%20HELO_KASTOR%20PROTECTIVE%20BASE.pdf<\/a><\/p>\n<p><a href=\"https:\/\/s3-eu-west-1.amazonaws.com\/gung-images-bucket-ireland\/tylo\/pim-fi\/pim-item\/084152\/Warranty%20policy.pdf\">https:\/\/s3-eu-west-1.amazonaws.com\/gung-images-bucket-ireland\/tylo\/pim-fi\/pim-item\/084152\/Warranty%20policy.pdf<\/a><\/p>\n<\/div>\n<\/div>\n<\/div>\n<\/div>\n","protected":false},"excerpt":{"rendered":"<p>Puuk\u00fcttega kerise Kastor Karhu Home stiilsed jooned ja kroomitud esipaneel sobivad k\u00f5ikidesse saunainterj\u00f6\u00f6ridesse. Arukad lahendused toodavad maksimaalse k\u00fcttev\u00f5imsuse v\u00f5imalikult v\u00e4hese puiduga ja neil on muljetavaldavad soojust salvestavad omadused. Kastor Karhu Home on CE-m\u00e4rgisega keris. K\u00f5ik Kastor Karhu kerised on reguleeritavate jalgadega ning l\u00f5\u00f5ri suurus on 115 mm.\u00a0 Lisavarustusena on saadaval toruga veepaak, kaitsesein ja kaitsealus. [&hellip;]<\/p>\n","protected":false},"featured_media":13016,"comment_status":"open","ping_status":"closed","template":"","meta":{"_acf_changed":false,"_genesis_hide_title":false,"_genesis_hide_breadcrumbs":false,"_genesis_hide_singular_image":false,"_genesis_hide_footer_widgets":false,"_genesis_custom_body_class":"","_genesis_custom_post_class":"","_genesis_layout":""},"product_brand":[],"product_cat":[171,70],"product_tag":[],"class_list":{"0":"post-13012","1":"product","2":"type-product","3":"status-publish","4":"has-post-thumbnail","6":"product_cat-pakkumised","7":"product_cat-puukerised","8":"entry","9":"override","11":"first","12":"instock","13":"sale","14":"shipping-taxable","15":"purchasable","16":"product-type-simple"},"acf":[],"_links":{"self":[{"href":"https:\/\/koduspa.ee\/ru\/wp-json\/wp\/v2\/product\/13012","targetHints":{"allow":["GET"]}}],"collection":[{"href":"https:\/\/koduspa.ee\/ru\/wp-json\/wp\/v2\/product"}],"about":[{"href":"https:\/\/koduspa.ee\/ru\/wp-json\/wp\/v2\/types\/product"}],"replies":[{"embeddable":true,"href":"https:\/\/koduspa.ee\/ru\/wp-json\/wp\/v2\/comments?post=13012"}],"wp:featuredmedia":[{"embeddable":true,"href":"https:\/\/koduspa.ee\/ru\/wp-json\/wp\/v2\/media\/13016"}],"wp:attachment":[{"href":"https:\/\/koduspa.ee\/ru\/wp-json\/wp\/v2\/media?parent=13012"}],"wp:term":[{"taxonomy":"product_brand","embeddable":true,"href":"https:\/\/koduspa.ee\/ru\/wp-json\/wp\/v2\/product_brand?post=13012"},{"taxonomy":"product_cat","embeddable":true,"href":"https:\/\/koduspa.ee\/ru\/wp-json\/wp\/v2\/product_cat?post=13012"},{"taxonomy":"product_tag","embeddable":true,"href":"https:\/\/koduspa.ee\/ru\/wp-json\/wp\/v2\/product_tag?post=13012"}],"curies":[{"name":"wp","href":"https:\/\/api.w.org\/{rel}","templated":true}]}}