{"id":12933,"date":"2023-03-13T07:43:11","date_gmt":"2023-03-13T07:43:11","guid":{"rendered":"https:\/\/koduspa.ee\/?post_type=product&#038;p=12933"},"modified":"2024-08-16T06:42:25","modified_gmt":"2024-08-16T06:42:25","slug":"saunasuhkur-passion-225g","status":"publish","type":"product","link":"https:\/\/koduspa.ee\/ru\/pood\/kehahooldus\/saunasuhkur-passion-225g\/","title":{"rendered":"FINESSE SAUNASUHKUR-KEHAKOORIJA PASSION 225g"},"content":{"rendered":"<h6><span style=\"color: #000000;\">Kehakoorija muudab naha v\u00e4rskeks ja terveks. <\/span><\/h6>\n<h6><span style=\"color: #000000;\">Eriti suhkur &#8212;\u00a0 lahustab \u00f5rnalt surnud rakud ja soodustab vereringet. <\/span><\/h6>\n<h6><span style=\"color: #000000;\">Regulaarne kehakoorimine koorimissuhkruga,<\/span><\/h6>\n<h6><span style=\"color: #000000;\"> on p\u00fcsiv m\u00f5ju naha v\u00e4limusele ja heaolule. <\/span><\/h6>\n<h6><span style=\"color: #000000;\">Tootjamaa &#8212; Saksamaa Chemoform AG.<\/span><\/h6>\n<h6><span class=\"jCAhz ChMk0b\" style=\"color: #000000;\"><span class=\"ryNqvb\"><strong>Koostis:<\/strong> Sahharoos, Olus \u00f5li ( Olus \u00f5li on 100% taimse p\u00e4ritoluga<\/span><\/span><\/h6>\n<h6><span class=\"jCAhz ChMk0b\" style=\"color: #000000;\"><span class=\"ryNqvb\"> looduslike trigl\u00fctseriidide segu), <\/span><\/span><span class=\"jCAhz ChMk0b\" style=\"color: #000000;\"><span class=\"ryNqvb\">passioni vili, <\/span><\/span><\/h6>\n<h6><span class=\"jCAhz ChMk0b\" style=\"color: #000000;\"><span class=\"ryNqvb\">parf\u00fc\u00fcm, tokoferool, helianthus annuus (p\u00e4evalille) seemne\u00f5li.<\/span> <\/span><\/h6>\n<h6><span style=\"color: #000000;\"><span class=\"jCAhz ChMk0b\"><span class=\"ryNqvb\"><strong>Kasutamine:<\/strong> H<\/span><\/span><span class=\"jCAhz ChMk0b\"><span class=\"ryNqvb\">\u00f5\u00f5ruge suhkrumass ringjate liigutustega niiskele nahale.<\/span><\/span><\/span><\/h6>\n<h6><span style=\"color: #000000;\"> I<span class=\"jCAhz ChMk0b\"><span class=\"ryNqvb\">deaalne saunas v\u00f5i du\u0161\u0161i all kasutamiseks.<\/span><\/span> <\/span><\/h6>\n<h6><span class=\"jCAhz ChMk0b\" style=\"color: #000000;\"><span class=\"ryNqvb\"><span style=\"color: #ff0000;\">NB!<\/span> Mitte kasutada n\u00e4ol, limaskestadel ega lahtistel haavadel.<\/span><\/span><\/h6>\n","protected":false},"excerpt":{"rendered":"<p>Kehakoorija muudab naha v\u00e4rskeks ja terveks. Eriti suhkur &#8212;\u00a0 lahustab \u00f5rnalt surnud rakud ja soodustab vereringet. Regulaarne kehakoorimine koorimissuhkruga, on p\u00fcsiv m\u00f5ju naha v\u00e4limusele ja heaolule. Tootjamaa &#8212; Saksamaa Chemoform AG. Koostis: Sahharoos, Olus \u00f5li ( Olus \u00f5li on 100% taimse p\u00e4ritoluga looduslike trigl\u00fctseriidide segu), passioni vili, parf\u00fc\u00fcm, tokoferool, helianthus annuus (p\u00e4evalille) seemne\u00f5li. Kasutamine: H\u00f5\u00f5ruge [&hellip;]<\/p>\n","protected":false},"featured_media":12974,"comment_status":"open","ping_status":"closed","template":"","meta":{"_acf_changed":false,"_genesis_hide_title":false,"_genesis_hide_breadcrumbs":false,"_genesis_hide_singular_image":false,"_genesis_hide_footer_widgets":false,"_genesis_custom_body_class":"","_genesis_custom_post_class":"","_genesis_layout":""},"product_brand":[],"product_cat":[365],"product_tag":[],"class_list":{"0":"post-12933","1":"product","2":"type-product","3":"status-publish","4":"has-post-thumbnail","6":"product_cat-kehahooldus","7":"entry","8":"override","10":"first","11":"instock","12":"shipping-taxable","13":"purchasable","14":"product-type-simple"},"acf":[],"_links":{"self":[{"href":"https:\/\/koduspa.ee\/ru\/wp-json\/wp\/v2\/product\/12933","targetHints":{"allow":["GET"]}}],"collection":[{"href":"https:\/\/koduspa.ee\/ru\/wp-json\/wp\/v2\/product"}],"about":[{"href":"https:\/\/koduspa.ee\/ru\/wp-json\/wp\/v2\/types\/product"}],"replies":[{"embeddable":true,"href":"https:\/\/koduspa.ee\/ru\/wp-json\/wp\/v2\/comments?post=12933"}],"wp:featuredmedia":[{"embeddable":true,"href":"https:\/\/koduspa.ee\/ru\/wp-json\/wp\/v2\/media\/12974"}],"wp:attachment":[{"href":"https:\/\/koduspa.ee\/ru\/wp-json\/wp\/v2\/media?parent=12933"}],"wp:term":[{"taxonomy":"product_brand","embeddable":true,"href":"https:\/\/koduspa.ee\/ru\/wp-json\/wp\/v2\/product_brand?post=12933"},{"taxonomy":"product_cat","embeddable":true,"href":"https:\/\/koduspa.ee\/ru\/wp-json\/wp\/v2\/product_cat?post=12933"},{"taxonomy":"product_tag","embeddable":true,"href":"https:\/\/koduspa.ee\/ru\/wp-json\/wp\/v2\/product_tag?post=12933"}],"curies":[{"name":"wp","href":"https:\/\/api.w.org\/{rel}","templated":true}]}}