{"id":12810,"date":"2023-03-10T07:16:53","date_gmt":"2023-03-10T07:16:53","guid":{"rendered":"https:\/\/koduspa.ee\/?post_type=product&#038;p=12810"},"modified":"2025-07-03T08:10:31","modified_gmt":"2025-07-03T08:10:31","slug":"finesse-saunamesi-100ml-tuub","status":"publish","type":"product","link":"https:\/\/koduspa.ee\/ru\/pood\/kehahooldus\/finesse-saunamesi-100ml-tuub\/","title":{"rendered":"FINESSE SAUNAMESI-KREEM 100ml"},"content":{"rendered":"<h6><span style=\"color: #000000;\">Meekreem on \u00a0ilma kooriva efektita. <\/span><\/h6>\n<h6><span style=\"color: #000000;\">Kasutamiseks nahale saunas ja aurusaunas. <\/span><\/h6>\n<h6><span style=\"color: #000000;\">Mesi \u00a0on \u00fcks vanemaid nahahooldustooteid maailmas. <\/span><\/h6>\n<h6><span style=\"color: #000000;\">Mesi muudab naha pehmeks, elastseks ja <\/span><\/h6>\n<h6><span style=\"color: #000000;\">reguleerib loomulikul viisil naha niiskustasakaalu. <\/span><\/h6>\n<h6><span style=\"color: #000000;\">T\u00e4nu k\u00f5rgele suhkrusisaldusele, osmootsele toimele ja <\/span><\/h6>\n<h6><span style=\"color: #000000;\">madalale pH v\u00e4\u00e4rtusele on sellel tugev antibakteriaalne toime. <\/span><\/h6>\n<h6><span style=\"color: #000000;\">Meekreemi olulised komponendid on lisaks meele:<\/span><\/h6>\n<h6><span style=\"color: #000000;\"> taruvaigu kreem, punavetikaekstraktid, t\u00e4hklavendel, <\/span><\/h6>\n<h6><span style=\"color: #000000;\">guaarijahu ja gl\u00fctseriin, mis annavad nahale<\/span><\/h6>\n<h6><span style=\"color: #000000;\"> meeldiva \u00a0sametiselt pehme tunde.<\/span><\/h6>\n<h6><strong><span style=\"color: #000000;\">Kasutamine:<\/span><\/strong><\/h6>\n<h6><span style=\"color: #000000;\"> Sauna v\u00f5i aurusaunas k\u00e4imise ajal kanda 10g kreemi<\/span><\/h6>\n<h6><span style=\"color: #000000;\"> \u00fchtlaselt <\/span><span style=\"color: #000000;\">niiskele ja higistavale kehale. <\/span><\/h6>\n<h6><span style=\"color: #000000;\">Lase kreemil nahal imenduda. <\/span><\/h6>\n<h6><span style=\"color: #000000;\">P\u00e4rast sauna loputage toode hoolikalt \u00a0nahalt.<\/span><\/h6>\n<h6><span style=\"color: #000000;\">Tootja Chemoform AG &#8212;\u00a0 Saksamaa.<\/span><\/h6>\n","protected":false},"excerpt":{"rendered":"<p>Meekreem on \u00a0ilma kooriva efektita. Kasutamiseks nahale saunas ja aurusaunas. Mesi \u00a0on \u00fcks vanemaid nahahooldustooteid maailmas. Mesi muudab naha pehmeks, elastseks ja reguleerib loomulikul viisil naha niiskustasakaalu. T\u00e4nu k\u00f5rgele suhkrusisaldusele, osmootsele toimele ja madalale pH v\u00e4\u00e4rtusele on sellel tugev antibakteriaalne toime. Meekreemi olulised komponendid on lisaks meele: taruvaigu kreem, punavetikaekstraktid, t\u00e4hklavendel, guaarijahu ja gl\u00fctseriin, mis [&hellip;]<\/p>\n","protected":false},"featured_media":12811,"comment_status":"open","ping_status":"closed","template":"","meta":{"_acf_changed":false,"_genesis_hide_title":false,"_genesis_hide_breadcrumbs":false,"_genesis_hide_singular_image":false,"_genesis_hide_footer_widgets":false,"_genesis_custom_body_class":"","_genesis_custom_post_class":"","_genesis_layout":""},"product_brand":[],"product_cat":[365],"product_tag":[],"class_list":{"0":"post-12810","1":"product","2":"type-product","3":"status-publish","4":"has-post-thumbnail","6":"product_cat-kehahooldus","7":"entry","8":"override","10":"first","11":"instock","12":"shipping-taxable","13":"purchasable","14":"product-type-simple"},"acf":[],"_links":{"self":[{"href":"https:\/\/koduspa.ee\/ru\/wp-json\/wp\/v2\/product\/12810","targetHints":{"allow":["GET"]}}],"collection":[{"href":"https:\/\/koduspa.ee\/ru\/wp-json\/wp\/v2\/product"}],"about":[{"href":"https:\/\/koduspa.ee\/ru\/wp-json\/wp\/v2\/types\/product"}],"replies":[{"embeddable":true,"href":"https:\/\/koduspa.ee\/ru\/wp-json\/wp\/v2\/comments?post=12810"}],"wp:featuredmedia":[{"embeddable":true,"href":"https:\/\/koduspa.ee\/ru\/wp-json\/wp\/v2\/media\/12811"}],"wp:attachment":[{"href":"https:\/\/koduspa.ee\/ru\/wp-json\/wp\/v2\/media?parent=12810"}],"wp:term":[{"taxonomy":"product_brand","embeddable":true,"href":"https:\/\/koduspa.ee\/ru\/wp-json\/wp\/v2\/product_brand?post=12810"},{"taxonomy":"product_cat","embeddable":true,"href":"https:\/\/koduspa.ee\/ru\/wp-json\/wp\/v2\/product_cat?post=12810"},{"taxonomy":"product_tag","embeddable":true,"href":"https:\/\/koduspa.ee\/ru\/wp-json\/wp\/v2\/product_tag?post=12810"}],"curies":[{"name":"wp","href":"https:\/\/api.w.org\/{rel}","templated":true}]}}