{"id":12769,"date":"2023-03-01T09:07:12","date_gmt":"2023-03-01T09:07:12","guid":{"rendered":"https:\/\/koduspa.ee\/?post_type=product&#038;p=12769"},"modified":"2024-08-16T06:37:02","modified_gmt":"2024-08-16T06:37:02","slug":"saunasool-aloe-vera-finesse-300g","status":"publish","type":"product","link":"https:\/\/koduspa.ee\/ru\/pood\/kehahooldus\/saunasool-aloe-vera-finesse-300g\/","title":{"rendered":"FINESSE SAUNASOOL-KEHAKOORIJA  ALOE VERA 300g"},"content":{"rendered":"<h6><span style=\"color: #000000;\">Ursalz alpide maa-alustest soolakoobastest kaevandatud sool. <\/span><\/h6>\n<h6><span style=\"color: #000000;\">Koorib ja puhastab naha ning annab meeldiva aroomiteraapilise saunaelamuse. <\/span><\/h6>\n<h6><span style=\"color: #000000;\">Tootjamaa &#8212; Saksamaa Cheroform AG.<\/span><\/h6>\n<h6><span class=\"jCAhz ChMk0b\"><span class=\"ryNqvb\"><strong>Koostis:<\/strong> <\/span><\/span><span class=\"jCAhz ChMk0b\"><span class=\"ryNqvb\">Sool, <\/span><\/span>Olus \u00f5li ( Olus \u00f5li on 100% taimse p\u00e4ritoluga<\/h6>\n<h6>looduslike trigl\u00fctseriidide segu),<\/h6>\n<h6><span class=\"jCAhz ChMk0b\"><span class=\"ryNqvb\">parf\u00fc\u00fcm \u2013 aloe, tokoferool, naatriumferrots\u00fcaniid.<\/span><\/span><\/h6>\n<h6><span class=\"jCAhz ChMk0b\"><span class=\"ryNqvb\"><strong>Kasutamine:<\/strong>\u00a0H<\/span><\/span><span class=\"jCAhz ChMk0b\"><span class=\"ryNqvb\">\u00f5\u00f5ruge soolamass ringjate liigutustega niiskele nahale.<\/span><\/span><\/h6>\n<h6>I<span class=\"jCAhz ChMk0b\"><span class=\"ryNqvb\">deaalne saunas v\u00f5i du\u0161\u0161i all kasutamiseks.<\/span><\/span><\/h6>\n<h6><span class=\"jCAhz ChMk0b\"><span class=\"ryNqvb\"><span style=\"color: #ff0000;\">NB!<\/span>\u00a0Mitte kasutada n\u00e4ol, limaskestadel ega lahtistel haavadel.<\/span><\/span><\/h6>\n","protected":false},"excerpt":{"rendered":"<p>Ursalz alpide maa-alustest soolakoobastest kaevandatud sool. Koorib ja puhastab naha ning annab meeldiva aroomiteraapilise saunaelamuse. Tootjamaa &#8212; Saksamaa Cheroform AG. Koostis: Sool, Olus \u00f5li ( Olus \u00f5li on 100% taimse p\u00e4ritoluga looduslike trigl\u00fctseriidide segu), parf\u00fc\u00fcm \u2013 aloe, tokoferool, naatriumferrots\u00fcaniid. Kasutamine:\u00a0H\u00f5\u00f5ruge soolamass ringjate liigutustega niiskele nahale. Ideaalne saunas v\u00f5i du\u0161\u0161i all kasutamiseks. NB!\u00a0Mitte kasutada n\u00e4ol, limaskestadel [&hellip;]<\/p>\n","protected":false},"featured_media":12770,"comment_status":"open","ping_status":"closed","template":"","meta":{"_acf_changed":false,"_genesis_hide_title":false,"_genesis_hide_breadcrumbs":false,"_genesis_hide_singular_image":false,"_genesis_hide_footer_widgets":false,"_genesis_custom_body_class":"","_genesis_custom_post_class":"","_genesis_layout":""},"product_brand":[],"product_cat":[365],"product_tag":[],"class_list":{"0":"post-12769","1":"product","2":"type-product","3":"status-publish","4":"has-post-thumbnail","6":"product_cat-kehahooldus","7":"entry","8":"override","10":"first","11":"outofstock","12":"shipping-taxable","13":"purchasable","14":"product-type-simple"},"acf":[],"_links":{"self":[{"href":"https:\/\/koduspa.ee\/ru\/wp-json\/wp\/v2\/product\/12769","targetHints":{"allow":["GET"]}}],"collection":[{"href":"https:\/\/koduspa.ee\/ru\/wp-json\/wp\/v2\/product"}],"about":[{"href":"https:\/\/koduspa.ee\/ru\/wp-json\/wp\/v2\/types\/product"}],"replies":[{"embeddable":true,"href":"https:\/\/koduspa.ee\/ru\/wp-json\/wp\/v2\/comments?post=12769"}],"wp:featuredmedia":[{"embeddable":true,"href":"https:\/\/koduspa.ee\/ru\/wp-json\/wp\/v2\/media\/12770"}],"wp:attachment":[{"href":"https:\/\/koduspa.ee\/ru\/wp-json\/wp\/v2\/media?parent=12769"}],"wp:term":[{"taxonomy":"product_brand","embeddable":true,"href":"https:\/\/koduspa.ee\/ru\/wp-json\/wp\/v2\/product_brand?post=12769"},{"taxonomy":"product_cat","embeddable":true,"href":"https:\/\/koduspa.ee\/ru\/wp-json\/wp\/v2\/product_cat?post=12769"},{"taxonomy":"product_tag","embeddable":true,"href":"https:\/\/koduspa.ee\/ru\/wp-json\/wp\/v2\/product_tag?post=12769"}],"curies":[{"name":"wp","href":"https:\/\/api.w.org\/{rel}","templated":true}]}}