{"id":12621,"date":"2023-01-31T13:33:55","date_gmt":"2023-01-31T13:33:55","guid":{"rendered":"https:\/\/koduspa.ee\/?post_type=product&#038;p=12621"},"modified":"2025-01-29T14:34:07","modified_gmt":"2025-01-29T14:34:07","slug":"tahke-saunaaroom-menthol-kristallid-125g","status":"publish","type":"product","link":"https:\/\/koduspa.ee\/ru\/pood\/saunaaroomid-olid-ru\/tahke-saunaaroom-menthol-kristallid-125g\/","title":{"rendered":"FINESSE SAUNAAROOM MENTHOL kristallid 125g"},"content":{"rendered":"<h6><span style=\"color: #000000;\">Kasutamine:<\/span><\/h6>\n<h6><span style=\"color: #000000;\">Roostevabast terasest kauss t\u00e4idetakse m\u00f5ne kristalliga,<\/span><\/h6>\n<h6><span style=\"color: #000000;\">Seej\u00e4rel asetatakse anum kerisekivile v\u00f5i lisatakse leilivette.<\/span><\/h6>\n<ul>\n<li>\n<h6><span style=\"color: #000000;\">kristallid sulavad aeglaselt<\/span><\/h6>\n<\/li>\n<li>\n<h6><span style=\"color: #000000;\">lahustada soojas vees 1 liitri vee kohta 1-2 kristalli<\/span><\/h6>\n<\/li>\n<li>\n<h6><span style=\"color: #000000;\">v\u00f5ib segada ka teiste eeterlike \u00f5lidega<\/span><\/h6>\n<\/li>\n<\/ul>\n<h6><span style=\"color: #000000;\"><span style=\"color: #ff0000;\">NB!<\/span> \u00c4ra kunagi pane saunakerise kividele \u00a0puhast kristalli! <\/span><\/h6>\n<h6><span style=\"color: #000000;\">Liigne kristallide kasutamine \u00e4rritab silmi ja hingamisteid.<\/span><\/h6>\n<h6><span style=\"color: #000000;\">Tootja Chemoform AG &#8212; Saksamaa.<\/span><\/h6>\n","protected":false},"excerpt":{"rendered":"<p>Kasutamine: Roostevabast terasest kauss t\u00e4idetakse m\u00f5ne kristalliga, Seej\u00e4rel asetatakse anum kerisekivile v\u00f5i lisatakse leilivette. kristallid sulavad aeglaselt lahustada soojas vees 1 liitri vee kohta 1-2 kristalli v\u00f5ib segada ka teiste eeterlike \u00f5lidega NB! \u00c4ra kunagi pane saunakerise kividele \u00a0puhast kristalli! Liigne kristallide kasutamine \u00e4rritab silmi ja hingamisteid. Tootja Chemoform AG &#8212; Saksamaa.<\/p>\n","protected":false},"featured_media":16439,"comment_status":"open","ping_status":"closed","template":"","meta":{"_acf_changed":false,"_genesis_hide_title":false,"_genesis_hide_breadcrumbs":false,"_genesis_hide_singular_image":false,"_genesis_hide_footer_widgets":false,"_genesis_custom_body_class":"","_genesis_custom_post_class":"","_genesis_layout":""},"product_brand":[],"product_cat":[362],"product_tag":[],"class_list":{"0":"post-12621","1":"product","2":"type-product","3":"status-publish","4":"has-post-thumbnail","6":"product_cat-saunaaroomid-olid","7":"entry","8":"override","10":"first","11":"instock","12":"shipping-taxable","13":"purchasable","14":"product-type-simple"},"acf":[],"_links":{"self":[{"href":"https:\/\/koduspa.ee\/ru\/wp-json\/wp\/v2\/product\/12621","targetHints":{"allow":["GET"]}}],"collection":[{"href":"https:\/\/koduspa.ee\/ru\/wp-json\/wp\/v2\/product"}],"about":[{"href":"https:\/\/koduspa.ee\/ru\/wp-json\/wp\/v2\/types\/product"}],"replies":[{"embeddable":true,"href":"https:\/\/koduspa.ee\/ru\/wp-json\/wp\/v2\/comments?post=12621"}],"wp:featuredmedia":[{"embeddable":true,"href":"https:\/\/koduspa.ee\/ru\/wp-json\/wp\/v2\/media\/16439"}],"wp:attachment":[{"href":"https:\/\/koduspa.ee\/ru\/wp-json\/wp\/v2\/media?parent=12621"}],"wp:term":[{"taxonomy":"product_brand","embeddable":true,"href":"https:\/\/koduspa.ee\/ru\/wp-json\/wp\/v2\/product_brand?post=12621"},{"taxonomy":"product_cat","embeddable":true,"href":"https:\/\/koduspa.ee\/ru\/wp-json\/wp\/v2\/product_cat?post=12621"},{"taxonomy":"product_tag","embeddable":true,"href":"https:\/\/koduspa.ee\/ru\/wp-json\/wp\/v2\/product_tag?post=12621"}],"curies":[{"name":"wp","href":"https:\/\/api.w.org\/{rel}","templated":true}]}}