{"id":11725,"date":"2022-07-11T09:22:53","date_gmt":"2022-07-11T09:22:53","guid":{"rendered":"https:\/\/koduspa.ee\/?post_type=product&#038;p=11725"},"modified":"2024-04-08T09:19:01","modified_gmt":"2024-04-08T09:19:01","slug":"klaassein-vista","status":"publish","type":"product","link":"https:\/\/koduspa.ee\/ru\/pood\/klaasseinad\/klaassein-vista\/","title":{"rendered":"TYL\u00d6 KLAASSEIN VISTA TELLIMISEL!"},"content":{"rendered":"<div class=\"row\">\n<div class=\"col-12\">\n<h6><span style=\"font-size: 16px; color: #000000;\">KAUP ON TELLIMISEL!<\/span><\/h6>\n<\/div>\n<\/div>\n<div class=\"row ng-star-inserted\">\n<div class=\"col-12\">\n<h6 class=\"mb-1\"><span style=\"color: #000000;\">See t\u00e4hendab, et klaasist esik\u00fclg on kohandatud vastavalt kliendi vajadustele. <\/span><\/h6>\n<h6 class=\"mb-1\"><span style=\"color: #000000;\">Klaasist esik\u00fcljel on m\u00f5ned tingimused ja piirangud: <\/span><\/h6>\n<h6 class=\"mb-1\"><span style=\"color: #000000;\">\u2022 Max laius: 2400 mm<\/span><\/h6>\n<h6 class=\"mb-1\"><span style=\"color: #000000;\"> \u2022 Maksimaalne k\u00f5rgus: 2500 mm <\/span><\/h6>\n<h6 class=\"mb-1\"><span style=\"color: #000000;\">\u2022 Maksimaalne laius parem\/vasak klaas: 1100 mm (&gt; 880 mm vajab spetsiaalset pakendit)<\/span><\/h6>\n<h6 class=\"mb-1\"><span style=\"color: #000000;\"> \u2022 Min. Lai klaas ilma aukudeta: 200mm <\/span><\/h6>\n<h6 class=\"mb-1\"><span style=\"color: #000000;\">\u2022 Hingede s\u00fcvendiga klaasi minimaalne laius: 40% ukseklaasi laiusest<\/span><\/h6>\n<h6 class=\"mb-1\"><span style=\"color: #000000;\"> \u2022 Maksimaalne ukse k\u00f5rgus: 2430mm <\/span><\/h6>\n<h6 class=\"mb-1\"><span style=\"color: #000000;\">\u2022 Maksimaalne k\u00f5rgus parem\/vasak klaas: 2477mm <\/span><\/h6>\n<h6 class=\"mb-1\"><span style=\"color: #000000;\">\u2022 V\u00e4rviline klaas: hall \/ suitsune<\/span><\/h6>\n<h6 class=\"mb-1\"><span style=\"color: #000000;\"> \u2022 Profiilid nt. mustmatt alumiinium<\/span><\/h6>\n<\/div>\n<\/div>\n","protected":false},"excerpt":{"rendered":"<p>KAUP ON TELLIMISEL! See t\u00e4hendab, et klaasist esik\u00fclg on kohandatud vastavalt kliendi vajadustele. Klaasist esik\u00fcljel on m\u00f5ned tingimused ja piirangud: \u2022 Max laius: 2400 mm \u2022 Maksimaalne k\u00f5rgus: 2500 mm \u2022 Maksimaalne laius parem\/vasak klaas: 1100 mm (&gt; 880 mm vajab spetsiaalset pakendit) \u2022 Min. Lai klaas ilma aukudeta: 200mm \u2022 Hingede s\u00fcvendiga klaasi minimaalne [&hellip;]<\/p>\n","protected":false},"featured_media":11726,"comment_status":"open","ping_status":"closed","template":"","meta":{"_acf_changed":false,"_genesis_hide_title":false,"_genesis_hide_breadcrumbs":false,"_genesis_hide_singular_image":false,"_genesis_hide_footer_widgets":false,"_genesis_custom_body_class":"","_genesis_custom_post_class":"","_genesis_layout":""},"product_brand":[],"product_cat":[370],"product_tag":[],"class_list":{"0":"post-11725","1":"product","2":"type-product","3":"status-publish","4":"has-post-thumbnail","6":"product_cat-klaasseinad","7":"entry","8":"override","10":"first","11":"instock","12":"shipping-taxable","13":"purchasable","14":"product-type-simple"},"acf":[],"_links":{"self":[{"href":"https:\/\/koduspa.ee\/ru\/wp-json\/wp\/v2\/product\/11725","targetHints":{"allow":["GET"]}}],"collection":[{"href":"https:\/\/koduspa.ee\/ru\/wp-json\/wp\/v2\/product"}],"about":[{"href":"https:\/\/koduspa.ee\/ru\/wp-json\/wp\/v2\/types\/product"}],"replies":[{"embeddable":true,"href":"https:\/\/koduspa.ee\/ru\/wp-json\/wp\/v2\/comments?post=11725"}],"wp:featuredmedia":[{"embeddable":true,"href":"https:\/\/koduspa.ee\/ru\/wp-json\/wp\/v2\/media\/11726"}],"wp:attachment":[{"href":"https:\/\/koduspa.ee\/ru\/wp-json\/wp\/v2\/media?parent=11725"}],"wp:term":[{"taxonomy":"product_brand","embeddable":true,"href":"https:\/\/koduspa.ee\/ru\/wp-json\/wp\/v2\/product_brand?post=11725"},{"taxonomy":"product_cat","embeddable":true,"href":"https:\/\/koduspa.ee\/ru\/wp-json\/wp\/v2\/product_cat?post=11725"},{"taxonomy":"product_tag","embeddable":true,"href":"https:\/\/koduspa.ee\/ru\/wp-json\/wp\/v2\/product_tag?post=11725"}],"curies":[{"name":"wp","href":"https:\/\/api.w.org\/{rel}","templated":true}]}}