{"id":11468,"date":"2022-06-08T08:36:33","date_gmt":"2022-06-08T08:36:33","guid":{"rendered":"https:\/\/koduspa.ee\/?post_type=product&#038;p=11468"},"modified":"2023-01-09T08:44:02","modified_gmt":"2023-01-09T08:44:02","slug":"peegeldi-huum-steel-kerisele","status":"publish","type":"product","link":"https:\/\/koduspa.ee\/ru\/pood\/huum-elektrikerise-lisatarvikud\/peegeldi-huum-steel-kerisele\/","title":{"rendered":"PEEGELDI HUUM STEEL MINI KERISELE"},"content":{"rendered":"<h6><span style=\"color: #000000;\">T\u00e4nu peegeldi asetamisele kerisele, on v\u00f5imalik saavutada<\/span><\/h6>\n<h6><span style=\"color: #000000;\">seintest poole v\u00e4iksemad ohutuskaugused. <\/span><\/h6>\n<h6><span style=\"color: #000000;\">on valmistatud roostevabast terasest ning paigaldatakse kerise k\u00fcljele. <\/span><\/h6>\n<h6><span style=\"color: #000000;\">Peegeldeid on v\u00f5imalik omavahel \u00fchendada.<\/span><\/h6>\n<p><a href=\"https:\/\/huum.ee\/wp-content\/uploads\/2021\/05\/STEEL_peegeldi_juhend.pdf\">https:\/\/huum.ee\/wp-content\/uploads\/2021\/05\/STEEL_peegeldi_juhend.pdf<\/a><\/p>\n","protected":false},"excerpt":{"rendered":"<p>T\u00e4nu peegeldi asetamisele kerisele, on v\u00f5imalik saavutada seintest poole v\u00e4iksemad ohutuskaugused. on valmistatud roostevabast terasest ning paigaldatakse kerise k\u00fcljele. Peegeldeid on v\u00f5imalik omavahel \u00fchendada. https:\/\/huum.ee\/wp-content\/uploads\/2021\/05\/STEEL_peegeldi_juhend.pdf<\/p>\n","protected":false},"featured_media":11434,"comment_status":"open","ping_status":"closed","template":"","meta":{"_acf_changed":false,"_genesis_hide_title":false,"_genesis_hide_breadcrumbs":false,"_genesis_hide_singular_image":false,"_genesis_hide_footer_widgets":false,"_genesis_custom_body_class":"","_genesis_custom_post_class":"","_genesis_layout":""},"product_cat":[351],"product_tag":[],"acf":[],"_links":{"self":[{"href":"https:\/\/koduspa.ee\/ru\/wp-json\/wp\/v2\/product\/11468"}],"collection":[{"href":"https:\/\/koduspa.ee\/ru\/wp-json\/wp\/v2\/product"}],"about":[{"href":"https:\/\/koduspa.ee\/ru\/wp-json\/wp\/v2\/types\/product"}],"replies":[{"embeddable":true,"href":"https:\/\/koduspa.ee\/ru\/wp-json\/wp\/v2\/comments?post=11468"}],"wp:featuredmedia":[{"embeddable":true,"href":"https:\/\/koduspa.ee\/ru\/wp-json\/wp\/v2\/media\/11434"}],"wp:attachment":[{"href":"https:\/\/koduspa.ee\/ru\/wp-json\/wp\/v2\/media?parent=11468"}],"wp:term":[{"taxonomy":"product_cat","embeddable":true,"href":"https:\/\/koduspa.ee\/ru\/wp-json\/wp\/v2\/product_cat?post=11468"},{"taxonomy":"product_tag","embeddable":true,"href":"https:\/\/koduspa.ee\/ru\/wp-json\/wp\/v2\/product_tag?post=11468"}],"curies":[{"name":"wp","href":"https:\/\/api.w.org\/{rel}","templated":true}]}}