{"id":11441,"date":"2022-06-08T07:45:34","date_gmt":"2022-06-08T07:45:34","guid":{"rendered":"https:\/\/koduspa.ee\/?post_type=product&#038;p=11441"},"modified":"2024-04-03T08:10:06","modified_gmt":"2024-04-03T08:10:06","slug":"uputuskrae-huum-cliff-steel-kerisele","status":"publish","type":"product","link":"https:\/\/koduspa.ee\/ru\/pood\/huum-elektrikerise-lisatarvikud-ru\/uputuskrae-huum-cliff-steel-kerisele\/","title":{"rendered":"UPUTUSKRAE HUUM CLIFF\/STEEL KERISELE"},"content":{"rendered":"<h6><span style=\"color: #000000;\">Uputuskrae on kasulik siis, <\/span><\/h6>\n<h6><span style=\"color: #000000;\">kui plaanid CLIFF\/STEEL kerise paigaldada osaliselt saunalava sisse. <\/span><\/h6>\n<h6><span style=\"color: #000000;\">Uputuskrae on valmistatud roostevabast terasest ja <\/span><\/h6>\n<h6><span style=\"color: #000000;\">see katab kerise \u00fcmber olevad eba\u00fchtlased puidust servad, <\/span><\/h6>\n<h6><span style=\"color: #000000;\">luues puhta ja sileda l\u00f5pptulemuse.<\/span><\/h6>\n<h6><span style=\"color: #000000;\">Uputuskrae sobib j\u00e4rgmistele keristele:<\/span><\/h6>\n<h6><span style=\"color: #000000;\">HUUM CLIFF 6kW<\/span><br \/>\n<span style=\"color: #000000;\">HUUM CLIFF 9kW<\/span><br \/>\n<span style=\"color: #000000;\">HUUM CLIFF 10,5kW<\/span><br \/>\n<span style=\"color: #000000;\">HUUM STEEL 6kW<\/span><br \/>\n<span style=\"color: #000000;\">HUUM STEEL 9kW<\/span><br \/>\n<span style=\"color: #000000;\">HUUM STEEL 10,5kW<\/span><\/h6>\n<p><a href=\"https:\/\/huum.ee\/wp-content\/uploads\/2021\/05\/STEEL_CLIFF_Uputuskrae-juhend.pdf\">https:\/\/huum.ee\/wp-content\/uploads\/2021\/05\/STEEL_CLIFF_Uputuskrae-juhend.pdf<\/a><\/p>\n","protected":false},"excerpt":{"rendered":"<p>Uputuskrae on kasulik siis, kui plaanid CLIFF\/STEEL kerise paigaldada osaliselt saunalava sisse. Uputuskrae on valmistatud roostevabast terasest ja see katab kerise \u00fcmber olevad eba\u00fchtlased puidust servad, luues puhta ja sileda l\u00f5pptulemuse. Uputuskrae sobib j\u00e4rgmistele keristele: HUUM CLIFF 6kW HUUM CLIFF 9kW HUUM CLIFF 10,5kW HUUM STEEL 6kW HUUM STEEL 9kW HUUM STEEL 10,5kW https:\/\/huum.ee\/wp-content\/uploads\/2021\/05\/STEEL_CLIFF_Uputuskrae-juhend.pdf<\/p>\n","protected":false},"featured_media":11442,"comment_status":"open","ping_status":"closed","template":"","meta":{"_acf_changed":false,"_genesis_hide_title":false,"_genesis_hide_breadcrumbs":false,"_genesis_hide_singular_image":false,"_genesis_hide_footer_widgets":false,"_genesis_custom_body_class":"","_genesis_custom_post_class":"","_genesis_layout":""},"product_brand":[],"product_cat":[351],"product_tag":[],"class_list":{"0":"post-11441","1":"product","2":"type-product","3":"status-publish","4":"has-post-thumbnail","6":"product_cat-huum-elektrikerise-lisatarvikud","7":"entry","8":"override","10":"first","11":"instock","12":"shipping-taxable","13":"purchasable","14":"product-type-simple"},"acf":[],"_links":{"self":[{"href":"https:\/\/koduspa.ee\/ru\/wp-json\/wp\/v2\/product\/11441","targetHints":{"allow":["GET"]}}],"collection":[{"href":"https:\/\/koduspa.ee\/ru\/wp-json\/wp\/v2\/product"}],"about":[{"href":"https:\/\/koduspa.ee\/ru\/wp-json\/wp\/v2\/types\/product"}],"replies":[{"embeddable":true,"href":"https:\/\/koduspa.ee\/ru\/wp-json\/wp\/v2\/comments?post=11441"}],"wp:featuredmedia":[{"embeddable":true,"href":"https:\/\/koduspa.ee\/ru\/wp-json\/wp\/v2\/media\/11442"}],"wp:attachment":[{"href":"https:\/\/koduspa.ee\/ru\/wp-json\/wp\/v2\/media?parent=11441"}],"wp:term":[{"taxonomy":"product_brand","embeddable":true,"href":"https:\/\/koduspa.ee\/ru\/wp-json\/wp\/v2\/product_brand?post=11441"},{"taxonomy":"product_cat","embeddable":true,"href":"https:\/\/koduspa.ee\/ru\/wp-json\/wp\/v2\/product_cat?post=11441"},{"taxonomy":"product_tag","embeddable":true,"href":"https:\/\/koduspa.ee\/ru\/wp-json\/wp\/v2\/product_tag?post=11441"}],"curies":[{"name":"wp","href":"https:\/\/api.w.org\/{rel}","templated":true}]}}