{"id":11433,"date":"2022-06-08T07:40:27","date_gmt":"2022-06-08T07:40:27","guid":{"rendered":"https:\/\/koduspa.ee\/?post_type=product&#038;p=11433"},"modified":"2024-04-03T08:08:26","modified_gmt":"2024-04-03T08:08:26","slug":"peegeldi-huum-cliff-kerisele","status":"publish","type":"product","link":"https:\/\/koduspa.ee\/ru\/pood\/huum-elektrikerise-lisatarvikud-ru\/peegeldi-huum-cliff-kerisele\/","title":{"rendered":"PEEGELDI HUUM CLIFF MINI KERISELE"},"content":{"rendered":"<h6 class=\"name\"><span style=\"font-size: 16px; color: #000000;\">T\u00e4nu peegeldi asetamisele kerisele, <\/span><\/h6>\n<h6 class=\"name\"><span style=\"font-size: 16px; color: #000000;\">on v\u00f5imalik saavutada seintest poole v\u00e4iksemad ohutuskaugused. <\/span><\/h6>\n<h6 class=\"name\"><span style=\"font-size: 16px; color: #000000;\">See on valmistatud roostevabast terasest ning paigaldatakse kerise k\u00fcljele. <\/span><\/h6>\n<h6 class=\"name\"><span style=\"font-size: 16px; color: #000000;\">Peegeldeid on v\u00f5imalik omavahel \u00fchendada.<\/span><\/h6>\n<p><a href=\"https:\/\/huum.ee\/wp-content\/uploads\/2021\/05\/CLIFF_peegeldi_juhend.pdf\">https:\/\/huum.ee\/wp-content\/uploads\/2021\/05\/CLIFF_peegeldi_juhend.pdf<\/a><\/p>\n<h6 class=\"name\"><\/h6>\n","protected":false},"excerpt":{"rendered":"<p>T\u00e4nu peegeldi asetamisele kerisele, on v\u00f5imalik saavutada seintest poole v\u00e4iksemad ohutuskaugused. See on valmistatud roostevabast terasest ning paigaldatakse kerise k\u00fcljele. Peegeldeid on v\u00f5imalik omavahel \u00fchendada. https:\/\/huum.ee\/wp-content\/uploads\/2021\/05\/CLIFF_peegeldi_juhend.pdf<\/p>\n","protected":false},"featured_media":11434,"comment_status":"open","ping_status":"closed","template":"","meta":{"_acf_changed":false,"_genesis_hide_title":false,"_genesis_hide_breadcrumbs":false,"_genesis_hide_singular_image":false,"_genesis_hide_footer_widgets":false,"_genesis_custom_body_class":"","_genesis_custom_post_class":"","_genesis_layout":""},"product_brand":[],"product_cat":[351],"product_tag":[],"class_list":{"0":"post-11433","1":"product","2":"type-product","3":"status-publish","4":"has-post-thumbnail","6":"product_cat-huum-elektrikerise-lisatarvikud","7":"entry","8":"override","10":"first","11":"instock","12":"shipping-taxable","13":"purchasable","14":"product-type-simple"},"acf":[],"_links":{"self":[{"href":"https:\/\/koduspa.ee\/ru\/wp-json\/wp\/v2\/product\/11433","targetHints":{"allow":["GET"]}}],"collection":[{"href":"https:\/\/koduspa.ee\/ru\/wp-json\/wp\/v2\/product"}],"about":[{"href":"https:\/\/koduspa.ee\/ru\/wp-json\/wp\/v2\/types\/product"}],"replies":[{"embeddable":true,"href":"https:\/\/koduspa.ee\/ru\/wp-json\/wp\/v2\/comments?post=11433"}],"wp:featuredmedia":[{"embeddable":true,"href":"https:\/\/koduspa.ee\/ru\/wp-json\/wp\/v2\/media\/11434"}],"wp:attachment":[{"href":"https:\/\/koduspa.ee\/ru\/wp-json\/wp\/v2\/media?parent=11433"}],"wp:term":[{"taxonomy":"product_brand","embeddable":true,"href":"https:\/\/koduspa.ee\/ru\/wp-json\/wp\/v2\/product_brand?post=11433"},{"taxonomy":"product_cat","embeddable":true,"href":"https:\/\/koduspa.ee\/ru\/wp-json\/wp\/v2\/product_cat?post=11433"},{"taxonomy":"product_tag","embeddable":true,"href":"https:\/\/koduspa.ee\/ru\/wp-json\/wp\/v2\/product_tag?post=11433"}],"curies":[{"name":"wp","href":"https:\/\/api.w.org\/{rel}","templated":true}]}}