{"id":11402,"date":"2022-06-07T13:04:59","date_gmt":"2022-06-07T13:04:59","guid":{"rendered":"https:\/\/koduspa.ee\/?post_type=product&#038;p=11402"},"modified":"2024-04-03T09:12:43","modified_gmt":"2024-04-03T09:12:43","slug":"soojusvaheti-huum-puukerisele","status":"publish","type":"product","link":"https:\/\/koduspa.ee\/ru\/pood\/huum-puukerise-lisatarvikud-ru\/soojusvaheti-huum-puukerisele\/","title":{"rendered":"SOOJUSVAHETI HUUM PUUKERISELE"},"content":{"rendered":"<h6><span style=\"color: #000000;\">Soojusvaheti sobib kokku k\u00f5igi HUUM puukeristega<\/span><\/h6>\n<h6><span style=\"color: #000000;\"> (saab asetada tagaservale v\u00f5i k\u00fclgmistele servadele) ja<\/span><\/h6>\n<h6><span style=\"color: #000000;\"> see soojendab sauna k\u00fctmisel vett.<\/span><\/h6>\n<h6><span style=\"color: #000000;\">See on valmistatud vastupidavast 4mm terasest ja kaetud kuumakindla v\u00e4rviga.<\/span><\/h6>\n<h6><span style=\"color: #000000;\">Soojusvaheti \u00fchendamiseks veemahutiga on k\u00fcljes \u00be\u201d v\u00e4liskeermega torud.<\/span><\/h6>\n","protected":false},"excerpt":{"rendered":"<p>Soojusvaheti sobib kokku k\u00f5igi HUUM puukeristega (saab asetada tagaservale v\u00f5i k\u00fclgmistele servadele) ja see soojendab sauna k\u00fctmisel vett. See on valmistatud vastupidavast 4mm terasest ja kaetud kuumakindla v\u00e4rviga. Soojusvaheti \u00fchendamiseks veemahutiga on k\u00fcljes \u00be\u201d v\u00e4liskeermega torud.<\/p>\n","protected":false},"featured_media":11403,"comment_status":"open","ping_status":"closed","template":"","meta":{"_acf_changed":false,"_genesis_hide_title":false,"_genesis_hide_breadcrumbs":false,"_genesis_hide_singular_image":false,"_genesis_hide_footer_widgets":false,"_genesis_custom_body_class":"","_genesis_custom_post_class":"","_genesis_layout":""},"product_brand":[],"product_cat":[359],"product_tag":[],"class_list":{"0":"post-11402","1":"product","2":"type-product","3":"status-publish","4":"has-post-thumbnail","6":"product_cat-huum-puukerise-lisatarvikud","7":"entry","8":"override","10":"first","11":"instock","12":"shipping-taxable","13":"purchasable","14":"product-type-simple"},"acf":[],"_links":{"self":[{"href":"https:\/\/koduspa.ee\/ru\/wp-json\/wp\/v2\/product\/11402","targetHints":{"allow":["GET"]}}],"collection":[{"href":"https:\/\/koduspa.ee\/ru\/wp-json\/wp\/v2\/product"}],"about":[{"href":"https:\/\/koduspa.ee\/ru\/wp-json\/wp\/v2\/types\/product"}],"replies":[{"embeddable":true,"href":"https:\/\/koduspa.ee\/ru\/wp-json\/wp\/v2\/comments?post=11402"}],"wp:featuredmedia":[{"embeddable":true,"href":"https:\/\/koduspa.ee\/ru\/wp-json\/wp\/v2\/media\/11403"}],"wp:attachment":[{"href":"https:\/\/koduspa.ee\/ru\/wp-json\/wp\/v2\/media?parent=11402"}],"wp:term":[{"taxonomy":"product_brand","embeddable":true,"href":"https:\/\/koduspa.ee\/ru\/wp-json\/wp\/v2\/product_brand?post=11402"},{"taxonomy":"product_cat","embeddable":true,"href":"https:\/\/koduspa.ee\/ru\/wp-json\/wp\/v2\/product_cat?post=11402"},{"taxonomy":"product_tag","embeddable":true,"href":"https:\/\/koduspa.ee\/ru\/wp-json\/wp\/v2\/product_tag?post=11402"}],"curies":[{"name":"wp","href":"https:\/\/api.w.org\/{rel}","templated":true}]}}