{"id":11386,"date":"2022-06-07T12:46:05","date_gmt":"2022-06-07T12:46:05","guid":{"rendered":"https:\/\/koduspa.ee\/?post_type=product&#038;p=11386"},"modified":"2026-01-14T06:42:56","modified_gmt":"2026-01-14T06:42:56","slug":"hive-wood-kerise-korstnavore","status":"publish","type":"product","link":"https:\/\/koduspa.ee\/ru\/pood\/huum-puukerise-lisatarvikud-ru\/hive-wood-kerise-korstnavore\/","title":{"rendered":"HIVE WOOD KERISE KORSTNAV\u00d5RE"},"content":{"rendered":"<h6><span style=\"color: #000000;\">Korstnav\u00f5re paigaldatakse korstnatoru \u00fcmber kerise peale.<\/span><\/h6>\n<h6><span style=\"color: #000000;\"> Korstnav\u00f5re kasutamisega salvestub torust eralduv kuumus kividesse.<\/span><\/h6>\n<h6><span style=\"color: #000000;\"> Korstnav\u00f5resid saab asetada ka \u00fcksteise otsa.<\/span><\/h6>\n<ul>\n<li>\n<h6><span style=\"color: #000000;\">k\u00f5rgus: 43cm<\/span><\/h6>\n<\/li>\n<li>\n<h6><span style=\"color: #000000;\">l\u00e4bim\u00f5\u00f5t: 30 cm<\/span><\/h6>\n<\/li>\n<li>\n<h6><span style=\"color: #000000;\">mahutab 35-40 kg kive<\/span><\/h6>\n<\/li>\n<li>\n<h6><span style=\"color: #000000;\">sobib k\u00f5ikide HUUM puuk\u00fcttekeristega<\/span><\/h6>\n<\/li>\n<li>\n<h6><span style=\"color: #000000;\">roostevaba teras<\/span><\/h6>\n<\/li>\n<\/ul>\n","protected":false},"excerpt":{"rendered":"<p>Korstnav\u00f5re paigaldatakse korstnatoru \u00fcmber kerise peale. Korstnav\u00f5re kasutamisega salvestub torust eralduv kuumus kividesse. Korstnav\u00f5resid saab asetada ka \u00fcksteise otsa. k\u00f5rgus: 43cm l\u00e4bim\u00f5\u00f5t: 30 cm mahutab 35-40 kg kive sobib k\u00f5ikide HUUM puuk\u00fcttekeristega roostevaba teras<\/p>\n","protected":false},"featured_media":11390,"comment_status":"open","ping_status":"closed","template":"","meta":{"_acf_changed":false,"_genesis_hide_title":false,"_genesis_hide_breadcrumbs":false,"_genesis_hide_singular_image":false,"_genesis_hide_footer_widgets":false,"_genesis_custom_body_class":"","_genesis_custom_post_class":"","_genesis_layout":""},"product_brand":[],"product_cat":[359],"product_tag":[],"class_list":{"0":"post-11386","1":"product","2":"type-product","3":"status-publish","4":"has-post-thumbnail","6":"product_cat-huum-puukerise-lisatarvikud","7":"entry","8":"override","10":"first","11":"instock","12":"shipping-taxable","13":"purchasable","14":"product-type-simple"},"acf":[],"_links":{"self":[{"href":"https:\/\/koduspa.ee\/ru\/wp-json\/wp\/v2\/product\/11386","targetHints":{"allow":["GET"]}}],"collection":[{"href":"https:\/\/koduspa.ee\/ru\/wp-json\/wp\/v2\/product"}],"about":[{"href":"https:\/\/koduspa.ee\/ru\/wp-json\/wp\/v2\/types\/product"}],"replies":[{"embeddable":true,"href":"https:\/\/koduspa.ee\/ru\/wp-json\/wp\/v2\/comments?post=11386"}],"wp:featuredmedia":[{"embeddable":true,"href":"https:\/\/koduspa.ee\/ru\/wp-json\/wp\/v2\/media\/11390"}],"wp:attachment":[{"href":"https:\/\/koduspa.ee\/ru\/wp-json\/wp\/v2\/media?parent=11386"}],"wp:term":[{"taxonomy":"product_brand","embeddable":true,"href":"https:\/\/koduspa.ee\/ru\/wp-json\/wp\/v2\/product_brand?post=11386"},{"taxonomy":"product_cat","embeddable":true,"href":"https:\/\/koduspa.ee\/ru\/wp-json\/wp\/v2\/product_cat?post=11386"},{"taxonomy":"product_tag","embeddable":true,"href":"https:\/\/koduspa.ee\/ru\/wp-json\/wp\/v2\/product_tag?post=11386"}],"curies":[{"name":"wp","href":"https:\/\/api.w.org\/{rel}","templated":true}]}}