{"id":11285,"date":"2022-06-07T09:03:28","date_gmt":"2022-06-07T09:03:28","guid":{"rendered":"https:\/\/koduspa.ee\/?post_type=product&#038;p=11285"},"modified":"2026-01-13T09:36:58","modified_gmt":"2026-01-13T09:36:58","slug":"el-kerise-hive-ohutunnel","status":"publish","type":"product","link":"https:\/\/koduspa.ee\/ru\/pood\/huum-elektrikerise-lisatarvikud-ru\/el-kerise-hive-ohutunnel\/","title":{"rendered":"\u00d5HUTUNNEL HIVE"},"content":{"rendered":"<h6><span style=\"color: #000000;\">\u00d5hutunnel HIVE keristele kiirendab sauna k\u00fctmist 25% v\u00f5rra ja <\/span><\/h6>\n<h6><span style=\"color: #000000;\">pikendab k\u00fcttekehade eluiga. <\/span><\/h6>\n<h6><span style=\"color: #000000;\">See on valmistatud roostevabast terasest ning <\/span><\/h6>\n<h6><span style=\"color: #000000;\">paigaldatakse kerise sisse kivide keskele. <\/span><\/h6>\n<h6><span style=\"color: #000000;\">\u00d5hutunnelit kasutades l\u00e4heb vaja 30 kg v\u00e4hem kerisekive.<\/span><\/h6>\n<ul>\n<li>\n<h6><span style=\"color: #000000;\">sobib k\u00f5ikidele HIVE elektrilistele mudelitele<\/span><\/h6>\n<\/li>\n<li>\n<h6><span style=\"color: #000000;\">l\u00fchem k\u00fctteaeg<\/span><\/h6>\n<\/li>\n<li>\n<h6><span style=\"color: #000000;\">k\u00fcttekehade pikem eluiga<\/span><\/h6>\n<\/li>\n<li>\n<h6><span style=\"color: #000000;\">l\u00e4heb vaja v\u00e4hem kive<\/span><\/h6>\n<\/li>\n<li>\n<h6><span style=\"color: #000000;\">roostevaba teras<\/span><\/h6>\n<\/li>\n<\/ul>\n<p><a href=\"https:\/\/huum.ee\/wp-content\/uploads\/2019\/04\/Air-tunnel_paigaldusjuhend.pdf\">https:\/\/huum.ee\/wp-content\/uploads\/2019\/04\/Air-tunnel_paigaldusjuhend.pdf<\/a><\/p>\n<p>&nbsp;<\/p>\n","protected":false},"excerpt":{"rendered":"<p>\u00d5hutunnel HIVE keristele kiirendab sauna k\u00fctmist 25% v\u00f5rra ja pikendab k\u00fcttekehade eluiga. See on valmistatud roostevabast terasest ning paigaldatakse kerise sisse kivide keskele. \u00d5hutunnelit kasutades l\u00e4heb vaja 30 kg v\u00e4hem kerisekive. sobib k\u00f5ikidele HIVE elektrilistele mudelitele l\u00fchem k\u00fctteaeg k\u00fcttekehade pikem eluiga l\u00e4heb vaja v\u00e4hem kive roostevaba teras https:\/\/huum.ee\/wp-content\/uploads\/2019\/04\/Air-tunnel_paigaldusjuhend.pdf &nbsp;<\/p>\n","protected":false},"featured_media":11286,"comment_status":"open","ping_status":"closed","template":"","meta":{"_acf_changed":false,"_genesis_hide_title":false,"_genesis_hide_breadcrumbs":false,"_genesis_hide_singular_image":false,"_genesis_hide_footer_widgets":false,"_genesis_custom_body_class":"","_genesis_custom_post_class":"","_genesis_layout":""},"product_brand":[],"product_cat":[351],"product_tag":[],"class_list":{"0":"post-11285","1":"product","2":"type-product","3":"status-publish","4":"has-post-thumbnail","6":"product_cat-huum-elektrikerise-lisatarvikud","7":"entry","8":"override","10":"first","11":"instock","12":"shipping-taxable","13":"purchasable","14":"product-type-simple"},"acf":[],"_links":{"self":[{"href":"https:\/\/koduspa.ee\/ru\/wp-json\/wp\/v2\/product\/11285","targetHints":{"allow":["GET"]}}],"collection":[{"href":"https:\/\/koduspa.ee\/ru\/wp-json\/wp\/v2\/product"}],"about":[{"href":"https:\/\/koduspa.ee\/ru\/wp-json\/wp\/v2\/types\/product"}],"replies":[{"embeddable":true,"href":"https:\/\/koduspa.ee\/ru\/wp-json\/wp\/v2\/comments?post=11285"}],"wp:featuredmedia":[{"embeddable":true,"href":"https:\/\/koduspa.ee\/ru\/wp-json\/wp\/v2\/media\/11286"}],"wp:attachment":[{"href":"https:\/\/koduspa.ee\/ru\/wp-json\/wp\/v2\/media?parent=11285"}],"wp:term":[{"taxonomy":"product_brand","embeddable":true,"href":"https:\/\/koduspa.ee\/ru\/wp-json\/wp\/v2\/product_brand?post=11285"},{"taxonomy":"product_cat","embeddable":true,"href":"https:\/\/koduspa.ee\/ru\/wp-json\/wp\/v2\/product_cat?post=11285"},{"taxonomy":"product_tag","embeddable":true,"href":"https:\/\/koduspa.ee\/ru\/wp-json\/wp\/v2\/product_tag?post=11285"}],"curies":[{"name":"wp","href":"https:\/\/api.w.org\/{rel}","templated":true}]}}