{"id":11271,"date":"2022-06-07T08:52:01","date_gmt":"2022-06-07T08:52:01","guid":{"rendered":"https:\/\/koduspa.ee\/?post_type=product&#038;p=11271"},"modified":"2026-01-13T09:22:59","modified_gmt":"2026-01-13T09:22:59","slug":"el-kerise-hive-mini-uputuskrae","status":"publish","type":"product","link":"https:\/\/koduspa.ee\/ru\/pood\/huum-elektrikerise-lisatarvikud-ru\/el-kerise-hive-mini-uputuskrae\/","title":{"rendered":"EL.KERISE HIVE MINI UPUTUSKRAE"},"content":{"rendered":"<h6><span style=\"color: #000000;\">Uputuskrae on kasulik siis, <\/span><\/h6>\n<h6><span style=\"color: #000000;\">kui plaanid enda HIVE kerise paigaldada osaliselt saunalava sisse. <\/span><\/h6>\n<h6><span style=\"color: #000000;\">Uputuskrae on valmistatud roostevabast terasest ja <\/span><\/h6>\n<h6><span style=\"color: #000000;\">see katab kerise \u00fcmber olevad eba\u00fchtlased puidust servad, <\/span><\/h6>\n<h6><span style=\"color: #000000;\">luues puhta ja sileda l\u00f5pptulemuse.<\/span><\/h6>\n<h6><span style=\"color: #000000;\">L\u00e4bim\u00f5\u00f5t \u00d8\u00a0 46,5 cm, \u00d8 62,5 cm.<\/span><\/h6>\n<p><a href=\"https:\/\/huum.ee\/wp-content\/uploads\/2019\/04\/HIVE_uputuskrae_juhend.pdf\">https:\/\/huum.ee\/wp-content\/uploads\/2019\/04\/HIVE_uputuskrae_juhend.pdf<\/a><\/p>\n","protected":false},"excerpt":{"rendered":"<p>Uputuskrae on kasulik siis, kui plaanid enda HIVE kerise paigaldada osaliselt saunalava sisse. Uputuskrae on valmistatud roostevabast terasest ja see katab kerise \u00fcmber olevad eba\u00fchtlased puidust servad, luues puhta ja sileda l\u00f5pptulemuse. L\u00e4bim\u00f5\u00f5t \u00d8\u00a0 46,5 cm, \u00d8 62,5 cm. https:\/\/huum.ee\/wp-content\/uploads\/2019\/04\/HIVE_uputuskrae_juhend.pdf<\/p>\n","protected":false},"featured_media":11279,"comment_status":"open","ping_status":"closed","template":"","meta":{"_acf_changed":false,"_genesis_hide_title":false,"_genesis_hide_breadcrumbs":false,"_genesis_hide_singular_image":false,"_genesis_hide_footer_widgets":false,"_genesis_custom_body_class":"","_genesis_custom_post_class":"","_genesis_layout":""},"product_brand":[],"product_cat":[351],"product_tag":[],"class_list":{"0":"post-11271","1":"product","2":"type-product","3":"status-publish","4":"has-post-thumbnail","6":"product_cat-huum-elektrikerise-lisatarvikud","7":"entry","8":"override","10":"first","11":"instock","12":"shipping-taxable","13":"purchasable","14":"product-type-simple"},"acf":[],"_links":{"self":[{"href":"https:\/\/koduspa.ee\/ru\/wp-json\/wp\/v2\/product\/11271","targetHints":{"allow":["GET"]}}],"collection":[{"href":"https:\/\/koduspa.ee\/ru\/wp-json\/wp\/v2\/product"}],"about":[{"href":"https:\/\/koduspa.ee\/ru\/wp-json\/wp\/v2\/types\/product"}],"replies":[{"embeddable":true,"href":"https:\/\/koduspa.ee\/ru\/wp-json\/wp\/v2\/comments?post=11271"}],"wp:featuredmedia":[{"embeddable":true,"href":"https:\/\/koduspa.ee\/ru\/wp-json\/wp\/v2\/media\/11279"}],"wp:attachment":[{"href":"https:\/\/koduspa.ee\/ru\/wp-json\/wp\/v2\/media?parent=11271"}],"wp:term":[{"taxonomy":"product_brand","embeddable":true,"href":"https:\/\/koduspa.ee\/ru\/wp-json\/wp\/v2\/product_brand?post=11271"},{"taxonomy":"product_cat","embeddable":true,"href":"https:\/\/koduspa.ee\/ru\/wp-json\/wp\/v2\/product_cat?post=11271"},{"taxonomy":"product_tag","embeddable":true,"href":"https:\/\/koduspa.ee\/ru\/wp-json\/wp\/v2\/product_tag?post=11271"}],"curies":[{"name":"wp","href":"https:\/\/api.w.org\/{rel}","templated":true}]}}