{"id":11252,"date":"2022-06-07T08:26:09","date_gmt":"2022-06-07T08:26:09","guid":{"rendered":"https:\/\/koduspa.ee\/?post_type=product&#038;p=11252"},"modified":"2026-01-13T09:21:27","modified_gmt":"2026-01-13T09:21:27","slug":"kaitsepiire-hive-mini","status":"publish","type":"product","link":"https:\/\/koduspa.ee\/ru\/pood\/huum-elektrikerise-lisatarvikud-ru\/kaitsepiire-hive-mini\/","title":{"rendered":"EL.KERISE HIVE MINI KAITSEPIIRE"},"content":{"rendered":"<h6><span style=\"color: #000000;\">Kaitsepiire HIVE elektrikeristele aitab hoiduda <\/span><\/h6>\n<h6><span style=\"color: #000000;\">kogemata kuuma kerise vastu puutumast. <\/span><\/h6>\n<h6><span style=\"color: #000000;\">See koosneb heledast puidust valmistatud kaartest ning <\/span><\/h6>\n<h6><span style=\"color: #000000;\">roostevabast terasest valmistatud kinnitustest, <\/span><\/h6>\n<h6><span style=\"color: #000000;\">millega kaared kerise k\u00fclge kinnitada. <\/span><\/h6>\n<h6><span style=\"color: #000000;\">Kaitsepiire on hea viis saunas k\u00e4iku veelgi ohutumaks muuta,<\/span><\/h6>\n<h6><span style=\"color: #000000;\">samas ka kerisele stiili lisada.<\/span><\/h6>\n<h6><span style=\"color: #000000;\">L\u00e4bim\u00f5\u00f5duga \u00d8 555 mm.<\/span><\/h6>\n<h6><span style=\"color: #000000;\">NB! Kasutamiseks ainult HUUM elektrikeristega.<\/span><\/h6>\n<p><a href=\"https:\/\/huum.ee\/wp-content\/uploads\/2019\/04\/Hive_Kaitsepiire_juhend.pdf\">https:\/\/huum.ee\/wp-content\/uploads\/2019\/04\/Hive_Kaitsepiire_juhend.pdf<\/a><\/p>\n","protected":false},"excerpt":{"rendered":"<p>Kaitsepiire HIVE elektrikeristele aitab hoiduda kogemata kuuma kerise vastu puutumast. See koosneb heledast puidust valmistatud kaartest ning roostevabast terasest valmistatud kinnitustest, millega kaared kerise k\u00fclge kinnitada. Kaitsepiire on hea viis saunas k\u00e4iku veelgi ohutumaks muuta, samas ka kerisele stiili lisada. L\u00e4bim\u00f5\u00f5duga \u00d8 555 mm. NB! Kasutamiseks ainult HUUM elektrikeristega. https:\/\/huum.ee\/wp-content\/uploads\/2019\/04\/Hive_Kaitsepiire_juhend.pdf<\/p>\n","protected":false},"featured_media":11300,"comment_status":"open","ping_status":"closed","template":"","meta":{"_acf_changed":false,"_genesis_hide_title":false,"_genesis_hide_breadcrumbs":false,"_genesis_hide_singular_image":false,"_genesis_hide_footer_widgets":false,"_genesis_custom_body_class":"","_genesis_custom_post_class":"","_genesis_layout":""},"product_brand":[],"product_cat":[351],"product_tag":[],"class_list":{"0":"post-11252","1":"product","2":"type-product","3":"status-publish","4":"has-post-thumbnail","6":"product_cat-huum-elektrikerise-lisatarvikud","7":"entry","8":"override","10":"first","11":"instock","12":"shipping-taxable","13":"purchasable","14":"product-type-simple"},"acf":[],"_links":{"self":[{"href":"https:\/\/koduspa.ee\/ru\/wp-json\/wp\/v2\/product\/11252","targetHints":{"allow":["GET"]}}],"collection":[{"href":"https:\/\/koduspa.ee\/ru\/wp-json\/wp\/v2\/product"}],"about":[{"href":"https:\/\/koduspa.ee\/ru\/wp-json\/wp\/v2\/types\/product"}],"replies":[{"embeddable":true,"href":"https:\/\/koduspa.ee\/ru\/wp-json\/wp\/v2\/comments?post=11252"}],"wp:featuredmedia":[{"embeddable":true,"href":"https:\/\/koduspa.ee\/ru\/wp-json\/wp\/v2\/media\/11300"}],"wp:attachment":[{"href":"https:\/\/koduspa.ee\/ru\/wp-json\/wp\/v2\/media?parent=11252"}],"wp:term":[{"taxonomy":"product_brand","embeddable":true,"href":"https:\/\/koduspa.ee\/ru\/wp-json\/wp\/v2\/product_brand?post=11252"},{"taxonomy":"product_cat","embeddable":true,"href":"https:\/\/koduspa.ee\/ru\/wp-json\/wp\/v2\/product_cat?post=11252"},{"taxonomy":"product_tag","embeddable":true,"href":"https:\/\/koduspa.ee\/ru\/wp-json\/wp\/v2\/product_tag?post=11252"}],"curies":[{"name":"wp","href":"https:\/\/api.w.org\/{rel}","templated":true}]}}