{"id":11123,"date":"2022-05-30T13:03:35","date_gmt":"2022-05-30T13:03:35","guid":{"rendered":"https:\/\/koduspa.ee\/?post_type=product&#038;p=11123"},"modified":"2026-01-13T09:27:15","modified_gmt":"2026-01-13T09:27:15","slug":"elektrikeris-huum-hive-mini-6kw","status":"publish","type":"product","link":"https:\/\/koduspa.ee\/ru\/pood\/huum-elektrikerised-ru\/elektrikeris-huum-hive-mini-6kw\/","title":{"rendered":"ELEKTRIKERIS HUUM HIVE MINI 6kW"},"content":{"rendered":"<h6><span style=\"color: #000000;\">HIVE Mini elektrikeris on saledam versioon HIVE kerisest. <\/span><\/h6>\n<h6><span style=\"color: #000000;\">Kui HIVE on m\u00f5eldud suurematele saunadele ja<\/span><\/h6>\n<h6><span style=\"color: #000000;\"> mahutab kuni 270 kg kive, siis HIVE Mini mahutab kuni 170 kg kive ja <\/span><\/h6>\n<h6><span style=\"color: #000000;\">sobib h\u00e4sti v\u00e4iksematele saunadele.<\/span><\/h6>\n<h6><span style=\"color: #000000;\">Saunaruumile 5-8 m\u00b3<\/span><\/h6>\n<h6><span style=\"color: #000000;\">Kivide mahutavus 170 kg<\/span><\/h6>\n<h6><span style=\"color: #000000;\">Kerise m\u00f5\u00f5r: K750xd460m<\/span><\/h6>\n<h6><span style=\"color: #000000;\">V\u00d5IMSUS:<\/span><\/h6>\n<h6><span style=\"color: #000000;\">Kaitse 10 A<\/span><\/h6>\n<h6><span style=\"color: #000000;\">Toitepinge, 3-faasiline 400 V 3N<\/span><\/h6>\n<h6><span style=\"color: #000000;\">Toitekaabel 5 x 2,5 (N x mm\u00b2)<\/span><\/h6>\n<h6><span style=\"color: #000000;\">230V 1N \u00fchenduse korral tehakse \u00fchendus analoogselt 3-faasiga. <\/span><\/h6>\n<h6><span style=\"color: #000000;\">K\u00fctteringide jaotamine peab olema tehtud enne kaitsel\u00fclitust. <\/span><\/h6>\n<h6><span style=\"color: #000000;\">Kerisekivi ja juhtpult ei kuulu komplekti.<\/span><\/h6>\n<h6 class=\"sub-title\"><span style=\"color: #000000;\">OHUTUSKAUGUSED vt. kasutusjuhend.<\/span><\/h6>\n<h6><a href=\"https:\/\/huum.ee\/wp-content\/uploads\/2019\/04\/HIVE_User_Manual_2022.pdf\">https:\/\/huum.ee\/wp-content\/uploads\/2019\/04\/HIVE_User_Manual_2022.pdf<\/a><\/h6>\n<ul>\n<li style=\"list-style-type: none;\"><\/li>\n<\/ul>\n<p>&nbsp;<\/p>\n","protected":false},"excerpt":{"rendered":"<p>HIVE Mini elektrikeris on saledam versioon HIVE kerisest. Kui HIVE on m\u00f5eldud suurematele saunadele ja mahutab kuni 270 kg kive, siis HIVE Mini mahutab kuni 170 kg kive ja sobib h\u00e4sti v\u00e4iksematele saunadele. Saunaruumile 5-8 m\u00b3 Kivide mahutavus 170 kg Kerise m\u00f5\u00f5r: K750xd460m V\u00d5IMSUS: Kaitse 10 A Toitepinge, 3-faasiline 400 V 3N Toitekaabel 5 x [&hellip;]<\/p>\n","protected":false},"featured_media":11133,"comment_status":"open","ping_status":"closed","template":"","meta":{"_acf_changed":false,"_genesis_hide_title":false,"_genesis_hide_breadcrumbs":false,"_genesis_hide_singular_image":false,"_genesis_hide_footer_widgets":false,"_genesis_custom_body_class":"","_genesis_custom_post_class":"","_genesis_layout":""},"product_brand":[],"product_cat":[350],"product_tag":[],"class_list":{"0":"post-11123","1":"product","2":"type-product","3":"status-publish","4":"has-post-thumbnail","6":"product_cat-huum-elektrikerised","7":"entry","8":"override","10":"first","11":"instock","12":"shipping-taxable","13":"purchasable","14":"product-type-simple"},"acf":[],"_links":{"self":[{"href":"https:\/\/koduspa.ee\/ru\/wp-json\/wp\/v2\/product\/11123","targetHints":{"allow":["GET"]}}],"collection":[{"href":"https:\/\/koduspa.ee\/ru\/wp-json\/wp\/v2\/product"}],"about":[{"href":"https:\/\/koduspa.ee\/ru\/wp-json\/wp\/v2\/types\/product"}],"replies":[{"embeddable":true,"href":"https:\/\/koduspa.ee\/ru\/wp-json\/wp\/v2\/comments?post=11123"}],"wp:featuredmedia":[{"embeddable":true,"href":"https:\/\/koduspa.ee\/ru\/wp-json\/wp\/v2\/media\/11133"}],"wp:attachment":[{"href":"https:\/\/koduspa.ee\/ru\/wp-json\/wp\/v2\/media?parent=11123"}],"wp:term":[{"taxonomy":"product_brand","embeddable":true,"href":"https:\/\/koduspa.ee\/ru\/wp-json\/wp\/v2\/product_brand?post=11123"},{"taxonomy":"product_cat","embeddable":true,"href":"https:\/\/koduspa.ee\/ru\/wp-json\/wp\/v2\/product_cat?post=11123"},{"taxonomy":"product_tag","embeddable":true,"href":"https:\/\/koduspa.ee\/ru\/wp-json\/wp\/v2\/product_tag?post=11123"}],"curies":[{"name":"wp","href":"https:\/\/api.w.org\/{rel}","templated":true}]}}