{"id":11108,"date":"2022-05-30T12:14:42","date_gmt":"2022-05-30T12:14:42","guid":{"rendered":"https:\/\/koduspa.ee\/?post_type=product&#038;p=11108"},"modified":"2026-01-13T08:54:55","modified_gmt":"2026-01-13T08:54:55","slug":"juhtpult-uku-wi-fi-black","status":"publish","type":"product","link":"https:\/\/koduspa.ee\/ru\/pood\/juhtpaneelid-ru\/juhtpult-uku-wi-fi-black\/","title":{"rendered":"HUUM JUHTPANEEL UKU WIFI CLASSIC MUST"},"content":{"rendered":"<h6><span style=\"color: #000000;\">UKU Wi-Fi sauna juhtpuldiga on sauna k\u00fctmine lihtne ja mugav. <\/span><\/h6>\n<h6><span style=\"color: #000000;\">UKU Wi-Fi v\u00f5imaldab sauna k\u00fctta nii puldist kui<\/span><span style=\"color: #000000;\"> ka.<\/span><\/h6>\n<h6><span style=\"color: #000000;\">HUUMi mobiilirakendusest. Mobiilirakenduse kasutamiseks<\/span><\/h6>\n<h6><span style=\"color: #000000;\"> tuleb pult \u00fchendada Wi-Fi v\u00f5rku. <\/span><\/h6>\n<h6><span style=\"color: #000000;\">Meeldiva ja turvalise saunakogemuse pakkumiseks on<\/span><\/h6>\n<h6><span style=\"color: #000000;\"> UKU Wi-Fi varustatud mitmete lisadega.<\/span><\/h6>\n<h6><span style=\"color: #000000;\"> Pulti saab kasutada erinevate tootjate elektrikeristega.<\/span><\/h6>\n<ul>\n<li>\n<h6><span style=\"color: #000000;\">sobib keristele kuni 18 kW<\/span><\/h6>\n<\/li>\n<li>\n<h6><span style=\"color: #000000;\">kaugjuhtimine mobiilirakendusest<\/span><\/h6>\n<\/li>\n<li>\n<h6><span style=\"color: #000000;\">\u00fchendatav valguse\/ventilatsiooni ja aurutiga<\/span><\/h6>\n<\/li>\n<li>\n<h6><span style=\"color: #000000;\">\u00fclekuumenemiskaitse<\/span><\/h6>\n<\/li>\n<li>\n<h6><span style=\"color: #000000;\">taimer<\/span><\/h6>\n<\/li>\n<li>\n<h6><span style=\"color: #000000;\">lapselukk<\/span><\/h6>\n<\/li>\n<\/ul>\n<h6 class=\"sub-title\"><span style=\"color: #000000;\">JUHTPULT:<\/span><\/h6>\n<h6><span style=\"color: #000000;\">Temperatuur 40-110 \u00baC<\/span><\/h6>\n<h6><span style=\"color: #000000;\">Keristele kuni 18 kW<\/span><\/h6>\n<h6><span style=\"color: #000000;\">Toitepinge 400 V 3N; 230 V 1N<\/span><\/h6>\n<h6><span style=\"color: #000000;\">K\u00fctteaeg 3h; 8h; 12h<\/span><\/h6>\n<h6 class=\"sub-title\"><span style=\"color: #000000;\">KOMPLEKT SISALDAB:<\/span><\/h6>\n<h6><span style=\"color: #000000;\">Juhtpaneeli (105 x 55 x 22 mm)<\/span><\/h6>\n<h6><span style=\"color: #000000;\">Juhtpaneeli kaablit (3 m; 4 x 0,34 mm\u00b2 )<\/span><\/h6>\n<h6><span style=\"color: #000000;\">Peamoodulit (142 x 90 x 58 mm)<\/span><\/h6>\n<h6><span style=\"color: #000000;\">Termoandurit<\/span><\/h6>\n<h6><span style=\"color: #000000;\">Termo-\/ukseanduri kaablit (5 + 5m; 2 x 0,22 mm\u00b2)<\/span><\/h6>\n<h6><span style=\"color: #000000;\"> Vt. ka kasutusjuhend:<\/span><\/h6>\n<p><a href=\"https:\/\/huum.ee\/wp-content\/uploads\/2019\/05\/UKU_User_Manual_2022.pdf\">https:\/\/huum.ee\/wp-content\/uploads\/2019\/05\/UKU_User_Manual_2022.pdf<\/a><\/p>\n","protected":false},"excerpt":{"rendered":"<p>UKU Wi-Fi sauna juhtpuldiga on sauna k\u00fctmine lihtne ja mugav. UKU Wi-Fi v\u00f5imaldab sauna k\u00fctta nii puldist kui ka. HUUMi mobiilirakendusest. Mobiilirakenduse kasutamiseks tuleb pult \u00fchendada Wi-Fi v\u00f5rku. Meeldiva ja turvalise saunakogemuse pakkumiseks on UKU Wi-Fi varustatud mitmete lisadega. Pulti saab kasutada erinevate tootjate elektrikeristega. sobib keristele kuni 18 kW kaugjuhtimine mobiilirakendusest \u00fchendatav valguse\/ventilatsiooni ja [&hellip;]<\/p>\n","protected":false},"featured_media":11089,"comment_status":"open","ping_status":"closed","template":"","meta":{"_acf_changed":false,"_genesis_hide_title":false,"_genesis_hide_breadcrumbs":false,"_genesis_hide_singular_image":false,"_genesis_hide_footer_widgets":false,"_genesis_custom_body_class":"","_genesis_custom_post_class":"","_genesis_layout":""},"product_brand":[],"product_cat":[183],"product_tag":[],"class_list":{"0":"post-11108","1":"product","2":"type-product","3":"status-publish","4":"has-post-thumbnail","6":"product_cat-juhtpaneelid","7":"entry","8":"override","10":"first","11":"instock","12":"shipping-taxable","13":"purchasable","14":"product-type-simple"},"acf":[],"_links":{"self":[{"href":"https:\/\/koduspa.ee\/ru\/wp-json\/wp\/v2\/product\/11108","targetHints":{"allow":["GET"]}}],"collection":[{"href":"https:\/\/koduspa.ee\/ru\/wp-json\/wp\/v2\/product"}],"about":[{"href":"https:\/\/koduspa.ee\/ru\/wp-json\/wp\/v2\/types\/product"}],"replies":[{"embeddable":true,"href":"https:\/\/koduspa.ee\/ru\/wp-json\/wp\/v2\/comments?post=11108"}],"wp:featuredmedia":[{"embeddable":true,"href":"https:\/\/koduspa.ee\/ru\/wp-json\/wp\/v2\/media\/11089"}],"wp:attachment":[{"href":"https:\/\/koduspa.ee\/ru\/wp-json\/wp\/v2\/media?parent=11108"}],"wp:term":[{"taxonomy":"product_brand","embeddable":true,"href":"https:\/\/koduspa.ee\/ru\/wp-json\/wp\/v2\/product_brand?post=11108"},{"taxonomy":"product_cat","embeddable":true,"href":"https:\/\/koduspa.ee\/ru\/wp-json\/wp\/v2\/product_cat?post=11108"},{"taxonomy":"product_tag","embeddable":true,"href":"https:\/\/koduspa.ee\/ru\/wp-json\/wp\/v2\/product_tag?post=11108"}],"curies":[{"name":"wp","href":"https:\/\/api.w.org\/{rel}","templated":true}]}}