{"id":11093,"date":"2022-05-30T11:08:41","date_gmt":"2022-05-30T11:08:41","guid":{"rendered":"https:\/\/koduspa.ee\/?post_type=product&#038;p=11093"},"modified":"2026-01-13T09:42:17","modified_gmt":"2026-01-13T09:42:17","slug":"kerisekivi-hall-umar-15kg-3-5cm","status":"publish","type":"product","link":"https:\/\/koduspa.ee\/ru\/pood\/huum-elektrikerise-lisatarvikud-ru\/kerisekivi-hall-umar-15kg-3-5cm\/","title":{"rendered":"KERISEKIVI HALL \u00dcMAR 15kg (3 &#8212; 5cm)"},"content":{"rendered":"<div class=\"best-experience\"><\/div>\n<div class=\"best-experience\">\n<h6 class=\"bold_first title\"><span style=\"color: #000000;\">Soovitame HUUMi keristes kasutada \u00fcmaraid kive, <\/span><\/h6>\n<h6 class=\"bold_first title\"><span style=\"color: #000000;\">mis t\u00e4iendavad kerise disaini ja pakuvad mahedamat leili. <\/span><\/h6>\n<h6 class=\"bold_first title\"><span style=\"color: #000000;\">Meie tootevalikus on \u00fcmarad oliviindiabaasist kivid <\/span><\/h6>\n<h6 class=\"bold_first title\"><span style=\"color: #000000;\">kahes erinevas suurusvahemikus: 3-5 cm ja 5-10 cm.<\/span><\/h6>\n<h6 class=\"bold_first title\"><span style=\"color: #000000;\"> Kivid on vastupidavad ja suure soojusmahutavusega. <\/span><\/h6>\n<h6 class=\"bold_first title\"><span style=\"color: #000000;\">HUUMi keristes v\u00f5ib kasutada ka muid kive, v\u00e4lja arvatud dekoratiivseid kive, <\/span><\/h6>\n<h6 class=\"bold_first title\"><span style=\"color: #000000;\">kuna need v\u00f5ivad kergesti puruneda.<\/span><\/h6>\n<div class=\"after-title\"><\/div>\n<div class=\"images odd \">\n<div class=\"items\">\n<div class=\"item\">\n<div class=\"image\"><\/div>\n<div class=\"signature\">\n<div class=\"title\"><\/div>\n<\/div>\n<\/div>\n<\/div>\n<\/div>\n<\/div>\n","protected":false},"excerpt":{"rendered":"<p>Soovitame HUUMi keristes kasutada \u00fcmaraid kive, mis t\u00e4iendavad kerise disaini ja pakuvad mahedamat leili. Meie tootevalikus on \u00fcmarad oliviindiabaasist kivid kahes erinevas suurusvahemikus: 3-5 cm ja 5-10 cm. Kivid on vastupidavad ja suure soojusmahutavusega. HUUMi keristes v\u00f5ib kasutada ka muid kive, v\u00e4lja arvatud dekoratiivseid kive, kuna need v\u00f5ivad kergesti puruneda.<\/p>\n","protected":false},"featured_media":11097,"comment_status":"open","ping_status":"closed","template":"","meta":{"_acf_changed":false,"_genesis_hide_title":false,"_genesis_hide_breadcrumbs":false,"_genesis_hide_singular_image":false,"_genesis_hide_footer_widgets":false,"_genesis_custom_body_class":"","_genesis_custom_post_class":"","_genesis_layout":""},"product_brand":[],"product_cat":[351,359],"product_tag":[],"class_list":{"0":"post-11093","1":"product","2":"type-product","3":"status-publish","4":"has-post-thumbnail","6":"product_cat-huum-elektrikerise-lisatarvikud","7":"product_cat-huum-puukerise-lisatarvikud","8":"entry","9":"override","11":"first","12":"instock","13":"shipping-taxable","14":"purchasable","15":"product-type-simple"},"acf":[],"_links":{"self":[{"href":"https:\/\/koduspa.ee\/ru\/wp-json\/wp\/v2\/product\/11093","targetHints":{"allow":["GET"]}}],"collection":[{"href":"https:\/\/koduspa.ee\/ru\/wp-json\/wp\/v2\/product"}],"about":[{"href":"https:\/\/koduspa.ee\/ru\/wp-json\/wp\/v2\/types\/product"}],"replies":[{"embeddable":true,"href":"https:\/\/koduspa.ee\/ru\/wp-json\/wp\/v2\/comments?post=11093"}],"wp:featuredmedia":[{"embeddable":true,"href":"https:\/\/koduspa.ee\/ru\/wp-json\/wp\/v2\/media\/11097"}],"wp:attachment":[{"href":"https:\/\/koduspa.ee\/ru\/wp-json\/wp\/v2\/media?parent=11093"}],"wp:term":[{"taxonomy":"product_brand","embeddable":true,"href":"https:\/\/koduspa.ee\/ru\/wp-json\/wp\/v2\/product_brand?post=11093"},{"taxonomy":"product_cat","embeddable":true,"href":"https:\/\/koduspa.ee\/ru\/wp-json\/wp\/v2\/product_cat?post=11093"},{"taxonomy":"product_tag","embeddable":true,"href":"https:\/\/koduspa.ee\/ru\/wp-json\/wp\/v2\/product_tag?post=11093"}],"curies":[{"name":"wp","href":"https:\/\/api.w.org\/{rel}","templated":true}]}}