{"id":10925,"date":"2022-05-09T09:07:30","date_gmt":"2022-05-09T09:07:30","guid":{"rendered":"https:\/\/koduspa.ee\/?post_type=product&#038;p=10925"},"modified":"2024-04-06T10:53:27","modified_gmt":"2024-04-06T10:53:27","slug":"led-trafo-240v-3-12v-4w","status":"publish","type":"product","link":"https:\/\/koduspa.ee\/ru\/pood\/tylo-valgustid\/led-trafo-240v-3-12v-4w\/","title":{"rendered":"TYL\u00d6 LED TRAFO 240V~\/3-12V 4W"},"content":{"rendered":"<h6><span style=\"color: #000000;\">Ei ole h\u00e4mardatav. Paigutatakse v\u00e4ljaspoole leiliruumi, <\/span><\/h6>\n<h6><span style=\"color: #000000;\">sobib LED pro\u017eektoritele.<\/span><\/h6>\n","protected":false},"excerpt":{"rendered":"<p>Ei ole h\u00e4mardatav. Paigutatakse v\u00e4ljaspoole leiliruumi, sobib LED pro\u017eektoritele.<\/p>\n","protected":false},"featured_media":10926,"comment_status":"open","ping_status":"closed","template":"","meta":{"_acf_changed":false,"_genesis_hide_title":false,"_genesis_hide_breadcrumbs":false,"_genesis_hide_singular_image":false,"_genesis_hide_footer_widgets":false,"_genesis_custom_body_class":"","_genesis_custom_post_class":"","_genesis_layout":""},"product_brand":[],"product_cat":[372],"product_tag":[],"class_list":{"0":"post-10925","1":"product","2":"type-product","3":"status-publish","4":"has-post-thumbnail","6":"product_cat-tylo-valgustid","7":"entry","8":"override","10":"first","11":"instock","12":"shipping-taxable","13":"purchasable","14":"product-type-simple"},"acf":[],"_links":{"self":[{"href":"https:\/\/koduspa.ee\/ru\/wp-json\/wp\/v2\/product\/10925","targetHints":{"allow":["GET"]}}],"collection":[{"href":"https:\/\/koduspa.ee\/ru\/wp-json\/wp\/v2\/product"}],"about":[{"href":"https:\/\/koduspa.ee\/ru\/wp-json\/wp\/v2\/types\/product"}],"replies":[{"embeddable":true,"href":"https:\/\/koduspa.ee\/ru\/wp-json\/wp\/v2\/comments?post=10925"}],"wp:featuredmedia":[{"embeddable":true,"href":"https:\/\/koduspa.ee\/ru\/wp-json\/wp\/v2\/media\/10926"}],"wp:attachment":[{"href":"https:\/\/koduspa.ee\/ru\/wp-json\/wp\/v2\/media?parent=10925"}],"wp:term":[{"taxonomy":"product_brand","embeddable":true,"href":"https:\/\/koduspa.ee\/ru\/wp-json\/wp\/v2\/product_brand?post=10925"},{"taxonomy":"product_cat","embeddable":true,"href":"https:\/\/koduspa.ee\/ru\/wp-json\/wp\/v2\/product_cat?post=10925"},{"taxonomy":"product_tag","embeddable":true,"href":"https:\/\/koduspa.ee\/ru\/wp-json\/wp\/v2\/product_tag?post=10925"}],"curies":[{"name":"wp","href":"https:\/\/api.w.org\/{rel}","templated":true}]}}