{"id":10920,"date":"2022-05-09T09:04:23","date_gmt":"2022-05-09T09:04:23","guid":{"rendered":"https:\/\/koduspa.ee\/?post_type=product&#038;p=10920"},"modified":"2024-04-06T10:52:54","modified_gmt":"2024-04-06T10:52:54","slug":"led-trafo-230v-25-50v-9-18w","status":"publish","type":"product","link":"https:\/\/koduspa.ee\/ru\/pood\/tylo-valgustid\/led-trafo-230v-25-50v-9-18w\/","title":{"rendered":"TYL\u00d6 LED TRAFO 230V~\/25-50V 9-18W"},"content":{"rendered":"<h6><span style=\"color: #000000;\">H\u00e4mardatav trafo, paigutatakse v\u00e4ljaspoole saunaruumi. <\/span><\/h6>\n<h6><span style=\"color: #000000;\">Sobib h\u00f5\u00f5glambi jaoks.<\/span><\/h6>\n","protected":false},"excerpt":{"rendered":"<p>H\u00e4mardatav trafo, paigutatakse v\u00e4ljaspoole saunaruumi. Sobib h\u00f5\u00f5glambi jaoks.<\/p>\n","protected":false},"featured_media":10921,"comment_status":"open","ping_status":"closed","template":"","meta":{"_acf_changed":false,"_genesis_hide_title":false,"_genesis_hide_breadcrumbs":false,"_genesis_hide_singular_image":false,"_genesis_hide_footer_widgets":false,"_genesis_custom_body_class":"","_genesis_custom_post_class":"","_genesis_layout":""},"product_brand":[],"product_cat":[372],"product_tag":[],"class_list":{"0":"post-10920","1":"product","2":"type-product","3":"status-publish","4":"has-post-thumbnail","6":"product_cat-tylo-valgustid","7":"entry","8":"override","10":"first","11":"instock","12":"shipping-taxable","13":"purchasable","14":"product-type-simple"},"acf":[],"_links":{"self":[{"href":"https:\/\/koduspa.ee\/ru\/wp-json\/wp\/v2\/product\/10920","targetHints":{"allow":["GET"]}}],"collection":[{"href":"https:\/\/koduspa.ee\/ru\/wp-json\/wp\/v2\/product"}],"about":[{"href":"https:\/\/koduspa.ee\/ru\/wp-json\/wp\/v2\/types\/product"}],"replies":[{"embeddable":true,"href":"https:\/\/koduspa.ee\/ru\/wp-json\/wp\/v2\/comments?post=10920"}],"wp:featuredmedia":[{"embeddable":true,"href":"https:\/\/koduspa.ee\/ru\/wp-json\/wp\/v2\/media\/10921"}],"wp:attachment":[{"href":"https:\/\/koduspa.ee\/ru\/wp-json\/wp\/v2\/media?parent=10920"}],"wp:term":[{"taxonomy":"product_brand","embeddable":true,"href":"https:\/\/koduspa.ee\/ru\/wp-json\/wp\/v2\/product_brand?post=10920"},{"taxonomy":"product_cat","embeddable":true,"href":"https:\/\/koduspa.ee\/ru\/wp-json\/wp\/v2\/product_cat?post=10920"},{"taxonomy":"product_tag","embeddable":true,"href":"https:\/\/koduspa.ee\/ru\/wp-json\/wp\/v2\/product_tag?post=10920"}],"curies":[{"name":"wp","href":"https:\/\/api.w.org\/{rel}","templated":true}]}}