{"id":10791,"date":"2022-05-06T09:30:54","date_gmt":"2022-05-06T09:30:54","guid":{"rendered":"https:\/\/koduspa.ee\/?post_type=product&#038;p=10791"},"modified":"2024-04-06T10:55:39","modified_gmt":"2024-04-06T10:55:39","slug":"led-valgusti-6-x-045-w","status":"publish","type":"product","link":"https:\/\/koduspa.ee\/ru\/pood\/tylo-valgustid\/led-valgusti-6-x-045-w\/","title":{"rendered":"TYL\u00d6 LED VALGUSTI 6 X 0,45W"},"content":{"rendered":"<h6><span style=\"color: #000000;\">Kohtvalgusti LED 6&#215;0,45W.\u00a0Harjatud terasest sauna lakke s\u00fcvistatav.\u00a0<\/span><\/h6>\n<h6><span style=\"color: #000000;\">Valgustitel on kaks kiir\u00fchendusega kaablit sujuvaks \u00fchenduseks. <\/span><\/h6>\n<h6><span style=\"color: #000000;\">Komplekt koosneb 6 valgustist, millel on faasijaotav ajam, <\/span><\/h6>\n<h6><span style=\"color: #000000;\">pikenduskaabel ja \u00fchenduskaablid.\u00a0<\/span><\/h6>\n<h6><span style=\"color: #000000;\">Ajam on v\u00f5imeline toiteks ja h\u00e4mardaks 5-12 valgustit.\u00a0<\/span><\/h6>\n<h6><span style=\"color: #000000;\">Annab sooja valguse.<\/span><\/h6>\n","protected":false},"excerpt":{"rendered":"<p>Kohtvalgusti LED 6&#215;0,45W.\u00a0Harjatud terasest sauna lakke s\u00fcvistatav.\u00a0 Valgustitel on kaks kiir\u00fchendusega kaablit sujuvaks \u00fchenduseks. Komplekt koosneb 6 valgustist, millel on faasijaotav ajam, pikenduskaabel ja \u00fchenduskaablid.\u00a0 Ajam on v\u00f5imeline toiteks ja h\u00e4mardaks 5-12 valgustit.\u00a0 Annab sooja valguse.<\/p>\n","protected":false},"featured_media":10792,"comment_status":"open","ping_status":"closed","template":"","meta":{"_acf_changed":false,"_genesis_hide_title":false,"_genesis_hide_breadcrumbs":false,"_genesis_hide_singular_image":false,"_genesis_hide_footer_widgets":false,"_genesis_custom_body_class":"","_genesis_custom_post_class":"","_genesis_layout":""},"product_brand":[],"product_cat":[372],"product_tag":[],"class_list":{"0":"post-10791","1":"product","2":"type-product","3":"status-publish","4":"has-post-thumbnail","6":"product_cat-tylo-valgustid","7":"entry","8":"override","10":"first","11":"instock","12":"shipping-taxable","13":"purchasable","14":"product-type-simple"},"acf":[],"_links":{"self":[{"href":"https:\/\/koduspa.ee\/ru\/wp-json\/wp\/v2\/product\/10791","targetHints":{"allow":["GET"]}}],"collection":[{"href":"https:\/\/koduspa.ee\/ru\/wp-json\/wp\/v2\/product"}],"about":[{"href":"https:\/\/koduspa.ee\/ru\/wp-json\/wp\/v2\/types\/product"}],"replies":[{"embeddable":true,"href":"https:\/\/koduspa.ee\/ru\/wp-json\/wp\/v2\/comments?post=10791"}],"wp:featuredmedia":[{"embeddable":true,"href":"https:\/\/koduspa.ee\/ru\/wp-json\/wp\/v2\/media\/10792"}],"wp:attachment":[{"href":"https:\/\/koduspa.ee\/ru\/wp-json\/wp\/v2\/media?parent=10791"}],"wp:term":[{"taxonomy":"product_brand","embeddable":true,"href":"https:\/\/koduspa.ee\/ru\/wp-json\/wp\/v2\/product_brand?post=10791"},{"taxonomy":"product_cat","embeddable":true,"href":"https:\/\/koduspa.ee\/ru\/wp-json\/wp\/v2\/product_cat?post=10791"},{"taxonomy":"product_tag","embeddable":true,"href":"https:\/\/koduspa.ee\/ru\/wp-json\/wp\/v2\/product_tag?post=10791"}],"curies":[{"name":"wp","href":"https:\/\/api.w.org\/{rel}","templated":true}]}}