{"id":10743,"date":"2022-04-13T11:06:48","date_gmt":"2022-04-13T11:06:48","guid":{"rendered":"https:\/\/koduspa.ee\/?post_type=product&#038;p=10743"},"modified":"2024-04-04T10:49:30","modified_gmt":"2024-04-04T10:49:30","slug":"ir-paneeli-seljatoe-vore-2","status":"publish","type":"product","link":"https:\/\/koduspa.ee\/ru\/pood\/infrapunasaun-ru\/ir-paneeli-seljatoe-vore-2\/","title":{"rendered":"HELO IR-PANEELI SELJATOE V\u00d5RE"},"content":{"rendered":"<h6><span style=\"color: #000000;\">IR-paneeli seljatoe v\u00f5re horisontaalasendis. <\/span><\/h6>\n<h6><span style=\"color: #000000;\">Toote laius 980mm, k\u00f5rgus 330mm, s\u00fcgavus 59mm.<\/span><\/h6>\n","protected":false},"excerpt":{"rendered":"<p>IR-paneeli seljatoe v\u00f5re horisontaalasendis. Toote laius 980mm, k\u00f5rgus 330mm, s\u00fcgavus 59mm.<\/p>\n","protected":false},"featured_media":10744,"comment_status":"open","ping_status":"closed","template":"","meta":{"_acf_changed":false,"_genesis_hide_title":false,"_genesis_hide_breadcrumbs":false,"_genesis_hide_singular_image":false,"_genesis_hide_footer_widgets":false,"_genesis_custom_body_class":"","_genesis_custom_post_class":"","_genesis_layout":""},"product_brand":[],"product_cat":[185],"product_tag":[],"class_list":{"0":"post-10743","1":"product","2":"type-product","3":"status-publish","4":"has-post-thumbnail","6":"product_cat-infrapunasaun","7":"entry","8":"override","10":"first","11":"instock","12":"shipping-taxable","13":"purchasable","14":"product-type-simple"},"acf":[],"_links":{"self":[{"href":"https:\/\/koduspa.ee\/ru\/wp-json\/wp\/v2\/product\/10743","targetHints":{"allow":["GET"]}}],"collection":[{"href":"https:\/\/koduspa.ee\/ru\/wp-json\/wp\/v2\/product"}],"about":[{"href":"https:\/\/koduspa.ee\/ru\/wp-json\/wp\/v2\/types\/product"}],"replies":[{"embeddable":true,"href":"https:\/\/koduspa.ee\/ru\/wp-json\/wp\/v2\/comments?post=10743"}],"wp:featuredmedia":[{"embeddable":true,"href":"https:\/\/koduspa.ee\/ru\/wp-json\/wp\/v2\/media\/10744"}],"wp:attachment":[{"href":"https:\/\/koduspa.ee\/ru\/wp-json\/wp\/v2\/media?parent=10743"}],"wp:term":[{"taxonomy":"product_brand","embeddable":true,"href":"https:\/\/koduspa.ee\/ru\/wp-json\/wp\/v2\/product_brand?post=10743"},{"taxonomy":"product_cat","embeddable":true,"href":"https:\/\/koduspa.ee\/ru\/wp-json\/wp\/v2\/product_cat?post=10743"},{"taxonomy":"product_tag","embeddable":true,"href":"https:\/\/koduspa.ee\/ru\/wp-json\/wp\/v2\/product_tag?post=10743"}],"curies":[{"name":"wp","href":"https:\/\/api.w.org\/{rel}","templated":true}]}}