{"id":10647,"date":"2022-04-13T07:44:29","date_gmt":"2022-04-13T07:44:29","guid":{"rendered":"https:\/\/koduspa.ee\/?post_type=product&#038;p=10647"},"modified":"2025-10-28T13:04:16","modified_gmt":"2025-10-28T13:04:16","slug":"elektrikeris-sense-combi-10-hall","status":"publish","type":"product","link":"https:\/\/koduspa.ee\/ru\/pood\/tylo-elektrikerised-ru\/elektrikeris-sense-combi-10-hall\/","title":{"rendered":"ELEKTRIKERIS SENSE COMBI 10 HALL PURE"},"content":{"rendered":"<h6>Sense Combi Pure 10 elektrikeris on kohandatud<\/h6>\n<h6>saunaruumile 10-18 m3 koduseks kasutamiseks.<\/h6>\n<h6>Sense Combi Pure toimib sama t\u00f5husalt ja kiiresti<\/h6>\n<h6>kui teised Sense seeria kerised,<\/h6>\n<h6>kuid pakub traditsioonilisele saunale lisaks ka niisket leili.<\/h6>\n<h6>Seadme saab asetada p\u00f5randale v\u00f5i seinale.<\/h6>\n<h6>Kerisejalad m\u00fc\u00fcakse eraldi. Pure juhtpaneel on komplektis.<\/h6>\n<h6>Seadme pind ei puutu kokku roostevaba terasest Thermosafe TM kaitse ja kivisalvega.<\/h6>\n<h6>Kerise kivikaal 20 kg.<\/h6>\n<h6>M\u00f5\u00f5tmed (mm) 435x625x375<\/h6>\n<h6>Pinge (volti)1\/3 ~ 230 V, 3 ~ 400 V<\/h6>\n<h6>Ruumi suurus (m3) 10-18<\/h6>\n<h6>V\u00f5imsus (kW) 10,5<\/h6>\n<h6>V\u00f5imsus (W) 10<\/h6>\n<h6>Minimaalne kaugus k\u00fclgseinast (mm) 110 mm<\/h6>\n<h6>Minimaalne lae k\u00f5rgus (mm) 1900 mm<\/h6>\n<h6>Juhtpaneel Pure \u2013 kaasas<\/h6>\n<h6>Releebox \u2013 ei ole vajalik<\/h6>\n<h6>Paigaldamine \u2013 P\u00f5randale v\u00f5i seinale kinnitatav<\/h6>\n<h6>Kerise neto kaal 27,5 kg<\/h6>\n<h6>V\u00e4rv \u2013 Hall<\/h6>\n<h6>Tehnilised andmed:<\/h6>\n<p><a href=\"https:\/\/s3-eu-west-1.amazonaws.com\/gung-images-bucket-ireland\/tylo\/pim-item\/61001570\/2900%205410%20SENSE%20COMBI%20Elite%20Pure%20installation.pdf\">https:\/\/s3-eu-west-1.amazonaws.com\/gung-images-bucket-ireland\/tylo\/pim-item\/61001570\/2900%205410%20SENSE%20COMBI%20Elite%20Pure%20installation.pdf<\/a><\/p>\n<p><a href=\"https:\/\/s3-eu-west-1.amazonaws.com\/gung-images-bucket-ireland\/tylo\/pim-item\/61001570\/2900%205411%20SENSE%20COMBI%20Elite%20Pure%20bruksanvisning.pdf\">https:\/\/s3-eu-west-1.amazonaws.com\/gung-images-bucket-ireland\/tylo\/pim-item\/61001570\/2900%205411%20SENSE%20COMBI%20Elite%20Pure%20bruksanvisning.pdf<\/a><\/p>\n","protected":false},"excerpt":{"rendered":"<p>Sense Combi Pure 10 elektrikeris on kohandatud saunaruumile 10-18 m3 koduseks kasutamiseks. Sense Combi Pure toimib sama t\u00f5husalt ja kiiresti kui teised Sense seeria kerised, kuid pakub traditsioonilisele saunale lisaks ka niisket leili. Seadme saab asetada p\u00f5randale v\u00f5i seinale. Kerisejalad m\u00fc\u00fcakse eraldi. Pure juhtpaneel on komplektis. Seadme pind ei puutu kokku roostevaba terasest Thermosafe TM [&hellip;]<\/p>\n","protected":false},"featured_media":10638,"comment_status":"open","ping_status":"closed","template":"","meta":{"_acf_changed":false,"_genesis_hide_title":false,"_genesis_hide_breadcrumbs":false,"_genesis_hide_singular_image":false,"_genesis_hide_footer_widgets":false,"_genesis_custom_body_class":"","_genesis_custom_post_class":"","_genesis_layout":""},"product_brand":[],"product_cat":[173],"product_tag":[],"class_list":{"0":"post-10647","1":"product","2":"type-product","3":"status-publish","4":"has-post-thumbnail","6":"product_cat-tylo-elektrikerised","7":"entry","8":"override","10":"first","11":"instock","12":"shipping-taxable","13":"purchasable","14":"product-type-simple"},"acf":[],"_links":{"self":[{"href":"https:\/\/koduspa.ee\/ru\/wp-json\/wp\/v2\/product\/10647","targetHints":{"allow":["GET"]}}],"collection":[{"href":"https:\/\/koduspa.ee\/ru\/wp-json\/wp\/v2\/product"}],"about":[{"href":"https:\/\/koduspa.ee\/ru\/wp-json\/wp\/v2\/types\/product"}],"replies":[{"embeddable":true,"href":"https:\/\/koduspa.ee\/ru\/wp-json\/wp\/v2\/comments?post=10647"}],"wp:featuredmedia":[{"embeddable":true,"href":"https:\/\/koduspa.ee\/ru\/wp-json\/wp\/v2\/media\/10638"}],"wp:attachment":[{"href":"https:\/\/koduspa.ee\/ru\/wp-json\/wp\/v2\/media?parent=10647"}],"wp:term":[{"taxonomy":"product_brand","embeddable":true,"href":"https:\/\/koduspa.ee\/ru\/wp-json\/wp\/v2\/product_brand?post=10647"},{"taxonomy":"product_cat","embeddable":true,"href":"https:\/\/koduspa.ee\/ru\/wp-json\/wp\/v2\/product_cat?post=10647"},{"taxonomy":"product_tag","embeddable":true,"href":"https:\/\/koduspa.ee\/ru\/wp-json\/wp\/v2\/product_tag?post=10647"}],"curies":[{"name":"wp","href":"https:\/\/api.w.org\/{rel}","templated":true}]}}