{"id":10632,"date":"2022-04-13T07:11:12","date_gmt":"2022-04-13T07:11:12","guid":{"rendered":"https:\/\/koduspa.ee\/?post_type=product&#038;p=10632"},"modified":"2025-10-28T12:32:29","modified_gmt":"2025-10-28T12:32:29","slug":"elektrikeris-sense-elite-wifi-8-hall","status":"publish","type":"product","link":"https:\/\/koduspa.ee\/ru\/pood\/tylo-elektrikerised-ru\/elektrikeris-sense-elite-wifi-8-hall\/","title":{"rendered":"ELEKTRIKERIS SENSE ELITE (WIFI) 8 HALL"},"content":{"rendered":"<h6>Elektrikeris Sense Elite\u00a0 8 on kohandatud saunaruumile 6-12 m3 koduseks kasutamiseks.<\/h6>\n<h6>Seadme saab asetada p\u00f5randale v\u00f5i seinale.\u00a0Jalad m\u00fc\u00fcakse eraldi.<\/h6>\n<h6>Juhtpaneel Elite Cloud wifiga on komplektis.<\/h6>\n<h6>Seadme pind ei puutu kokku Thermosafe TM kaitsega.<\/h6>\n<h6>Juhtpaneeli \u00fcmbritseva \u00f5hu temperatuur ei tohi kunagi \u00fcletada 80\u00b0C.<\/h6>\n<h6>Saunaruumi paigutamisel peab juhtpaneel olema paigaldatud<\/h6>\n<h6>ohutuskaugust ja paigaldusk\u00f5rgust arvestades, vt kasutusjuhendist.<\/h6>\n<h6>Kerisekivi kaal 20 kg.<\/h6>\n<h6>M\u00f5\u00f5tmed (mm) 435x605x375<\/h6>\n<h6>Pinge (volti)1\/3 ~ 230 V, 3 ~ 400 V<\/h6>\n<h6>Ruumi suurus (m3) 6-12<\/h6>\n<h6>V\u00f5imsus (kW) 8<\/h6>\n<h6>V\u00f5imsus (W) 8<\/h6>\n<h6>Minimaalne kaugus k\u00fclgseinast (mm) 110 mm<\/h6>\n<h6>Minimaalne lae k\u00f5rgus (mm) 1900 mm<\/h6>\n<h6>Juhtpaneel Elite Cloud \u2013 komplektis<\/h6>\n<h6>Releebox \u2013 ei ole vajalik<\/h6>\n<h6>Paigaldamine \u2013 P\u00f5randale v\u00f5i seinale kinnitatav<\/h6>\n<h6>Kerise neto kaal 19 kg.<\/h6>\n<h6>V\u00e4rv \u2013 Hall<\/h6>\n<h6>Tehnilised andmed:<\/h6>\n<p><a href=\"https:\/\/s3-eu-west-1.amazonaws.com\/gung-images-bucket-ireland\/tylo\/pim-item\/61001566\/2900%205471%20SENSE%20ELITE%20bruksanvisning.pdf\">https:\/\/s3-eu-west-1.amazonaws.com\/gung-images-bucket-ireland\/tylo\/pim-item\/61001566\/2900%205471%20SENSE%20ELITE%20bruksanvisning.pdf<\/a><\/p>\n<p><a href=\"https:\/\/s3-eu-west-1.amazonaws.com\/gung-images-bucket-ireland\/tylo\/pim-item\/61001566\/2900%205470%20SENSE%20ELITE%20installation.pdf\">https:\/\/s3-eu-west-1.amazonaws.com\/gung-images-bucket-ireland\/tylo\/pim-item\/61001566\/2900%205470%20SENSE%20ELITE%20installation.pdf<\/a><\/p>\n","protected":false},"excerpt":{"rendered":"<p>Elektrikeris Sense Elite\u00a0 8 on kohandatud saunaruumile 6-12 m3 koduseks kasutamiseks. Seadme saab asetada p\u00f5randale v\u00f5i seinale.\u00a0Jalad m\u00fc\u00fcakse eraldi. Juhtpaneel Elite Cloud wifiga on komplektis. Seadme pind ei puutu kokku Thermosafe TM kaitsega. Juhtpaneeli \u00fcmbritseva \u00f5hu temperatuur ei tohi kunagi \u00fcletada 80\u00b0C. Saunaruumi paigutamisel peab juhtpaneel olema paigaldatud ohutuskaugust ja paigaldusk\u00f5rgust arvestades, vt kasutusjuhendist. Kerisekivi [&hellip;]<\/p>\n","protected":false},"featured_media":10594,"comment_status":"open","ping_status":"closed","template":"","meta":{"_acf_changed":false,"_genesis_hide_title":false,"_genesis_hide_breadcrumbs":false,"_genesis_hide_singular_image":false,"_genesis_hide_footer_widgets":false,"_genesis_custom_body_class":"","_genesis_custom_post_class":"","_genesis_layout":""},"product_brand":[],"product_cat":[173],"product_tag":[],"class_list":{"0":"post-10632","1":"product","2":"type-product","3":"status-publish","4":"has-post-thumbnail","6":"product_cat-tylo-elektrikerised","7":"entry","8":"override","10":"first","11":"instock","12":"shipping-taxable","13":"purchasable","14":"product-type-simple"},"acf":[],"_links":{"self":[{"href":"https:\/\/koduspa.ee\/ru\/wp-json\/wp\/v2\/product\/10632","targetHints":{"allow":["GET"]}}],"collection":[{"href":"https:\/\/koduspa.ee\/ru\/wp-json\/wp\/v2\/product"}],"about":[{"href":"https:\/\/koduspa.ee\/ru\/wp-json\/wp\/v2\/types\/product"}],"replies":[{"embeddable":true,"href":"https:\/\/koduspa.ee\/ru\/wp-json\/wp\/v2\/comments?post=10632"}],"wp:featuredmedia":[{"embeddable":true,"href":"https:\/\/koduspa.ee\/ru\/wp-json\/wp\/v2\/media\/10594"}],"wp:attachment":[{"href":"https:\/\/koduspa.ee\/ru\/wp-json\/wp\/v2\/media?parent=10632"}],"wp:term":[{"taxonomy":"product_brand","embeddable":true,"href":"https:\/\/koduspa.ee\/ru\/wp-json\/wp\/v2\/product_brand?post=10632"},{"taxonomy":"product_cat","embeddable":true,"href":"https:\/\/koduspa.ee\/ru\/wp-json\/wp\/v2\/product_cat?post=10632"},{"taxonomy":"product_tag","embeddable":true,"href":"https:\/\/koduspa.ee\/ru\/wp-json\/wp\/v2\/product_tag?post=10632"}],"curies":[{"name":"wp","href":"https:\/\/api.w.org\/{rel}","templated":true}]}}