{"id":10617,"date":"2022-04-13T06:32:34","date_gmt":"2022-04-13T06:32:34","guid":{"rendered":"https:\/\/koduspa.ee\/?post_type=product&#038;p=10617"},"modified":"2025-10-28T12:34:16","modified_gmt":"2025-10-28T12:34:16","slug":"elektrikeris-sense-pure-6-hall","status":"publish","type":"product","link":"https:\/\/koduspa.ee\/ru\/pood\/tylo-elektrikerised-ru\/elektrikeris-sense-pure-6-hall\/","title":{"rendered":"ELEKTRIKERIS SENSE PURE 6 HALL"},"content":{"rendered":"<h6><span style=\"color: #000000;\">Sense Pure 6 elektrikeris on kohandatud saunaruumile 4-8m3 koduseks kasutamiseks.<\/span><\/h6>\n<h6><span style=\"color: #000000;\"> Seadme saab paigaldada p\u00f5randale v\u00f5i seinale. <\/span><\/h6>\n<h6><span style=\"color: #000000;\">Jalad m\u00fc\u00fcakse eraldi.\u00a0Pure juhtpaneel on seadmesse sisse ehitatud ja asub allosas.\u00a0<\/span><\/h6>\n<h6><span style=\"color: #000000;\">Seadme pind ei puutu kokku Thermosafe TM kaitsega.\u00a0<\/span><\/h6>\n<h6><span style=\"color: #000000;\">Kerisekivi kaal 20 kg.<\/span><\/h6>\n<h6><span style=\"color: #000000;\">M\u00f5\u00f5tmed (mm) 435x605x375<\/span><\/h6>\n<h6><span style=\"color: #000000;\">Pinge (volti)1\/3 ~ 230 V, 3 ~ 400 V<\/span><\/h6>\n<h6><span style=\"color: #000000;\">Ruumi suurus (m3) 4-8<\/span><\/h6>\n<h6><span style=\"color: #000000;\">V\u00f5imsus (kW) 6.6<\/span><\/h6>\n<h6><span style=\"color: #000000;\">V\u00f5imsus (W) 6<\/span><\/h6>\n<h6><span style=\"color: #000000;\">Minimaalne kaugus k\u00fclgseinast (mm) 110 mm<\/span><\/h6>\n<h6><span style=\"color: #000000;\">Minimaalne lae k\u00f5rgus (mm) 1900 mm<\/span><\/h6>\n<h6><span style=\"color: #000000;\">Juhtpaneel Pure &#8212; komplektis<\/span><\/h6>\n<h6><span style=\"color: #000000;\">Releebox &#8212; ei ole vajalik<\/span><\/h6>\n<h6><span style=\"color: #000000;\">Paigaldamine &#8212; P\u00f5randale v\u00f5i seinale kinnitatav <\/span><\/h6>\n<h6><span style=\"color: #000000;\">Kerise neto kaal 18 kg.<\/span><\/h6>\n<h6><span style=\"color: #000000;\">V\u00e4rv &#8212; Hall <\/span><\/h6>\n<h6><span style=\"color: #000000;\">Tehnilised andmed:<\/span><\/h6>\n<h6><span style=\"color: #000000;\"><a style=\"color: #000000;\" href=\"https:\/\/s3-eu-west-1.amazonaws.com\/gung-images-bucket-ireland\/tylo\/pim-item\/61001558\/2900%205491%20SENSE%20PURE%20bruksanvisning.pdf\">https:\/\/s3-eu-west-1.amazonaws.com\/gung-images-bucket-ireland\/tylo\/pim-item\/61001558\/2900%205491%20SENSE%20PURE%20bruksanvisning.pdf<\/a><\/span><\/h6>\n<h6><span style=\"color: #000000;\"><a style=\"color: #000000;\" href=\"https:\/\/s3-eu-west-1.amazonaws.com\/gung-images-bucket-ireland\/tylo\/pim-item\/61001558\/2900%205490%20SENSE%20PURE%20installation.pdf\">https:\/\/s3-eu-west-1.amazonaws.com\/gung-images-bucket-ireland\/tylo\/pim-item\/61001558\/2900%205490%20SENSE%20PURE%20installation.pdf<\/a><\/span><\/h6>\n","protected":false},"excerpt":{"rendered":"<p>Sense Pure 6 elektrikeris on kohandatud saunaruumile 4-8m3 koduseks kasutamiseks. Seadme saab paigaldada p\u00f5randale v\u00f5i seinale. Jalad m\u00fc\u00fcakse eraldi.\u00a0Pure juhtpaneel on seadmesse sisse ehitatud ja asub allosas.\u00a0 Seadme pind ei puutu kokku Thermosafe TM kaitsega.\u00a0 Kerisekivi kaal 20 kg. M\u00f5\u00f5tmed (mm) 435x605x375 Pinge (volti)1\/3 ~ 230 V, 3 ~ 400 V Ruumi suurus (m3) 4-8 [&hellip;]<\/p>\n","protected":false},"featured_media":10594,"comment_status":"open","ping_status":"closed","template":"","meta":{"_acf_changed":false,"_genesis_hide_title":false,"_genesis_hide_breadcrumbs":false,"_genesis_hide_singular_image":false,"_genesis_hide_footer_widgets":false,"_genesis_custom_body_class":"","_genesis_custom_post_class":"","_genesis_layout":""},"product_brand":[],"product_cat":[173],"product_tag":[],"class_list":{"0":"post-10617","1":"product","2":"type-product","3":"status-publish","4":"has-post-thumbnail","6":"product_cat-tylo-elektrikerised","7":"entry","8":"override","10":"first","11":"instock","12":"shipping-taxable","13":"purchasable","14":"product-type-simple"},"acf":[],"_links":{"self":[{"href":"https:\/\/koduspa.ee\/ru\/wp-json\/wp\/v2\/product\/10617","targetHints":{"allow":["GET"]}}],"collection":[{"href":"https:\/\/koduspa.ee\/ru\/wp-json\/wp\/v2\/product"}],"about":[{"href":"https:\/\/koduspa.ee\/ru\/wp-json\/wp\/v2\/types\/product"}],"replies":[{"embeddable":true,"href":"https:\/\/koduspa.ee\/ru\/wp-json\/wp\/v2\/comments?post=10617"}],"wp:featuredmedia":[{"embeddable":true,"href":"https:\/\/koduspa.ee\/ru\/wp-json\/wp\/v2\/media\/10594"}],"wp:attachment":[{"href":"https:\/\/koduspa.ee\/ru\/wp-json\/wp\/v2\/media?parent=10617"}],"wp:term":[{"taxonomy":"product_brand","embeddable":true,"href":"https:\/\/koduspa.ee\/ru\/wp-json\/wp\/v2\/product_brand?post=10617"},{"taxonomy":"product_cat","embeddable":true,"href":"https:\/\/koduspa.ee\/ru\/wp-json\/wp\/v2\/product_cat?post=10617"},{"taxonomy":"product_tag","embeddable":true,"href":"https:\/\/koduspa.ee\/ru\/wp-json\/wp\/v2\/product_tag?post=10617"}],"curies":[{"name":"wp","href":"https:\/\/api.w.org\/{rel}","templated":true}]}}