{"id":10579,"date":"2022-04-13T05:28:04","date_gmt":"2022-04-13T05:28:04","guid":{"rendered":"https:\/\/koduspa.ee\/?post_type=product&#038;p=10579"},"modified":"2025-10-28T11:46:25","modified_gmt":"2025-10-28T11:46:25","slug":"elektrikeris-sense-sport-6-kw-hall","status":"publish","type":"product","link":"https:\/\/koduspa.ee\/ru\/pood\/tylo-elektrikerised-ru\/elektrikeris-sense-sport-6-kw-hall\/","title":{"rendered":"ELEKTRIKERIS SENSE SPORT 6 HALL"},"content":{"rendered":"<div class=\"row\">\n<h6 class=\"col-12\"><span style=\"color: #000000;\">Sense Sport 6kW elektrikeris on kohandatud<\/span><\/h6>\n<\/div>\n<div class=\"row\">\n<div class=\"col-12\">\n<h6><span style=\"font-size: 16px; color: #000000;\">saunamahule vahemikus 4-8m3 ja koduseks kasutamiseks.\u00a0<\/span><\/h6>\n<h6><span style=\"color: #000000;\"><span style=\"font-size: 16px;\">Seadme saab asetada p\u00f5randale v\u00f5i seinale. Kerisej<\/span><span style=\"font-size: 16px;\">alad m\u00fc\u00fcakse eraldi.\u00a0<\/span><\/span><\/h6>\n<h6><span style=\"font-size: 16px; color: #000000;\">Juhtpaneel on seadmesse sisse ehitatud ja asub allosas.\u00a0<\/span><\/h6>\n<h6><span style=\"font-size: 16px; color: #000000;\">Seadme pind ei puutu kokku Thermosafe TM kaitsega.\u00a0<\/span><\/h6>\n<h6><span style=\"font-size: 16px; color: #000000;\">Kerise kivikaal 20 kg.<\/span><\/h6>\n<h6><span style=\"color: #000000;\">M\u00f5\u00f5tmed (mm) <\/span><span style=\"color: #000000;\">435x605x375<\/span><\/h6>\n<h6><span style=\"color: #000000;\">Pinge (volti) <\/span><span style=\"color: #000000;\">1\/3 ~ 230 V, 3 ~ 400 V<\/span><\/h6>\n<h6><span style=\"color: #000000;\">Ruumi suurus (m3) <\/span><span style=\"color: #000000;\">4-8<\/span><\/h6>\n<h6><span style=\"color: #000000;\">V\u00f5imsus (kW) <\/span><span style=\"color: #000000;\">6.6<\/span><\/h6>\n<h6><span style=\"color: #000000;\">V\u00f5imsus (W) <\/span><span style=\"color: #000000;\">6<\/span><\/h6>\n<h6><span style=\"color: #000000;\">Minimaalne kaugus k\u00fclgseinast (mm) <\/span><span style=\"color: #000000;\">110 mm<\/span><\/h6>\n<h6><span style=\"color: #000000;\">Minimaalne lae k\u00f5rgus (mm) <\/span><span style=\"color: #000000;\">1900 mm<\/span><\/h6>\n<h6><span style=\"color: #000000;\">Kontrollpaneel &#8212; <\/span><span style=\"color: #000000;\">Sisseehitatud<\/span><\/h6>\n<h6><span style=\"color: #000000;\">Releekarp &#8212; <\/span><span style=\"color: #000000;\">Pole n\u00f5utud<\/span><\/h6>\n<h6><span style=\"color: #000000;\">Paigaldamine- <\/span><span style=\"color: #000000;\">P\u00f5randale v\u00f5i seinale kinnitatav<\/span><\/h6>\n<h6><span style=\"color: #000000;\">V\u00e4rv &#8212; <\/span><span style=\"color: #000000;\">Hall<\/span><\/h6>\n<h6><span style=\"color: #000000;\"> Neto kaal 17,3 kg<\/span><\/h6>\n<h6><span style=\"color: #000000;\">Tehnilised andmed:<\/span><\/h6>\n<p><a href=\"https:\/\/s3-eu-west-1.amazonaws.com\/gung-images-bucket-ireland\/tylo\/pim-item\/61001550\/2900%205250%20SENSE%20SPORT%20installation.pdf\">https:\/\/s3-eu-west-1.amazonaws.com\/gung-images-bucket-ireland\/tylo\/pim-item\/61001550\/2900%205250%20SENSE%20SPORT%20installation.pdf<\/a><\/p>\n<\/div>\n<p><a href=\"https:\/\/s3-eu-west-1.amazonaws.com\/gung-images-bucket-ireland\/tylo\/pim-item\/61001550\/2900%205251%20SENSE%20SPORT%20bruksanvisning.pdf\">https:\/\/s3-eu-west-1.amazonaws.com\/gung-images-bucket-ireland\/tylo\/pim-item\/61001550\/2900%205251%20SENSE%20SPORT%20bruksanvisning.pdf<\/a><\/p>\n<\/div>\n","protected":false},"excerpt":{"rendered":"<p>Sense Sport 6kW elektrikeris on kohandatud saunamahule vahemikus 4-8m3 ja koduseks kasutamiseks.\u00a0 Seadme saab asetada p\u00f5randale v\u00f5i seinale. Kerisejalad m\u00fc\u00fcakse eraldi.\u00a0 Juhtpaneel on seadmesse sisse ehitatud ja asub allosas.\u00a0 Seadme pind ei puutu kokku Thermosafe TM kaitsega.\u00a0 Kerise kivikaal 20 kg. M\u00f5\u00f5tmed (mm) 435x605x375 Pinge (volti) 1\/3 ~ 230 V, 3 ~ 400 V Ruumi [&hellip;]<\/p>\n","protected":false},"featured_media":10580,"comment_status":"open","ping_status":"closed","template":"","meta":{"_acf_changed":false,"_genesis_hide_title":false,"_genesis_hide_breadcrumbs":false,"_genesis_hide_singular_image":false,"_genesis_hide_footer_widgets":false,"_genesis_custom_body_class":"","_genesis_custom_post_class":"","_genesis_layout":""},"product_brand":[],"product_cat":[173],"product_tag":[],"class_list":{"0":"post-10579","1":"product","2":"type-product","3":"status-publish","4":"has-post-thumbnail","6":"product_cat-tylo-elektrikerised","7":"entry","8":"override","10":"first","11":"instock","12":"shipping-taxable","13":"purchasable","14":"product-type-simple"},"acf":[],"_links":{"self":[{"href":"https:\/\/koduspa.ee\/ru\/wp-json\/wp\/v2\/product\/10579","targetHints":{"allow":["GET"]}}],"collection":[{"href":"https:\/\/koduspa.ee\/ru\/wp-json\/wp\/v2\/product"}],"about":[{"href":"https:\/\/koduspa.ee\/ru\/wp-json\/wp\/v2\/types\/product"}],"replies":[{"embeddable":true,"href":"https:\/\/koduspa.ee\/ru\/wp-json\/wp\/v2\/comments?post=10579"}],"wp:featuredmedia":[{"embeddable":true,"href":"https:\/\/koduspa.ee\/ru\/wp-json\/wp\/v2\/media\/10580"}],"wp:attachment":[{"href":"https:\/\/koduspa.ee\/ru\/wp-json\/wp\/v2\/media?parent=10579"}],"wp:term":[{"taxonomy":"product_brand","embeddable":true,"href":"https:\/\/koduspa.ee\/ru\/wp-json\/wp\/v2\/product_brand?post=10579"},{"taxonomy":"product_cat","embeddable":true,"href":"https:\/\/koduspa.ee\/ru\/wp-json\/wp\/v2\/product_cat?post=10579"},{"taxonomy":"product_tag","embeddable":true,"href":"https:\/\/koduspa.ee\/ru\/wp-json\/wp\/v2\/product_tag?post=10579"}],"curies":[{"name":"wp","href":"https:\/\/api.w.org\/{rel}","templated":true}]}}