{"id":9308,"date":"2021-09-21T07:24:48","date_gmt":"2021-09-21T07:24:48","guid":{"rendered":"https:\/\/koduspa.ee\/?post_type=product&#038;p=9308"},"modified":"2025-10-24T10:06:25","modified_gmt":"2025-10-24T10:06:25","slug":"aurugeneraator-tylo-steam-commercial-9","status":"publish","type":"product","link":"https:\/\/koduspa.ee\/en\/pood\/aurugeneraatorid-et\/aurugeneraator-tylo-steam-commercial-9\/","title":{"rendered":"AURUGENERAATOR TYL\u00d6 STEAM COMMERCIAL 9"},"content":{"rendered":"<p><span style=\"color: #000000;\">Aurugeneraator \u00fcldkasutses olevatele aurusaunadele, millel on uus nutikate lahenduste<\/span><\/p>\n<p><span style=\"color: #000000;\">standard maksimaalse v\u00e4ljundi saamiseks. <\/span><\/p>\n<p><span style=\"color: #000000;\">Minimaalne veetarve, <\/span><span style=\"color: #000000;\">energiat\u00f5husus l\u00e4bi patenteeritud jagatud v\u00e4ljundfunktsiooni.<\/span><\/p>\n<p><span style=\"color: #000000;\"> Kahesuunaline side juhtpaneeli ja aurugeneraatori vahel tagab<\/span><\/p>\n<p><span style=\"color: #000000;\">auru ja temperatuuri automaatse ja pideva j\u00e4lgimise.<\/span><\/p>\n<p><span style=\"color: #000000;\">Suur veepaak ja mitme auru funktsioon katkestuste minimeerimiseks <\/span><\/p>\n<p><span style=\"color: #000000;\">tipptasemel kasutamisel.<\/span><\/p>\n<p><span style=\"color: #000000;\">Otse juhtimine Elite juhtpaneeliga, \u00fchendage juhtmevabalt arvuti v\u00f5i mobiilseadmega.<\/span><\/p>\n<p><span style=\"color: #000000;\">Automaatne loputus, mida saab kalibreerida teie piirkonna vee kvaliteedile.<\/span><\/p>\n<p><span style=\"color: #000000;\">V\u00f5imalik sobitada n\u00e4iteks lisaventilaatori, l\u00f5hna- ja katlakivipumbaga.<\/span><\/p>\n<p><span style=\"color: #000000;\">Lisavarustusena saadaval:<\/span><\/p>\n<p><span style=\"color: #000000;\">&#8211; aroomipump<\/span><\/p>\n<p><span style=\"color: #000000;\">&#8211; aurud\u00fc\u00fcs erinevad (k\u00fcsi variante)<\/span><\/p>\n<p><span style=\"color: #000000;\">&#8211; aroomi kanister 20l<\/span><\/p>\n<p><span style=\"color: #000000;\">&#8211; adapter kanistrile <\/span><\/p>\n<p><span style=\"color: #000000;\">V\u00f5imsusega 9 kW, saunaruumile 6-10m3, m\u00f5\u00f5t 585x685x245mm.<\/span><\/p>\n<p><span style=\"color: #000080;\">Saadaval k\u00f5ik varuosad!<\/span><\/p>\n<p><strong><span style=\"color: #000000;\">Lisana: Juhtpaneel Elite v\u00f5i Pure ei kuulu komplekti.<\/span><\/strong><\/p>\n<p><span style=\"color: #000000;\">Tehnilised andmed:<\/span><\/p>\n<p><a href=\"https:\/\/cdn2.hubspot.net\/hubfs\/379485\/2900%204160%20Steam%20Commercial%20Home.pdf\">https:\/\/cdn2.hubspot.net\/hubfs\/379485\/2900%204160%20Steam%20Commercial%20Home.pdf<\/a><\/p>\n<p><span style=\"color: #000000;\">Garantiitingimused:<\/span><\/p>\n<p><a href=\"https:\/\/cdn2.hubspot.net\/hubfs\/379485\/Tyl%C3%B6Helo%20downloads%20(product%20data)\/Helo%20manuals\/Warranty%20policy.pdf\">https:\/\/cdn2.hubspot.net\/hubfs\/379485\/Tyl%C3%B6Helo%20downloads%20(product%20data)\/Helo%20manuals\/Warranty%20policy.pdf<\/a><\/p>\n<p>&nbsp;<\/p>\n","protected":false},"excerpt":{"rendered":"<p>Aurugeneraator \u00fcldkasutses olevatele aurusaunadele, millel on uus nutikate lahenduste standard maksimaalse v\u00e4ljundi saamiseks. Minimaalne veetarve, energiat\u00f5husus l\u00e4bi patenteeritud jagatud v\u00e4ljundfunktsiooni. Kahesuunaline side juhtpaneeli ja aurugeneraatori vahel tagab auru ja temperatuuri automaatse ja pideva j\u00e4lgimise. Suur veepaak ja mitme auru funktsioon katkestuste minimeerimiseks tipptasemel kasutamisel. Otse juhtimine Elite juhtpaneeliga, \u00fchendage juhtmevabalt arvuti v\u00f5i mobiilseadmega. Automaatne loputus, [&hellip;]<\/p>\n","protected":false},"featured_media":9309,"comment_status":"open","ping_status":"closed","template":"","meta":{"_acf_changed":false,"_genesis_hide_title":false,"_genesis_hide_breadcrumbs":false,"_genesis_hide_singular_image":false,"_genesis_hide_footer_widgets":false,"_genesis_custom_body_class":"","_genesis_custom_post_class":"","_genesis_layout":""},"product_cat":[72],"product_tag":[],"acf":[],"_links":{"self":[{"href":"https:\/\/koduspa.ee\/en\/wp-json\/wp\/v2\/product\/9308"}],"collection":[{"href":"https:\/\/koduspa.ee\/en\/wp-json\/wp\/v2\/product"}],"about":[{"href":"https:\/\/koduspa.ee\/en\/wp-json\/wp\/v2\/types\/product"}],"replies":[{"embeddable":true,"href":"https:\/\/koduspa.ee\/en\/wp-json\/wp\/v2\/comments?post=9308"}],"wp:featuredmedia":[{"embeddable":true,"href":"https:\/\/koduspa.ee\/en\/wp-json\/wp\/v2\/media\/9309"}],"wp:attachment":[{"href":"https:\/\/koduspa.ee\/en\/wp-json\/wp\/v2\/media?parent=9308"}],"wp:term":[{"taxonomy":"product_cat","embeddable":true,"href":"https:\/\/koduspa.ee\/en\/wp-json\/wp\/v2\/product_cat?post=9308"},{"taxonomy":"product_tag","embeddable":true,"href":"https:\/\/koduspa.ee\/en\/wp-json\/wp\/v2\/product_tag?post=9308"}],"curies":[{"name":"wp","href":"https:\/\/api.w.org\/{rel}","templated":true}]}}