{"id":8977,"date":"2021-09-14T14:39:05","date_gmt":"2021-09-14T14:39:05","guid":{"rendered":"https:\/\/koduspa.ee\/?post_type=product&#038;p=8977"},"modified":"2024-04-03T05:53:39","modified_gmt":"2024-04-03T05:53:39","slug":"ir-juhtpaneel-60","status":"publish","type":"product","link":"https:\/\/koduspa.ee\/en\/pood\/juhtpaneelid\/ir-juhtpaneel-60\/","title":{"rendered":"HELO IR JUHTPANEEL 60"},"content":{"rendered":"<h6 id=\"tw-target-text\" class=\"tw-data-text tw-text-large XcVN5d tw-ta\" dir=\"ltr\" data-placeholder=\"Translation\"><span class=\"Y2IQFc\" lang=\"et\" style=\"color: #000000;\">IR &#8211; juhtpaneel 60 min on ette n\u00e4htud <\/span><\/h6>\n<h6 class=\"tw-data-text tw-text-large XcVN5d tw-ta\" dir=\"ltr\" data-placeholder=\"Translation\"><span class=\"Y2IQFc\" lang=\"et\" style=\"color: #000000;\">infrapunapaneelide juhtimiseks. <\/span><\/h6>\n<h6 class=\"tw-data-text tw-text-large XcVN5d tw-ta\" dir=\"ltr\" data-placeholder=\"Translation\"><span class=\"Y2IQFc\" lang=\"et\" style=\"color: #000000;\">M\u00f5\u00f5t 90x90x70<\/span><\/h6>\n","protected":false},"excerpt":{"rendered":"<p>IR &#8211; juhtpaneel 60 min on ette n\u00e4htud infrapunapaneelide juhtimiseks. M\u00f5\u00f5t 90x90x70<\/p>\n","protected":false},"featured_media":8978,"comment_status":"open","ping_status":"closed","template":"","meta":{"_acf_changed":false,"_genesis_hide_title":false,"_genesis_hide_breadcrumbs":false,"_genesis_hide_singular_image":false,"_genesis_hide_footer_widgets":false,"_genesis_custom_body_class":"","_genesis_custom_post_class":"","_genesis_layout":""},"product_cat":[183],"product_tag":[],"acf":[],"_links":{"self":[{"href":"https:\/\/koduspa.ee\/en\/wp-json\/wp\/v2\/product\/8977"}],"collection":[{"href":"https:\/\/koduspa.ee\/en\/wp-json\/wp\/v2\/product"}],"about":[{"href":"https:\/\/koduspa.ee\/en\/wp-json\/wp\/v2\/types\/product"}],"replies":[{"embeddable":true,"href":"https:\/\/koduspa.ee\/en\/wp-json\/wp\/v2\/comments?post=8977"}],"wp:featuredmedia":[{"embeddable":true,"href":"https:\/\/koduspa.ee\/en\/wp-json\/wp\/v2\/media\/8978"}],"wp:attachment":[{"href":"https:\/\/koduspa.ee\/en\/wp-json\/wp\/v2\/media?parent=8977"}],"wp:term":[{"taxonomy":"product_cat","embeddable":true,"href":"https:\/\/koduspa.ee\/en\/wp-json\/wp\/v2\/product_cat?post=8977"},{"taxonomy":"product_tag","embeddable":true,"href":"https:\/\/koduspa.ee\/en\/wp-json\/wp\/v2\/product_tag?post=8977"}],"curies":[{"name":"wp","href":"https:\/\/api.w.org\/{rel}","templated":true}]}}