{"id":8961,"date":"2021-09-14T14:08:00","date_gmt":"2021-09-14T14:08:00","guid":{"rendered":"https:\/\/koduspa.ee\/?post_type=product&#038;p=8961"},"modified":"2024-04-03T06:42:13","modified_gmt":"2024-04-03T06:42:13","slug":"kontaktor-box-ot-2-ple","status":"publish","type":"product","link":"https:\/\/koduspa.ee\/en\/pood\/juhtpaneelid\/kontaktor-box-ot-2-ple\/","title":{"rendered":"HELO KONTAKTOR BOX OT 2 PLE"},"content":{"rendered":"<h6 id=\"tw-target-text\" class=\"tw-data-text tw-text-large XcVN5d tw-ta\" dir=\"ltr\" data-placeholder=\"Translation\"><span class=\"Y2IQFc\" lang=\"et\" style=\"color: #000000;\">Lihtsalt kasutatav juhtpaneel OT 2 PLE eelseadistatud aja ja<br \/>\n<\/span><\/h6>\n<h6 class=\"tw-data-text tw-text-large XcVN5d tw-ta\" dir=\"ltr\" data-placeholder=\"Translation\"><span class=\"Y2IQFc\" lang=\"et\" style=\"color: #000000;\">temperatuuri funktsiooniga. <\/span><\/h6>\n<h6 class=\"tw-data-text tw-text-large XcVN5d tw-ta\" dir=\"ltr\" data-placeholder=\"Translation\"><span class=\"Y2IQFc\" lang=\"et\" style=\"color: #000000;\">Taimer 0 &#8211; 24 h,\u00a0 t\u00f6\u00f6aeg 0 &#8211; 6 h<br \/>\n<\/span><\/h6>\n<h6 class=\"tw-data-text tw-text-large XcVN5d tw-ta\" dir=\"ltr\" data-placeholder=\"Translation\"><span class=\"Y2IQFc\" lang=\"et\" style=\"color: #000000;\">Valguse juhtimine (ON\/OFF) 3 -faasiline \u00fchendus.<br \/>\n<\/span><\/h6>\n<h6 class=\"tw-data-text tw-text-large XcVN5d tw-ta\" dir=\"ltr\" data-placeholder=\"Translation\"><span class=\"Y2IQFc\" lang=\"et\" style=\"color: #000000;\">M\u00f5\u00f5t 245x80x220mm.<\/span><\/h6>\n","protected":false},"excerpt":{"rendered":"<p>Lihtsalt kasutatav juhtpaneel OT 2 PLE eelseadistatud aja ja temperatuuri funktsiooniga. Taimer 0 &#8211; 24 h,\u00a0 t\u00f6\u00f6aeg 0 &#8211; 6 h Valguse juhtimine (ON\/OFF) 3 -faasiline \u00fchendus. M\u00f5\u00f5t 245x80x220mm.<\/p>\n","protected":false},"featured_media":8962,"comment_status":"open","ping_status":"closed","template":"","meta":{"_acf_changed":false,"_genesis_hide_title":false,"_genesis_hide_breadcrumbs":false,"_genesis_hide_singular_image":false,"_genesis_hide_footer_widgets":false,"_genesis_custom_body_class":"","_genesis_custom_post_class":"","_genesis_layout":""},"product_cat":[183],"product_tag":[],"acf":[],"_links":{"self":[{"href":"https:\/\/koduspa.ee\/en\/wp-json\/wp\/v2\/product\/8961"}],"collection":[{"href":"https:\/\/koduspa.ee\/en\/wp-json\/wp\/v2\/product"}],"about":[{"href":"https:\/\/koduspa.ee\/en\/wp-json\/wp\/v2\/types\/product"}],"replies":[{"embeddable":true,"href":"https:\/\/koduspa.ee\/en\/wp-json\/wp\/v2\/comments?post=8961"}],"wp:featuredmedia":[{"embeddable":true,"href":"https:\/\/koduspa.ee\/en\/wp-json\/wp\/v2\/media\/8962"}],"wp:attachment":[{"href":"https:\/\/koduspa.ee\/en\/wp-json\/wp\/v2\/media?parent=8961"}],"wp:term":[{"taxonomy":"product_cat","embeddable":true,"href":"https:\/\/koduspa.ee\/en\/wp-json\/wp\/v2\/product_cat?post=8961"},{"taxonomy":"product_tag","embeddable":true,"href":"https:\/\/koduspa.ee\/en\/wp-json\/wp\/v2\/product_tag?post=8961"}],"curies":[{"name":"wp","href":"https:\/\/api.w.org\/{rel}","templated":true}]}}