{"id":8863,"date":"2021-09-14T09:18:32","date_gmt":"2021-09-14T09:18:32","guid":{"rendered":"https:\/\/koduspa.ee\/?post_type=product&#038;p=8863"},"modified":"2024-04-04T10:47:51","modified_gmt":"2024-04-04T10:47:51","slug":"ir-paneel-b","status":"publish","type":"product","link":"https:\/\/koduspa.ee\/en\/pood\/infrapunasaun-en\/ir-paneel-b\/","title":{"rendered":"HELO IR-PANEEL B"},"content":{"rendered":"<h6 id=\"tw-target-text\" class=\"tw-data-text tw-text-large XcVN5d tw-ta\" dir=\"ltr\" data-placeholder=\"Translation\"><span class=\"Y2IQFc\" lang=\"et\"><span style=\"color: #000000;\">Helo infrapunapaneele saate paigaldada <\/span><\/span><\/h6>\n<h6 class=\"tw-data-text tw-text-large XcVN5d tw-ta\" dir=\"ltr\" data-placeholder=\"Translation\"><span class=\"Y2IQFc\" lang=\"et\"><span style=\"color: #000000;\">olemasolevasse traditsioonilisse saunaruumi. <\/span><br \/>\n<\/span><\/h6>\n<h6 class=\"tw-data-text tw-text-large XcVN5d tw-ta\" dir=\"ltr\" data-placeholder=\"Translation\"><span class=\"Y2IQFc\" lang=\"et\"><span style=\"color: #000000;\">Lisaks infrapuna paneelidele <\/span><\/span><span class=\"Y2IQFc\" lang=\"et\"><span style=\"color: #000000;\">tuleb tellida eraldi m\u00fc\u00fcdav seljatoe v\u00f5re. <\/span><br \/>\n<\/span><\/h6>\n<h6 class=\"tw-data-text tw-text-large XcVN5d tw-ta\" dir=\"ltr\" data-placeholder=\"Translation\"><span class=\"Y2IQFc\" lang=\"et\"><span style=\"color: #000000;\">Seljatoe v\u00f5re tagab sobiva vahemaa selja ja k\u00fctteelementide vahel<\/span><br \/>\n<\/span><\/h6>\n<h6 class=\"tw-data-text tw-text-large XcVN5d tw-ta\" dir=\"ltr\" data-placeholder=\"Translation\"><span class=\"Y2IQFc\" lang=\"et\"><span style=\"color: #000000;\">ning parandab istumismugavust. <\/span><br \/>\n<\/span><\/h6>\n<h6 class=\"tw-data-text tw-text-large XcVN5d tw-ta\" dir=\"ltr\" data-placeholder=\"Translation\"><span class=\"Y2IQFc\" lang=\"et\"><span style=\"color: #000000;\">IR-paneel B on musta v\u00e4rvi. <\/span><br \/>\n<\/span><\/h6>\n<h6 class=\"tw-data-text tw-text-large XcVN5d tw-ta\" dir=\"ltr\" data-placeholder=\"Translation\"><span class=\"Y2IQFc\" lang=\"et\"><span style=\"color: #000000;\">M\u00f5\u00f5t: 310x910x31mm.<\/span><\/span><\/h6>\n<p>&nbsp;<\/p>\n","protected":false},"excerpt":{"rendered":"<p>Helo infrapunapaneele saate paigaldada olemasolevasse traditsioonilisse saunaruumi. Lisaks infrapuna paneelidele tuleb tellida eraldi m\u00fc\u00fcdav seljatoe v\u00f5re. Seljatoe v\u00f5re tagab sobiva vahemaa selja ja k\u00fctteelementide vahel ning parandab istumismugavust. IR-paneel B on musta v\u00e4rvi. M\u00f5\u00f5t: 310x910x31mm. &nbsp;<\/p>\n","protected":false},"featured_media":8864,"comment_status":"open","ping_status":"closed","template":"","meta":{"_acf_changed":false,"_genesis_hide_title":false,"_genesis_hide_breadcrumbs":false,"_genesis_hide_singular_image":false,"_genesis_hide_footer_widgets":false,"_genesis_custom_body_class":"","_genesis_custom_post_class":"","_genesis_layout":""},"product_brand":[],"product_cat":[185],"product_tag":[],"class_list":{"0":"post-8863","1":"product","2":"type-product","3":"status-publish","4":"has-post-thumbnail","6":"product_cat-infrapunasaun","7":"entry","8":"override","10":"first","11":"instock","12":"shipping-taxable","13":"purchasable","14":"product-type-simple"},"acf":[],"_links":{"self":[{"href":"https:\/\/koduspa.ee\/en\/wp-json\/wp\/v2\/product\/8863","targetHints":{"allow":["GET"]}}],"collection":[{"href":"https:\/\/koduspa.ee\/en\/wp-json\/wp\/v2\/product"}],"about":[{"href":"https:\/\/koduspa.ee\/en\/wp-json\/wp\/v2\/types\/product"}],"replies":[{"embeddable":true,"href":"https:\/\/koduspa.ee\/en\/wp-json\/wp\/v2\/comments?post=8863"}],"wp:featuredmedia":[{"embeddable":true,"href":"https:\/\/koduspa.ee\/en\/wp-json\/wp\/v2\/media\/8864"}],"wp:attachment":[{"href":"https:\/\/koduspa.ee\/en\/wp-json\/wp\/v2\/media?parent=8863"}],"wp:term":[{"taxonomy":"product_brand","embeddable":true,"href":"https:\/\/koduspa.ee\/en\/wp-json\/wp\/v2\/product_brand?post=8863"},{"taxonomy":"product_cat","embeddable":true,"href":"https:\/\/koduspa.ee\/en\/wp-json\/wp\/v2\/product_cat?post=8863"},{"taxonomy":"product_tag","embeddable":true,"href":"https:\/\/koduspa.ee\/en\/wp-json\/wp\/v2\/product_tag?post=8863"}],"curies":[{"name":"wp","href":"https:\/\/api.w.org\/{rel}","templated":true}]}}