{"id":8486,"date":"2021-05-06T13:39:11","date_gmt":"2021-05-06T13:39:11","guid":{"rendered":"https:\/\/koduspa.ee\/?post_type=product&#038;p=8486"},"modified":"2024-04-06T10:56:14","modified_gmt":"2024-04-06T10:56:14","slug":"led-valgusti-komplekt-43w-230v","status":"publish","type":"product","link":"https:\/\/koduspa.ee\/en\/pood\/tylo-valgustid\/led-valgusti-komplekt-43w-230v\/","title":{"rendered":"TYL\u00d6 LED VALGUSTI KOMPLEKT 4,3W 230V"},"content":{"rendered":"<div class=\"T4LgNb\">\n<div class=\"WFnNle\">\n<div class=\"OlSOob\">\n<div class=\"ccvoYb\">\n<div class=\"AxqVh\">\n<div class=\"OPPzxe\">\n<div class=\"dePhmb\">\n<div class=\"eyKpYb\" data-language=\"et\" data-original-language=\"en\" data-result-index=\"0\">\n<h6 class=\"J0lOec\"><span class=\"VIiyi\" lang=\"et\" style=\"color: #000000;\"><span class=\"JLqJ4b ChMk0b\" data-language-for-alternatives=\"et\" data-language-to-translate-into=\"en\" data-phrase-index=\"2\">V\u00e4ike 1,2 W minivalgus, mis on loodud optimaalseks <\/span><\/span><\/h6>\n<h6 class=\"J0lOec\"><span class=\"VIiyi\" lang=\"et\" style=\"color: #000000;\"><span class=\"JLqJ4b ChMk0b\" data-language-for-alternatives=\"et\" data-language-to-translate-into=\"en\" data-phrase-index=\"2\">pimestamiseks l\u00e4bi valgusti sisse s\u00fcvistatava objektiivi.<\/span><\/span><\/h6>\n<h6 class=\"J0lOec\">Pinnaviimistlus mattvalge, alumiiniumist valgusti korpuses,<\/h6>\n<h6 class=\"J0lOec\">tahked vedrud, mis hoiavad allvalgustit paigal.<\/h6>\n<h6 class=\"J0lOec\"><span class=\"VIiyi\" lang=\"et\" style=\"color: #000000;\"> <span class=\"JLqJ4b ChMk0b\" data-language-for-alternatives=\"et\" data-language-to-translate-into=\"en\" data-phrase-index=\"4\">Selle allvalgustuse korpuseklass on IP65, <\/span><\/span><\/h6>\n<h6 class=\"J0lOec\"><span style=\"color: #000000;\"><span class=\"VIiyi\" lang=\"et\"><span class=\"JLqJ4b ChMk0b\" data-language-for-alternatives=\"et\" data-language-to-translate-into=\"en\" data-phrase-index=\"4\">mis v\u00f5imaldab paigaldamist m\u00e4rgades ruumides.<\/span><\/span><\/span><\/h6>\n<h6 class=\"J0lOec\"><span style=\"color: #000000;\"><span class=\"VIiyi\" lang=\"et\"><span class=\"JLqJ4b ChMk0b\" data-language-for-alternatives=\"et\" data-language-to-translate-into=\"en\" data-phrase-index=\"5\">Juhtimine on kaasas. Komplektis 2 valgustit ja konvektor.<\/span><\/span><\/span><\/h6>\n<div class=\"J0lOec\">\n<div class=\"DNFg3e\">\n<div class=\"oJweqc KKjvXb\" data-alternative-index=\"0\">\n<h6 class=\"PrVWEc\"><span style=\"color: #000000;\">M\u00f5\u00f5t 100x60x140mm<\/span><\/h6>\n<h6 class=\"PrVWEc\"><span style=\"color: #000000;\">Tehnilised andmed:<\/span><\/h6>\n<h6><a href=\"https:\/\/s3-eu-west-1.amazonaws.com\/gung-images-bucket-ireland\/tylo\/pim-item\/90011040\/P-117MW.pdf\">https:\/\/s3-eu-west-1.amazonaws.com\/gung-images-bucket-ireland\/tylo\/pim-item\/90011040\/P-117MW.pdf<\/a><\/h6>\n<\/div>\n<\/div>\n<\/div>\n<\/div>\n<\/div>\n<\/div>\n<\/div>\n<\/div>\n<\/div>\n<\/div>\n<\/div>\n","protected":false},"excerpt":{"rendered":"<p>V\u00e4ike 1,2 W minivalgus, mis on loodud optimaalseks pimestamiseks l\u00e4bi valgusti sisse s\u00fcvistatava objektiivi. Pinnaviimistlus mattvalge, alumiiniumist valgusti korpuses, tahked vedrud, mis hoiavad allvalgustit paigal. Selle allvalgustuse korpuseklass on IP65, mis v\u00f5imaldab paigaldamist m\u00e4rgades ruumides. Juhtimine on kaasas. Komplektis 2 valgustit ja konvektor. M\u00f5\u00f5t 100x60x140mm Tehnilised andmed: https:\/\/s3-eu-west-1.amazonaws.com\/gung-images-bucket-ireland\/tylo\/pim-item\/90011040\/P-117MW.pdf<\/p>\n","protected":false},"featured_media":8487,"comment_status":"open","ping_status":"closed","template":"","meta":{"_acf_changed":false,"_genesis_hide_title":false,"_genesis_hide_breadcrumbs":false,"_genesis_hide_singular_image":false,"_genesis_hide_footer_widgets":false,"_genesis_custom_body_class":"","_genesis_custom_post_class":"","_genesis_layout":""},"product_brand":[],"product_cat":[372],"product_tag":[],"class_list":{"0":"post-8486","1":"product","2":"type-product","3":"status-publish","4":"has-post-thumbnail","6":"product_cat-tylo-valgustid","7":"entry","8":"override","10":"first","11":"instock","12":"shipping-taxable","13":"purchasable","14":"product-type-simple"},"acf":[],"_links":{"self":[{"href":"https:\/\/koduspa.ee\/en\/wp-json\/wp\/v2\/product\/8486","targetHints":{"allow":["GET"]}}],"collection":[{"href":"https:\/\/koduspa.ee\/en\/wp-json\/wp\/v2\/product"}],"about":[{"href":"https:\/\/koduspa.ee\/en\/wp-json\/wp\/v2\/types\/product"}],"replies":[{"embeddable":true,"href":"https:\/\/koduspa.ee\/en\/wp-json\/wp\/v2\/comments?post=8486"}],"wp:featuredmedia":[{"embeddable":true,"href":"https:\/\/koduspa.ee\/en\/wp-json\/wp\/v2\/media\/8487"}],"wp:attachment":[{"href":"https:\/\/koduspa.ee\/en\/wp-json\/wp\/v2\/media?parent=8486"}],"wp:term":[{"taxonomy":"product_brand","embeddable":true,"href":"https:\/\/koduspa.ee\/en\/wp-json\/wp\/v2\/product_brand?post=8486"},{"taxonomy":"product_cat","embeddable":true,"href":"https:\/\/koduspa.ee\/en\/wp-json\/wp\/v2\/product_cat?post=8486"},{"taxonomy":"product_tag","embeddable":true,"href":"https:\/\/koduspa.ee\/en\/wp-json\/wp\/v2\/product_tag?post=8486"}],"curies":[{"name":"wp","href":"https:\/\/api.w.org\/{rel}","templated":true}]}}