{"id":8401,"date":"2021-05-04T08:44:44","date_gmt":"2021-05-04T08:44:44","guid":{"rendered":"https:\/\/koduspa.ee\/?post_type=product&#038;p=8401"},"modified":"2022-09-30T07:10:48","modified_gmt":"2022-09-30T07:10:48","slug":"kerise-dekoratiivkate-3","status":"publish","type":"product","link":"https:\/\/koduspa.ee\/en\/pood\/tylo-elektrikerise-lisatarvikud-en\/kerise-dekoratiivkate-3\/","title":{"rendered":"KERISE DEKORATIIVKATE"},"content":{"rendered":"<h6><span style=\"color: #000000;\">Sobib Tyl\u00f6 keristele 6-10kw, alates 2014 a. valminud keristele.<\/span><\/h6>\n<h6><span style=\"color: #000000;\">m\u00f5\u00f5t 490105x540mm, <\/span><\/h6>\n<h6><span style=\"color: #000000;\">katab kerise esiosa.<\/span><\/h6>\n","protected":false},"excerpt":{"rendered":"<p>Sobib Tyl\u00f6 keristele 6-10kw, alates 2014 a. valminud keristele. m\u00f5\u00f5t 490105x540mm, katab kerise esiosa.<\/p>\n","protected":false},"featured_media":12000,"comment_status":"open","ping_status":"closed","template":"","meta":{"_acf_changed":false,"_genesis_hide_title":false,"_genesis_hide_breadcrumbs":false,"_genesis_hide_singular_image":false,"_genesis_hide_footer_widgets":false,"_genesis_custom_body_class":"","_genesis_custom_post_class":"","_genesis_layout":""},"product_brand":[],"product_cat":[186],"product_tag":[],"class_list":{"0":"post-8401","1":"product","2":"type-product","3":"status-publish","4":"has-post-thumbnail","6":"product_cat-tylo-elektrikerise-lisatarvikud","7":"entry","8":"override","10":"first","11":"instock","12":"shipping-taxable","13":"purchasable","14":"product-type-simple"},"acf":[],"_links":{"self":[{"href":"https:\/\/koduspa.ee\/en\/wp-json\/wp\/v2\/product\/8401","targetHints":{"allow":["GET"]}}],"collection":[{"href":"https:\/\/koduspa.ee\/en\/wp-json\/wp\/v2\/product"}],"about":[{"href":"https:\/\/koduspa.ee\/en\/wp-json\/wp\/v2\/types\/product"}],"replies":[{"embeddable":true,"href":"https:\/\/koduspa.ee\/en\/wp-json\/wp\/v2\/comments?post=8401"}],"wp:featuredmedia":[{"embeddable":true,"href":"https:\/\/koduspa.ee\/en\/wp-json\/wp\/v2\/media\/12000"}],"wp:attachment":[{"href":"https:\/\/koduspa.ee\/en\/wp-json\/wp\/v2\/media?parent=8401"}],"wp:term":[{"taxonomy":"product_brand","embeddable":true,"href":"https:\/\/koduspa.ee\/en\/wp-json\/wp\/v2\/product_brand?post=8401"},{"taxonomy":"product_cat","embeddable":true,"href":"https:\/\/koduspa.ee\/en\/wp-json\/wp\/v2\/product_cat?post=8401"},{"taxonomy":"product_tag","embeddable":true,"href":"https:\/\/koduspa.ee\/en\/wp-json\/wp\/v2\/product_tag?post=8401"}],"curies":[{"name":"wp","href":"https:\/\/api.w.org\/{rel}","templated":true}]}}