{"id":8234,"date":"2021-04-13T06:38:45","date_gmt":"2021-04-13T06:38:45","guid":{"rendered":"https:\/\/koduspa.ee\/?post_type=product&#038;p=8234"},"modified":"2024-04-05T10:13:43","modified_gmt":"2024-04-05T10:13:43","slug":"aurudussikabiin-vista-130","status":"publish","type":"product","link":"https:\/\/koduspa.ee\/en\/pood\/saunaruumid-en\/aurudussikabiin-vista-130\/","title":{"rendered":"TYL\u00d6 AURU DU\u0160IKABIIN VISTA VASAK NURGA130 KROOM"},"content":{"rendered":"<div class=\"T4LgNb\">\n<div class=\"WFnNle\">\n<div class=\"OlSOob\">\n<div class=\"ccvoYb\">\n<div class=\"AxqVh\">\n<div class=\"OPPzxe\">\n<div class=\"dePhmb\">\n<div class=\"eyKpYb\" data-language=\"et\" data-original-language=\"en\" data-result-index=\"0\">\n<h6 class=\"J0lOec\"><span style=\"color: #000000;\">Steam Vista 130 vasak on valmistatud minimaalselt mattmustade alumiiniumprofiilide ja<\/span><\/h6>\n<h6 class=\"J0lOec\"><span style=\"color: #000000;\"> 8 mm karastatud suitsuklaasiga. Klaasnurk on vasakul pool (eestvaates). <\/span><\/h6>\n<h6 class=\"J0lOec\"><span style=\"color: #000000;\">Katus koosneb HPL-st (k\u00f5rgsurvelaminaadist), millel on isoleeritud vahts\u00fcdamik,<\/span><\/h6>\n<h6 class=\"J0lOec\"><span style=\"color: #000000;\"> et minimeerida kondensaadi tilkumist tavap\u00e4rasel kasutamisel. <\/span><\/h6>\n<h6 class=\"J0lOec\"><span style=\"color: #000000;\">Hinged ja ukselingid on Saksa tootjalt Pauli.\u00a0<\/span><\/h6>\n<h6 class=\"J0lOec\"><span style=\"color: #000000;\"> Uksel on magnetsulgur. Kabiin on varustatud \u00fcladu\u0161\u0161iga. <\/span><\/h6>\n<h6 class=\"J0lOec\"><span style=\"color: #000000;\">Aurukolonn on s\u00fcvistatud tagaseina ja valmistatud 8mm mustast karastatud klaasist. <\/span><\/h6>\n<h6 class=\"J0lOec\"><span style=\"color: #000000;\">Klaasi taga on sisseehitatud neoon LED valgustus. <\/span><\/h6>\n<h6 class=\"J0lOec\"><span style=\"color: #000000;\">Juhtpaneel Elite Cloud on komplektis ja paigaldatakse otse klaasile.<\/span><\/h6>\n<h6 class=\"J0lOec\"><span style=\"color: #000000;\"> Auru hakkab tootma 2 minuti p\u00e4rast ning peagi on saavutatud mugav ja soe temperatuur.<\/span><\/h6>\n<h6 class=\"J0lOec\"><span style=\"color: #000000;\">Termostaat, segisti ja k\u00e4sidu\u0161\u0161 on paigaldatud kolonni, <\/span><\/h6>\n<h6 class=\"J0lOec\"><span style=\"color: #000000;\">valmistatud Saksa tootja Dornbrachtist poolt. <\/span><\/h6>\n<h6 class=\"J0lOec\"><span style=\"color: #000000;\">Auruotsik on vaikne ja sellel on kaks 6mm karastatud suitsuv\u00e4rvi klaasi,<\/span><\/h6>\n<h6 class=\"J0lOec\"><span style=\"color: #000000;\"> mis muudab auruotsiku turvaliseks. <\/span><\/h6>\n<h6 class=\"J0lOec\"><span style=\"color: #000000;\">Auruotsik on varustatud v\u00e4ikese l\u00f5hnan\u00f5uga. <\/span><\/h6>\n<h6 class=\"J0lOec\"><span style=\"color: #000000;\">Lisavarustusena on saadaval Pixeli riiul, Pixeli tool,<\/span><\/h6>\n<h6 class=\"J0lOec\"><span style=\"color: #000000;\">Spotlight LED ja RGB meeleoluvalgustus.\u00a0<\/span><\/h6>\n<h6><span style=\"color: #000000;\">Tehnilised andmed:<\/span><\/h6>\n<h6><a href=\"https:\/\/www.tylohelo.com\/hubfs\/Tyl%C3%B6Helo%20downloads%20(product%20data)\/Tyl%C3%B6%20manuals\/2900%203015%20VISTA%20installation%20%26%20user%20guide.pdf?hsLang=en\">https:\/\/www.tylohelo.com\/hubfs\/Tyl%C3%B6Helo%20downloads%20(product%20data)\/Tyl%C3%B6%20manuals\/2900%203015%20VISTA%20installation%20%26%20user%20guide.pdf?hsLang=en<\/a><\/h6>\n<h6><a href=\"https:\/\/www.tylohelo.com\/hubfs\/Tyl%C3%B6Helo%20downloads%20(product%20data)\/Tyl%C3%B6%20manuals\/2900%203010%20VISTA%20installation%20guide.pdf?hsLang=en\">https:\/\/www.tylohelo.com\/hubfs\/Tyl%C3%B6Helo%20downloads%20(product%20data)\/Tyl%C3%B6%20manuals\/2900%203010%20VISTA%20installation%20guide.pdf?hsLang=en<\/a><\/h6>\n<h6><a href=\"https:\/\/www.tylohelo.com\/hubfs\/Tyl%C3%B6Helo%20downloads%20(product%20data)\/Tyl%C3%B6%20manuals\/2900%203016%20VISTA%20LED%20RGB.pdf?hsLang=en\">https:\/\/www.tylohelo.com\/hubfs\/Tyl%C3%B6Helo%20downloads%20(product%20data)\/Tyl%C3%B6%20manuals\/2900%203016%20VISTA%20LED%20RGB.pdf?hsLang=en<\/a><\/h6>\n<\/div>\n<\/div>\n<\/div>\n<\/div>\n<\/div>\n<\/div>\n<\/div>\n<\/div>\n","protected":false},"excerpt":{"rendered":"<p>Steam Vista 130 vasak on valmistatud minimaalselt mattmustade alumiiniumprofiilide ja 8 mm karastatud suitsuklaasiga. Klaasnurk on vasakul pool (eestvaates). Katus koosneb HPL-st (k\u00f5rgsurvelaminaadist), millel on isoleeritud vahts\u00fcdamik, et minimeerida kondensaadi tilkumist tavap\u00e4rasel kasutamisel. Hinged ja ukselingid on Saksa tootjalt Pauli.\u00a0 Uksel on magnetsulgur. Kabiin on varustatud \u00fcladu\u0161\u0161iga. Aurukolonn on s\u00fcvistatud tagaseina ja valmistatud 8mm mustast [&hellip;]<\/p>\n","protected":false},"featured_media":8235,"comment_status":"open","ping_status":"closed","template":"","meta":{"_acf_changed":false,"_genesis_hide_title":false,"_genesis_hide_breadcrumbs":false,"_genesis_hide_singular_image":false,"_genesis_hide_footer_widgets":false,"_genesis_custom_body_class":"","_genesis_custom_post_class":"","_genesis_layout":""},"product_brand":[],"product_cat":[174],"product_tag":[],"class_list":{"0":"post-8234","1":"product","2":"type-product","3":"status-publish","4":"has-post-thumbnail","6":"product_cat-saunaruumid","7":"entry","8":"override","10":"first","11":"instock","12":"shipping-taxable","13":"purchasable","14":"product-type-simple"},"acf":[],"_links":{"self":[{"href":"https:\/\/koduspa.ee\/en\/wp-json\/wp\/v2\/product\/8234","targetHints":{"allow":["GET"]}}],"collection":[{"href":"https:\/\/koduspa.ee\/en\/wp-json\/wp\/v2\/product"}],"about":[{"href":"https:\/\/koduspa.ee\/en\/wp-json\/wp\/v2\/types\/product"}],"replies":[{"embeddable":true,"href":"https:\/\/koduspa.ee\/en\/wp-json\/wp\/v2\/comments?post=8234"}],"wp:featuredmedia":[{"embeddable":true,"href":"https:\/\/koduspa.ee\/en\/wp-json\/wp\/v2\/media\/8235"}],"wp:attachment":[{"href":"https:\/\/koduspa.ee\/en\/wp-json\/wp\/v2\/media?parent=8234"}],"wp:term":[{"taxonomy":"product_brand","embeddable":true,"href":"https:\/\/koduspa.ee\/en\/wp-json\/wp\/v2\/product_brand?post=8234"},{"taxonomy":"product_cat","embeddable":true,"href":"https:\/\/koduspa.ee\/en\/wp-json\/wp\/v2\/product_cat?post=8234"},{"taxonomy":"product_tag","embeddable":true,"href":"https:\/\/koduspa.ee\/en\/wp-json\/wp\/v2\/product_tag?post=8234"}],"curies":[{"name":"wp","href":"https:\/\/api.w.org\/{rel}","templated":true}]}}