{"id":8161,"date":"2021-02-01T13:31:25","date_gmt":"2021-02-01T13:31:25","guid":{"rendered":"https:\/\/koduspa.ee\/?post_type=product&#038;p=8161"},"modified":"2025-10-27T12:46:21","modified_gmt":"2025-10-27T12:46:21","slug":"saunapink-classic-446x1264-haab","status":"publish","type":"product","link":"https:\/\/koduspa.ee\/en\/pood\/lisavarustus-en\/saunapink-classic-446x1264-haab\/","title":{"rendered":"SAUNAPINK CLASSIC 446&#215;1264 HAAB"},"content":{"rendered":"<p><span style=\"color: #000000;\">Uuendage oma praegust sauna v\u00f5i ehitage t\u00e4iesti uus. <\/span><\/p>\n<p><span style=\"color: #000000;\">Tyl\u00f6Helo pakub laias valikus erinevaid kujundusi ja viimistlusi igas suuruses saunadele. <\/span><\/p>\n<p><span style=\"color: #000000;\">Uuendage klaasiosade, sobivate valgustite v\u00f5i saunatarvikutega. <\/span><\/p>\n<p><span style=\"color: #000000;\">Klassikaline sauna sisustus on saadaval haava, lepa, termolepa ja <\/span><\/p>\n<p><span style=\"color: #000000;\">ameerika tulbipuu puidust.<\/span><\/p>\n<p><span style=\"color: #000000;\">Sauna sisustus on saadaval eelnevalt l\u00f5igatud m\u00f5\u00f5tmetena <\/span><\/p>\n<p><span style=\"color: #000000;\">v\u00f5i eri tellimusel individuaalsete eelistuste j\u00e4rgi l\u00f5igatud. <\/span><\/p>\n<p><span style=\"color: #000000;\">Klassikaline lai valik sisaldab pinke, seljatugesid, p\u00f5randaliiste ja voodrilaudu,<\/span><\/p>\n<p><span style=\"color: #000000;\"> t\u00e4ielikult viimistletud v\u00e4ljan\u00e4gemisega. On loodud vastu pidama raskele ja pidevale <\/span><\/p>\n<p><span style=\"color: #000000;\">kasutamisele <\/span><span style=\"color: #000000;\">pikemaks ajaks. Saadaval ka laiusega 598mm ja pikkus max. 2542mm.<\/span><\/p>\n<p><a href=\"https:\/\/www.tylohelo.com\/hubfs\/TYLOHELO\/Downloads\/Sauna%20interior%20\/Classic\/2900%204231%20Lave%20Classic_Classic%20Slim.pdf?hsLang=en\">https:\/\/www.tylohelo.com\/hubfs\/TYLOHELO\/Downloads\/Sauna%20interior%20\/Classic\/2900%204231%20Lave%20Classic_Classic%20Slim.pdf?hsLang=en<\/a><\/p>\n<p><a href=\"https:\/\/www.tylohelo.com\/hubfs\/TYLOHELO\/Downloads\/Sauna%20interior%20\/Classic\/2900%204232%20Ryggst%C3%B6d%20Dekorraster%20Classic_Classic%20Slim.pdf?hsLang=en\">https:\/\/www.tylohelo.com\/hubfs\/TYLOHELO\/Downloads\/Sauna%20interior%20\/Classic\/2900%204232%20Ryggst%C3%B6d%20Dekorraster%20Classic_Classic%20Slim.pdf?hsLang=en<\/a><\/p>\n<p><a href=\"https:\/\/www.tylohelo.com\/hubfs\/TYLOHELO\/Downloads\/Sauna%20interior%20\/Classic\/2900%204234%20Armst%C3%B6d%20Classic_Classic%20Slim.pdf?hsLang=en\">https:\/\/www.tylohelo.com\/hubfs\/TYLOHELO\/Downloads\/Sauna%20interior%20\/Classic\/2900%204234%20Armst%C3%B6d%20Classic_Classic%20Slim.pdf?hsLang=en<\/a><\/p>\n<p><a href=\"https:\/\/www.tylohelo.com\/hubfs\/TYLOHELO\/Downloads\/Sauna%20interior%20\/Classic\/2900%204235%20T%C3%A4cksida%20Classic_Classic%20Slim.pdf?hsLang=en\">https:\/\/www.tylohelo.com\/hubfs\/TYLOHELO\/Downloads\/Sauna%20interior%20\/Classic\/2900%204235%20T%C3%A4cksida%20Classic_Classic%20Slim.pdf?hsLang=en<\/a><\/p>\n","protected":false},"excerpt":{"rendered":"<p>Uuendage oma praegust sauna v\u00f5i ehitage t\u00e4iesti uus. Tyl\u00f6Helo pakub laias valikus erinevaid kujundusi ja viimistlusi igas suuruses saunadele. Uuendage klaasiosade, sobivate valgustite v\u00f5i saunatarvikutega. Klassikaline sauna sisustus on saadaval haava, lepa, termolepa ja ameerika tulbipuu puidust. Sauna sisustus on saadaval eelnevalt l\u00f5igatud m\u00f5\u00f5tmetena v\u00f5i eri tellimusel individuaalsete eelistuste j\u00e4rgi l\u00f5igatud. Klassikaline lai valik sisaldab [&hellip;]<\/p>\n","protected":false},"featured_media":8159,"comment_status":"open","ping_status":"closed","template":"","meta":{"_acf_changed":false,"_genesis_hide_title":false,"_genesis_hide_breadcrumbs":false,"_genesis_hide_singular_image":false,"_genesis_hide_footer_widgets":false,"_genesis_custom_body_class":"","_genesis_custom_post_class":"","_genesis_layout":""},"product_brand":[],"product_cat":[128],"product_tag":[],"class_list":{"0":"post-8161","1":"product","2":"type-product","3":"status-publish","4":"has-post-thumbnail","6":"product_cat-lisavarustus","7":"entry","8":"override","10":"first","11":"instock","12":"shipping-taxable","13":"purchasable","14":"product-type-simple"},"acf":[],"_links":{"self":[{"href":"https:\/\/koduspa.ee\/en\/wp-json\/wp\/v2\/product\/8161","targetHints":{"allow":["GET"]}}],"collection":[{"href":"https:\/\/koduspa.ee\/en\/wp-json\/wp\/v2\/product"}],"about":[{"href":"https:\/\/koduspa.ee\/en\/wp-json\/wp\/v2\/types\/product"}],"replies":[{"embeddable":true,"href":"https:\/\/koduspa.ee\/en\/wp-json\/wp\/v2\/comments?post=8161"}],"wp:featuredmedia":[{"embeddable":true,"href":"https:\/\/koduspa.ee\/en\/wp-json\/wp\/v2\/media\/8159"}],"wp:attachment":[{"href":"https:\/\/koduspa.ee\/en\/wp-json\/wp\/v2\/media?parent=8161"}],"wp:term":[{"taxonomy":"product_brand","embeddable":true,"href":"https:\/\/koduspa.ee\/en\/wp-json\/wp\/v2\/product_brand?post=8161"},{"taxonomy":"product_cat","embeddable":true,"href":"https:\/\/koduspa.ee\/en\/wp-json\/wp\/v2\/product_cat?post=8161"},{"taxonomy":"product_tag","embeddable":true,"href":"https:\/\/koduspa.ee\/en\/wp-json\/wp\/v2\/product_tag?post=8161"}],"curies":[{"name":"wp","href":"https:\/\/api.w.org\/{rel}","templated":true}]}}