{"id":8126,"date":"2021-02-01T12:30:54","date_gmt":"2021-02-01T12:30:54","guid":{"rendered":"https:\/\/koduspa.ee\/?post_type=product&#038;p=8126"},"modified":"2025-10-27T12:34:05","modified_gmt":"2025-10-27T12:34:05","slug":"seinapaneel-taika-12x196x3030-hall","status":"publish","type":"product","link":"https:\/\/koduspa.ee\/en\/pood\/lisavarustus\/seinapaneel-taika-12x196x3030-hall\/","title":{"rendered":"SAUNAPANEEL TAIKA 12x196x3050 HALL"},"content":{"rendered":"<p><span style=\"color: #000000;\">Taika paneel saunade seinte ja lagede sisepaneelid <\/span><\/p>\n<p><span style=\"color: #000000;\">loovad teie saunaruumi stiilse ja kaasaegse ilme. <\/span><\/p>\n<p><span style=\"color: #000000;\">Need on valmistatud sertifitseeritud kasevineerist,<\/span><\/p>\n<p><span style=\"color: #000000;\">v\u00e4rvivalik on must, hall, valge, pruun ja naturaalne. <\/span><\/p>\n<p><span style=\"color: #000000;\">Paneelid on m\u00f5lemalt k\u00fcljelt keele ja soonega.<\/span><\/p>\n","protected":false},"excerpt":{"rendered":"<p>Taika paneel saunade seinte ja lagede sisepaneelid loovad teie saunaruumi stiilse ja kaasaegse ilme. Need on valmistatud sertifitseeritud kasevineerist, v\u00e4rvivalik on must, hall, valge, pruun ja naturaalne. Paneelid on m\u00f5lemalt k\u00fcljelt keele ja soonega.<\/p>\n","protected":false},"featured_media":8127,"comment_status":"open","ping_status":"closed","template":"","meta":{"_acf_changed":false,"_genesis_hide_title":false,"_genesis_hide_breadcrumbs":false,"_genesis_hide_singular_image":false,"_genesis_hide_footer_widgets":false,"_genesis_custom_body_class":"","_genesis_custom_post_class":"","_genesis_layout":""},"product_cat":[128],"product_tag":[],"acf":[],"_links":{"self":[{"href":"https:\/\/koduspa.ee\/en\/wp-json\/wp\/v2\/product\/8126"}],"collection":[{"href":"https:\/\/koduspa.ee\/en\/wp-json\/wp\/v2\/product"}],"about":[{"href":"https:\/\/koduspa.ee\/en\/wp-json\/wp\/v2\/types\/product"}],"replies":[{"embeddable":true,"href":"https:\/\/koduspa.ee\/en\/wp-json\/wp\/v2\/comments?post=8126"}],"wp:featuredmedia":[{"embeddable":true,"href":"https:\/\/koduspa.ee\/en\/wp-json\/wp\/v2\/media\/8127"}],"wp:attachment":[{"href":"https:\/\/koduspa.ee\/en\/wp-json\/wp\/v2\/media?parent=8126"}],"wp:term":[{"taxonomy":"product_cat","embeddable":true,"href":"https:\/\/koduspa.ee\/en\/wp-json\/wp\/v2\/product_cat?post=8126"},{"taxonomy":"product_tag","embeddable":true,"href":"https:\/\/koduspa.ee\/en\/wp-json\/wp\/v2\/product_tag?post=8126"}],"curies":[{"name":"wp","href":"https:\/\/api.w.org\/{rel}","templated":true}]}}