{"id":7996,"date":"2021-01-20T07:17:02","date_gmt":"2021-01-20T07:17:02","guid":{"rendered":"https:\/\/koduspa.ee\/?post_type=product&#038;p=7996"},"modified":"2025-11-21T08:45:47","modified_gmt":"2025-11-21T08:45:47","slug":"aroomaine-tsitrus-250ml","status":"publish","type":"product","link":"https:\/\/koduspa.ee\/en\/pood\/saunaaroomid-olid-en\/aroomaine-tsitrus-250ml\/","title":{"rendered":"TYL\u00d6 SAUNAAROOM TSITRUS 250ml"},"content":{"rendered":"<p><span style=\"color: #000000;\">Leili-ja aurusauna aroomaine. <\/span><\/p>\n<p><span style=\"color: #000000;\">Sobib nii kodu- kui ka profisaunadeses kasutamiseks. <\/span><\/p>\n<p><span style=\"color: #000000;\"><strong>Tsitrus<\/strong>: kerge ja v\u00e4rske sidrunil\u00f5hn, <\/span><\/p>\n<p><span style=\"color: #000000;\">mis v\u00e4hendab stressi ja aitab meeleolu t\u00f5sta. <\/span><\/p>\n<p><span style=\"color: #000000;\">On teada, et see tugevdab teie immuuns\u00fcsteemi, nohu ja muude viiruste vastu.<\/span><\/p>\n<p><span style=\"color: #000000;\"> Tootjamaa &#8211; Rootsi.<\/span><\/p>\n<p>&nbsp;<\/p>\n","protected":false},"excerpt":{"rendered":"<p>Leili-ja aurusauna aroomaine. Sobib nii kodu- kui ka profisaunadeses kasutamiseks. Tsitrus: kerge ja v\u00e4rske sidrunil\u00f5hn, mis v\u00e4hendab stressi ja aitab meeleolu t\u00f5sta. On teada, et see tugevdab teie immuuns\u00fcsteemi, nohu ja muude viiruste vastu. Tootjamaa &#8211; Rootsi. &nbsp;<\/p>\n","protected":false},"featured_media":7997,"comment_status":"open","ping_status":"closed","template":"","meta":{"_acf_changed":false,"_genesis_hide_title":false,"_genesis_hide_breadcrumbs":false,"_genesis_hide_singular_image":false,"_genesis_hide_footer_widgets":false,"_genesis_custom_body_class":"","_genesis_custom_post_class":"","_genesis_layout":""},"product_brand":[],"product_cat":[362],"product_tag":[],"class_list":{"0":"post-7996","1":"product","2":"type-product","3":"status-publish","4":"has-post-thumbnail","6":"product_cat-saunaaroomid-olid","7":"entry","8":"override","10":"first","11":"instock","12":"shipping-taxable","13":"purchasable","14":"product-type-simple"},"acf":[],"_links":{"self":[{"href":"https:\/\/koduspa.ee\/en\/wp-json\/wp\/v2\/product\/7996","targetHints":{"allow":["GET"]}}],"collection":[{"href":"https:\/\/koduspa.ee\/en\/wp-json\/wp\/v2\/product"}],"about":[{"href":"https:\/\/koduspa.ee\/en\/wp-json\/wp\/v2\/types\/product"}],"replies":[{"embeddable":true,"href":"https:\/\/koduspa.ee\/en\/wp-json\/wp\/v2\/comments?post=7996"}],"wp:featuredmedia":[{"embeddable":true,"href":"https:\/\/koduspa.ee\/en\/wp-json\/wp\/v2\/media\/7997"}],"wp:attachment":[{"href":"https:\/\/koduspa.ee\/en\/wp-json\/wp\/v2\/media?parent=7996"}],"wp:term":[{"taxonomy":"product_brand","embeddable":true,"href":"https:\/\/koduspa.ee\/en\/wp-json\/wp\/v2\/product_brand?post=7996"},{"taxonomy":"product_cat","embeddable":true,"href":"https:\/\/koduspa.ee\/en\/wp-json\/wp\/v2\/product_cat?post=7996"},{"taxonomy":"product_tag","embeddable":true,"href":"https:\/\/koduspa.ee\/en\/wp-json\/wp\/v2\/product_tag?post=7996"}],"curies":[{"name":"wp","href":"https:\/\/api.w.org\/{rel}","templated":true}]}}