{"id":7730,"date":"2021-01-06T10:26:11","date_gmt":"2021-01-06T10:26:11","guid":{"rendered":"https:\/\/koduspa.ee\/?post_type=product&#038;p=7730"},"modified":"2024-04-05T10:19:34","modified_gmt":"2024-04-05T10:19:34","slug":"aurusauna-pink-panaceia-ja-excellent-panacea","status":"publish","type":"product","link":"https:\/\/koduspa.ee\/en\/pood\/saunaruumid-en\/aurusauna-pink-panaceia-ja-excellent-panacea\/","title":{"rendered":"TYL\u00d6 AURUSAUNA PINK PANACEIA 1545"},"content":{"rendered":"<p><span style=\"color: #000000;\">Pink Panaceia on valget v\u00e4rvi, saadaval erinevas pikkuses alates 1545mm,<\/span><\/p>\n<p><span style=\"color: #000000;\">k\u00f5rgus 450mm ja s\u00fcgavus 600mm.<\/span><\/p>\n<p><span style=\"color: #000000;\">Valmistatud vastupidavast akr\u00fc\u00fclkivist, kergesti puhastatav.<\/span><\/p>\n<p><a href=\"https:\/\/s3-eu-west-1.amazonaws.com\/gung-images-bucket-ireland\/tylo\/2900%202840%20Lavar%20Corian.pdf\">https:\/\/s3-eu-west-1.amazonaws.com\/gung-images-bucket-ireland\/tylo\/2900%202840%20Lavar%20Corian.pdf<\/a><\/p>\n","protected":false},"excerpt":{"rendered":"<p>Pink Panaceia on valget v\u00e4rvi, saadaval erinevas pikkuses alates 1545mm, k\u00f5rgus 450mm ja s\u00fcgavus 600mm. Valmistatud vastupidavast akr\u00fc\u00fclkivist, kergesti puhastatav. https:\/\/s3-eu-west-1.amazonaws.com\/gung-images-bucket-ireland\/tylo\/2900%202840%20Lavar%20Corian.pdf<\/p>\n","protected":false},"featured_media":7731,"comment_status":"open","ping_status":"closed","template":"","meta":{"_acf_changed":false,"_genesis_hide_title":false,"_genesis_hide_breadcrumbs":false,"_genesis_hide_singular_image":false,"_genesis_hide_footer_widgets":false,"_genesis_custom_body_class":"","_genesis_custom_post_class":"","_genesis_layout":""},"product_brand":[],"product_cat":[174],"product_tag":[],"class_list":{"0":"post-7730","1":"product","2":"type-product","3":"status-publish","4":"has-post-thumbnail","6":"product_cat-saunaruumid","7":"entry","8":"override","10":"first","11":"instock","12":"shipping-taxable","13":"purchasable","14":"product-type-simple"},"acf":[],"_links":{"self":[{"href":"https:\/\/koduspa.ee\/en\/wp-json\/wp\/v2\/product\/7730","targetHints":{"allow":["GET"]}}],"collection":[{"href":"https:\/\/koduspa.ee\/en\/wp-json\/wp\/v2\/product"}],"about":[{"href":"https:\/\/koduspa.ee\/en\/wp-json\/wp\/v2\/types\/product"}],"replies":[{"embeddable":true,"href":"https:\/\/koduspa.ee\/en\/wp-json\/wp\/v2\/comments?post=7730"}],"wp:featuredmedia":[{"embeddable":true,"href":"https:\/\/koduspa.ee\/en\/wp-json\/wp\/v2\/media\/7731"}],"wp:attachment":[{"href":"https:\/\/koduspa.ee\/en\/wp-json\/wp\/v2\/media?parent=7730"}],"wp:term":[{"taxonomy":"product_brand","embeddable":true,"href":"https:\/\/koduspa.ee\/en\/wp-json\/wp\/v2\/product_brand?post=7730"},{"taxonomy":"product_cat","embeddable":true,"href":"https:\/\/koduspa.ee\/en\/wp-json\/wp\/v2\/product_cat?post=7730"},{"taxonomy":"product_tag","embeddable":true,"href":"https:\/\/koduspa.ee\/en\/wp-json\/wp\/v2\/product_tag?post=7730"}],"curies":[{"name":"wp","href":"https:\/\/api.w.org\/{rel}","templated":true}]}}