{"id":7268,"date":"2020-10-26T09:19:18","date_gmt":"2020-10-26T09:19:18","guid":{"rendered":"https:\/\/koduspa.ee\/?post_type=product&#038;p=7268"},"modified":"2024-04-05T09:56:04","modified_gmt":"2024-04-05T09:56:04","slug":"essential-oli-4-pakk-10ml","status":"publish","type":"product","link":"https:\/\/koduspa.ee\/en\/pood\/saunaaroomid-olid\/essential-oli-4-pakk-10ml\/","title":{"rendered":"TYL\u00d6 AROOM\u00d5LI 4-pakk 4X10ml"},"content":{"rendered":"<p><span style=\"color: #000000;\">Pakk sisaldab nelja erineva l\u00f5hnaga aroom\u00f5li:<\/span><\/p>\n<p><span style=\"color: #000000;\">eukal\u00fcpti, lavendlit, m\u00fcnti ja tsitrust. 100% eeterlik \u00f5li. <\/span><\/p>\n<p><span style=\"color: #000000;\">P\u00e4ritoluriik &#8211; Rootsi.<\/span><\/p>\n","protected":false},"excerpt":{"rendered":"<p>Pakk sisaldab nelja erineva l\u00f5hnaga aroom\u00f5li: eukal\u00fcpti, lavendlit, m\u00fcnti ja tsitrust. 100% eeterlik \u00f5li. P\u00e4ritoluriik &#8211; Rootsi.<\/p>\n","protected":false},"featured_media":7271,"comment_status":"open","ping_status":"closed","template":"","meta":{"_acf_changed":false,"_genesis_hide_title":false,"_genesis_hide_breadcrumbs":false,"_genesis_hide_singular_image":false,"_genesis_hide_footer_widgets":false,"_genesis_custom_body_class":"","_genesis_custom_post_class":"","_genesis_layout":""},"product_cat":[362],"product_tag":[],"acf":[],"_links":{"self":[{"href":"https:\/\/koduspa.ee\/en\/wp-json\/wp\/v2\/product\/7268"}],"collection":[{"href":"https:\/\/koduspa.ee\/en\/wp-json\/wp\/v2\/product"}],"about":[{"href":"https:\/\/koduspa.ee\/en\/wp-json\/wp\/v2\/types\/product"}],"replies":[{"embeddable":true,"href":"https:\/\/koduspa.ee\/en\/wp-json\/wp\/v2\/comments?post=7268"}],"wp:featuredmedia":[{"embeddable":true,"href":"https:\/\/koduspa.ee\/en\/wp-json\/wp\/v2\/media\/7271"}],"wp:attachment":[{"href":"https:\/\/koduspa.ee\/en\/wp-json\/wp\/v2\/media?parent=7268"}],"wp:term":[{"taxonomy":"product_cat","embeddable":true,"href":"https:\/\/koduspa.ee\/en\/wp-json\/wp\/v2\/product_cat?post=7268"},{"taxonomy":"product_tag","embeddable":true,"href":"https:\/\/koduspa.ee\/en\/wp-json\/wp\/v2\/product_tag?post=7268"}],"curies":[{"name":"wp","href":"https:\/\/api.w.org\/{rel}","templated":true}]}}