{"id":7120,"date":"2020-10-20T07:17:00","date_gmt":"2020-10-20T07:17:00","guid":{"rendered":"https:\/\/koduspa.ee\/?post_type=product&#038;p=7120"},"modified":"2024-04-08T08:56:38","modified_gmt":"2024-04-08T08:56:38","slug":"uks-50-g-aurusaunale","status":"publish","type":"product","link":"https:\/\/koduspa.ee\/en\/pood\/uksed\/uks-50-g-aurusaunale\/","title":{"rendered":"TYL\u00d6 AURUSAUNA UKS 50 G"},"content":{"rendered":"<h6><span style=\"color: #000000;\">V\u00e4ike sile uks karastatud l\u00e4bipaistvast klaasist,<\/span><\/h6>\n<h6><span style=\"color: #000000;\"> millel on magnetsulgur ja peidetud hinged, <\/span><\/h6>\n<h6><span style=\"color: #000000;\">mis tagavad puhta ja kena v\u00e4limuse koos kaitsva alumiiniumraamiga ukselehe \u00fcmber. <\/span><\/h6>\n<h6><span style=\"color: #000000;\">Uksel on l\u00e4vi ja ka drenaa\u017eiliist allosas ning seda saab paigaldada vasakule v\u00f5i paremale. <\/span><\/h6>\n<h6><span style=\"color: #000000;\">V\u00e4lisraami m\u00f5\u00f5dud, 1855x635x53mm. Sissep\u00e4\u00e4suava 550mm.<\/span><\/h6>\n<p><a href=\"https:\/\/s3-eu-west-1.amazonaws.com\/gung-images-bucket-ireland\/tylo\/pim-item\/90911010\/2900%200630%20Steam%20Door%2050G.pdf\">https:\/\/s3-eu-west-1.amazonaws.com\/gung-images-bucket-ireland\/tylo\/pim-item\/90911010\/2900%200630%20Steam%20Door%2050G.pdf<\/a><\/p>\n","protected":false},"excerpt":{"rendered":"<p>V\u00e4ike sile uks karastatud l\u00e4bipaistvast klaasist, millel on magnetsulgur ja peidetud hinged, mis tagavad puhta ja kena v\u00e4limuse koos kaitsva alumiiniumraamiga ukselehe \u00fcmber. Uksel on l\u00e4vi ja ka drenaa\u017eiliist allosas ning seda saab paigaldada vasakule v\u00f5i paremale. V\u00e4lisraami m\u00f5\u00f5dud, 1855x635x53mm. Sissep\u00e4\u00e4suava 550mm. https:\/\/s3-eu-west-1.amazonaws.com\/gung-images-bucket-ireland\/tylo\/pim-item\/90911010\/2900%200630%20Steam%20Door%2050G.pdf<\/p>\n","protected":false},"featured_media":7121,"comment_status":"open","ping_status":"closed","template":"","meta":{"_acf_changed":false,"_genesis_hide_title":false,"_genesis_hide_breadcrumbs":false,"_genesis_hide_singular_image":false,"_genesis_hide_footer_widgets":false,"_genesis_custom_body_class":"","_genesis_custom_post_class":"","_genesis_layout":""},"product_brand":[],"product_cat":[369],"product_tag":[],"class_list":{"0":"post-7120","1":"product","2":"type-product","3":"status-publish","4":"has-post-thumbnail","6":"product_cat-uksed","7":"entry","8":"override","10":"first","11":"instock","12":"shipping-taxable","13":"purchasable","14":"product-type-simple"},"acf":[],"_links":{"self":[{"href":"https:\/\/koduspa.ee\/en\/wp-json\/wp\/v2\/product\/7120","targetHints":{"allow":["GET"]}}],"collection":[{"href":"https:\/\/koduspa.ee\/en\/wp-json\/wp\/v2\/product"}],"about":[{"href":"https:\/\/koduspa.ee\/en\/wp-json\/wp\/v2\/types\/product"}],"replies":[{"embeddable":true,"href":"https:\/\/koduspa.ee\/en\/wp-json\/wp\/v2\/comments?post=7120"}],"wp:featuredmedia":[{"embeddable":true,"href":"https:\/\/koduspa.ee\/en\/wp-json\/wp\/v2\/media\/7121"}],"wp:attachment":[{"href":"https:\/\/koduspa.ee\/en\/wp-json\/wp\/v2\/media?parent=7120"}],"wp:term":[{"taxonomy":"product_brand","embeddable":true,"href":"https:\/\/koduspa.ee\/en\/wp-json\/wp\/v2\/product_brand?post=7120"},{"taxonomy":"product_cat","embeddable":true,"href":"https:\/\/koduspa.ee\/en\/wp-json\/wp\/v2\/product_cat?post=7120"},{"taxonomy":"product_tag","embeddable":true,"href":"https:\/\/koduspa.ee\/en\/wp-json\/wp\/v2\/product_tag?post=7120"}],"curies":[{"name":"wp","href":"https:\/\/api.w.org\/{rel}","templated":true}]}}