{"id":7004,"date":"2020-10-14T08:56:57","date_gmt":"2020-10-14T08:56:57","guid":{"rendered":"https:\/\/koduspa.ee\/?post_type=product&#038;p=7004"},"modified":"2024-04-06T10:43:41","modified_gmt":"2024-04-06T10:43:41","slug":"led-riba-150mm","status":"publish","type":"product","link":"https:\/\/koduspa.ee\/en\/pood\/tylo-valgustid\/led-riba-150mm\/","title":{"rendered":"TYL\u00d6 LED VALGUSRIBA 150MM"},"content":{"rendered":"<h6><span style=\"color: #000000;\">Sobiv saunaruumi, max k\u00f5rgus 1200mm, <\/span><\/h6>\n<h6><span style=\"color: #000000;\">toiteallikaks trafo 12V DC. H\u00e4mardatav teisel k\u00fcljel.\u00a0<\/span><\/h6>\n<h6><span style=\"color: #000000;\">Komplektis on kinnitusklamber.<\/span><\/h6>\n","protected":false},"excerpt":{"rendered":"<p>Sobiv saunaruumi, max k\u00f5rgus 1200mm, toiteallikaks trafo 12V DC. H\u00e4mardatav teisel k\u00fcljel.\u00a0 Komplektis on kinnitusklamber.<\/p>\n","protected":false},"featured_media":10838,"comment_status":"open","ping_status":"closed","template":"","meta":{"_acf_changed":false,"_genesis_hide_title":false,"_genesis_hide_breadcrumbs":false,"_genesis_hide_singular_image":false,"_genesis_hide_footer_widgets":false,"_genesis_custom_body_class":"","_genesis_custom_post_class":"","_genesis_layout":""},"product_brand":[],"product_cat":[372],"product_tag":[],"class_list":{"0":"post-7004","1":"product","2":"type-product","3":"status-publish","4":"has-post-thumbnail","6":"product_cat-tylo-valgustid","7":"entry","8":"override","10":"first","11":"instock","12":"shipping-taxable","13":"purchasable","14":"product-type-simple"},"acf":[],"_links":{"self":[{"href":"https:\/\/koduspa.ee\/en\/wp-json\/wp\/v2\/product\/7004","targetHints":{"allow":["GET"]}}],"collection":[{"href":"https:\/\/koduspa.ee\/en\/wp-json\/wp\/v2\/product"}],"about":[{"href":"https:\/\/koduspa.ee\/en\/wp-json\/wp\/v2\/types\/product"}],"replies":[{"embeddable":true,"href":"https:\/\/koduspa.ee\/en\/wp-json\/wp\/v2\/comments?post=7004"}],"wp:featuredmedia":[{"embeddable":true,"href":"https:\/\/koduspa.ee\/en\/wp-json\/wp\/v2\/media\/10838"}],"wp:attachment":[{"href":"https:\/\/koduspa.ee\/en\/wp-json\/wp\/v2\/media?parent=7004"}],"wp:term":[{"taxonomy":"product_brand","embeddable":true,"href":"https:\/\/koduspa.ee\/en\/wp-json\/wp\/v2\/product_brand?post=7004"},{"taxonomy":"product_cat","embeddable":true,"href":"https:\/\/koduspa.ee\/en\/wp-json\/wp\/v2\/product_cat?post=7004"},{"taxonomy":"product_tag","embeddable":true,"href":"https:\/\/koduspa.ee\/en\/wp-json\/wp\/v2\/product_tag?post=7004"}],"curies":[{"name":"wp","href":"https:\/\/api.w.org\/{rel}","templated":true}]}}