{"id":6367,"date":"2020-05-06T12:31:55","date_gmt":"2020-05-06T12:31:55","guid":{"rendered":"https:\/\/koduspa.ee\/?post_type=product&#038;p=6367"},"modified":"2025-10-24T10:33:24","modified_gmt":"2025-10-24T10:33:24","slug":"helo-aroomipump","status":"publish","type":"product","link":"https:\/\/koduspa.ee\/en\/pood\/aurugeneraatorid-et-en\/helo-aroomipump\/","title":{"rendered":"TYL\u00d6 AROOMIPUMP"},"content":{"rendered":"<p><span style=\"color: #000000;\">Aroomipump TYL\u00d6 aurugeneraatoritele.<\/span><\/p>\n<p><span style=\"color: #000000;\">\u00dchendub lihtsalt v\u00e4ljalasketoruga. <\/span><\/p>\n<p><span style=\"color: #000000;\">Lisage mis tahes liitrine kontsentreeritud l\u00f5hnaaine kanister.<\/span><\/p>\n<p><span style=\"color: #000000;\">Tehnilised andmed:<\/span><\/p>\n<div><a href=\"https:\/\/koduspa.ee\/wp-content\/uploads\/2020\/05\/2900-2365-Essence-Pump-Installation-User-Guide.pdf\">2900 2365 Essence Pump Installation &#8211; User Guide<\/a><\/div>\n","protected":false},"excerpt":{"rendered":"<p>Aroomipump TYL\u00d6 aurugeneraatoritele. \u00dchendub lihtsalt v\u00e4ljalasketoruga. Lisage mis tahes liitrine kontsentreeritud l\u00f5hnaaine kanister. Tehnilised andmed: 2900 2365 Essence Pump Installation &#8211; User Guide<\/p>\n","protected":false},"featured_media":13314,"comment_status":"open","ping_status":"closed","template":"","meta":{"_acf_changed":false,"_genesis_hide_title":false,"_genesis_hide_breadcrumbs":false,"_genesis_hide_singular_image":false,"_genesis_hide_footer_widgets":false,"_genesis_custom_body_class":"","_genesis_custom_post_class":"","_genesis_layout":""},"product_brand":[],"product_cat":[72,128],"product_tag":[],"class_list":{"0":"post-6367","1":"product","2":"type-product","3":"status-publish","4":"has-post-thumbnail","6":"product_cat-aurugeneraatorid-et","7":"product_cat-lisavarustus","8":"entry","9":"override","11":"first","12":"instock","13":"shipping-taxable","14":"purchasable","15":"product-type-simple"},"acf":[],"_links":{"self":[{"href":"https:\/\/koduspa.ee\/en\/wp-json\/wp\/v2\/product\/6367","targetHints":{"allow":["GET"]}}],"collection":[{"href":"https:\/\/koduspa.ee\/en\/wp-json\/wp\/v2\/product"}],"about":[{"href":"https:\/\/koduspa.ee\/en\/wp-json\/wp\/v2\/types\/product"}],"replies":[{"embeddable":true,"href":"https:\/\/koduspa.ee\/en\/wp-json\/wp\/v2\/comments?post=6367"}],"wp:featuredmedia":[{"embeddable":true,"href":"https:\/\/koduspa.ee\/en\/wp-json\/wp\/v2\/media\/13314"}],"wp:attachment":[{"href":"https:\/\/koduspa.ee\/en\/wp-json\/wp\/v2\/media?parent=6367"}],"wp:term":[{"taxonomy":"product_brand","embeddable":true,"href":"https:\/\/koduspa.ee\/en\/wp-json\/wp\/v2\/product_brand?post=6367"},{"taxonomy":"product_cat","embeddable":true,"href":"https:\/\/koduspa.ee\/en\/wp-json\/wp\/v2\/product_cat?post=6367"},{"taxonomy":"product_tag","embeddable":true,"href":"https:\/\/koduspa.ee\/en\/wp-json\/wp\/v2\/product_tag?post=6367"}],"curies":[{"name":"wp","href":"https:\/\/api.w.org\/{rel}","templated":true}]}}