{"id":6355,"date":"2020-05-06T11:43:40","date_gmt":"2020-05-06T11:43:40","guid":{"rendered":"https:\/\/koduspa.ee\/?post_type=product&#038;p=6355"},"modified":"2022-11-01T13:29:58","modified_gmt":"2022-11-01T13:29:58","slug":"uputuskaelus-must-metall","status":"publish","type":"product","link":"https:\/\/koduspa.ee\/en\/pood\/helo-elektrikerise-lisatarvikud\/uputuskaelus-must-metall\/","title":{"rendered":"UPUTUSKAELUS MUST METALL"},"content":{"rendered":"<p><span style=\"color: #000000;\">Uputuskaelus EL.keristele Rocher ja Himalaya.<\/span><\/p>\n<p><span style=\"color: #000000;\">V\u00e4rvitud must metall, m\u00f5\u00f5t 600mm.<\/span><\/p>\n","protected":false},"excerpt":{"rendered":"<p>Uputuskaelus EL.keristele Rocher ja Himalaya. V\u00e4rvitud must metall, m\u00f5\u00f5t 600mm.<\/p>\n","protected":false},"featured_media":6348,"comment_status":"open","ping_status":"closed","template":"","meta":{"_acf_changed":false,"_genesis_hide_title":false,"_genesis_hide_breadcrumbs":false,"_genesis_hide_singular_image":false,"_genesis_hide_footer_widgets":false,"_genesis_custom_body_class":"","_genesis_custom_post_class":"","_genesis_layout":""},"product_cat":[187],"product_tag":[],"acf":[],"_links":{"self":[{"href":"https:\/\/koduspa.ee\/en\/wp-json\/wp\/v2\/product\/6355"}],"collection":[{"href":"https:\/\/koduspa.ee\/en\/wp-json\/wp\/v2\/product"}],"about":[{"href":"https:\/\/koduspa.ee\/en\/wp-json\/wp\/v2\/types\/product"}],"replies":[{"embeddable":true,"href":"https:\/\/koduspa.ee\/en\/wp-json\/wp\/v2\/comments?post=6355"}],"wp:featuredmedia":[{"embeddable":true,"href":"https:\/\/koduspa.ee\/en\/wp-json\/wp\/v2\/media\/6348"}],"wp:attachment":[{"href":"https:\/\/koduspa.ee\/en\/wp-json\/wp\/v2\/media?parent=6355"}],"wp:term":[{"taxonomy":"product_cat","embeddable":true,"href":"https:\/\/koduspa.ee\/en\/wp-json\/wp\/v2\/product_cat?post=6355"},{"taxonomy":"product_tag","embeddable":true,"href":"https:\/\/koduspa.ee\/en\/wp-json\/wp\/v2\/product_tag?post=6355"}],"curies":[{"name":"wp","href":"https:\/\/api.w.org\/{rel}","templated":true}]}}