{"id":6019,"date":"2020-04-27T08:17:58","date_gmt":"2020-04-27T08:17:58","guid":{"rendered":"https:\/\/koduspa.ee\/?post_type=product&#038;p=6019"},"modified":"2025-10-28T12:12:47","modified_gmt":"2025-10-28T12:12:47","slug":"kontaktor-box-tylo-commercial-lite","status":"publish","type":"product","link":"https:\/\/koduspa.ee\/en\/pood\/juhtpaneelid\/kontaktor-box-tylo-commercial-lite\/","title":{"rendered":"TYL\u00d6 KONTAKTOR BOX COMMERCIAL LITE"},"content":{"rendered":"<p><span style=\"color: #000000;\">V\u00e4lja t\u00f6\u00f6tatud t\u00f5rgeteta t\u00f6\u00f6ks juhtpaneelidega Elite v\u00f5i Pure<\/span><\/p>\n<p><span style=\"color: #000000;\">ja saunak\u00fctteseadmetega kuni 10,8 kW. \u00dchildub funktsiooniga Stela Home.<\/span><\/p>\n<p><span style=\"color: #000000;\">\u00dchildub ka Elite (wifi) juhtpaneelide juhitavate IR-paneelidega.<\/span><\/p>\n<p><strong><span style=\"color: #000000;\">Juhtpaneelid ei kuulu komplekti.<\/span><\/strong><\/p>\n<p><strong><span style=\"color: #000000;\">Tehnilised andmed:<\/span><\/strong><\/p>\n<p><a href=\"https:\/\/cdn2.hubspot.net\/hubfs\/379485\/Tyl%C3%B6Helo%20downloads%20(product%20data)\/Tyl%C3%B6%20manuals\/2900%204153%20Relay%20box%20Commercial%20installation%2Fuser%20guide.pdf\">https:\/\/cdn2.hubspot.net\/hubfs\/379485\/Tyl%C3%B6Helo%20downloads%20(product%20data)\/Tyl%C3%B6%20manuals\/2900%204153%20Relay%20box%20Commercial%20installation%2Fuser%20guide.pdf<\/a><\/p>\n<p><strong><span style=\"color: #000000;\">Garantiitingimused:<\/span><\/strong><\/p>\n<p><a href=\"https:\/\/cdn2.hubspot.net\/hubfs\/379485\/Tyl%C3%B6Helo%20downloads%20(product%20data)\/Helo%20manuals\/Warranty%20policy.pdf\">https:\/\/cdn2.hubspot.net\/hubfs\/379485\/Tyl%C3%B6Helo%20downloads%20(product%20data)\/Helo%20manuals\/Warranty%20policy.pdf<\/a><\/p>\n","protected":false},"excerpt":{"rendered":"<p>V\u00e4lja t\u00f6\u00f6tatud t\u00f5rgeteta t\u00f6\u00f6ks juhtpaneelidega Elite v\u00f5i Pure ja saunak\u00fctteseadmetega kuni 10,8 kW. \u00dchildub funktsiooniga Stela Home. \u00dchildub ka Elite (wifi) juhtpaneelide juhitavate IR-paneelidega. Juhtpaneelid ei kuulu komplekti. Tehnilised andmed: https:\/\/cdn2.hubspot.net\/hubfs\/379485\/Tyl%C3%B6Helo%20downloads%20(product%20data)\/Tyl%C3%B6%20manuals\/2900%204153%20Relay%20box%20Commercial%20installation%2Fuser%20guide.pdf Garantiitingimused: https:\/\/cdn2.hubspot.net\/hubfs\/379485\/Tyl%C3%B6Helo%20downloads%20(product%20data)\/Helo%20manuals\/Warranty%20policy.pdf<\/p>\n","protected":false},"featured_media":6022,"comment_status":"open","ping_status":"closed","template":"","meta":{"_acf_changed":false,"_genesis_hide_title":false,"_genesis_hide_breadcrumbs":false,"_genesis_hide_singular_image":false,"_genesis_hide_footer_widgets":false,"_genesis_custom_body_class":"","_genesis_custom_post_class":"","_genesis_layout":""},"product_cat":[183],"product_tag":[],"acf":[],"_links":{"self":[{"href":"https:\/\/koduspa.ee\/en\/wp-json\/wp\/v2\/product\/6019"}],"collection":[{"href":"https:\/\/koduspa.ee\/en\/wp-json\/wp\/v2\/product"}],"about":[{"href":"https:\/\/koduspa.ee\/en\/wp-json\/wp\/v2\/types\/product"}],"replies":[{"embeddable":true,"href":"https:\/\/koduspa.ee\/en\/wp-json\/wp\/v2\/comments?post=6019"}],"wp:featuredmedia":[{"embeddable":true,"href":"https:\/\/koduspa.ee\/en\/wp-json\/wp\/v2\/media\/6022"}],"wp:attachment":[{"href":"https:\/\/koduspa.ee\/en\/wp-json\/wp\/v2\/media?parent=6019"}],"wp:term":[{"taxonomy":"product_cat","embeddable":true,"href":"https:\/\/koduspa.ee\/en\/wp-json\/wp\/v2\/product_cat?post=6019"},{"taxonomy":"product_tag","embeddable":true,"href":"https:\/\/koduspa.ee\/en\/wp-json\/wp\/v2\/product_tag?post=6019"}],"curies":[{"name":"wp","href":"https:\/\/api.w.org\/{rel}","templated":true}]}}