{"id":5857,"date":"2020-04-20T07:21:59","date_gmt":"2020-04-20T07:21:59","guid":{"rendered":"http:\/\/koduspa.ee\/?post_type=product&#038;p=5857"},"modified":"2025-10-24T05:49:35","modified_gmt":"2025-10-24T05:49:35","slug":"juhtpaneel-elite","status":"publish","type":"product","link":"https:\/\/koduspa.ee\/en\/pood\/juhtpaneelid-en\/juhtpaneel-elite\/","title":{"rendered":"TYL\u00d6 JUHTPANEEL ELITE CLOUD"},"content":{"rendered":"<div class=\"T4LgNb\">\n<div class=\"WFnNle\">\n<div class=\"OlSOob\">\n<div class=\"ccvoYb\">\n<div class=\"AxqVh\">\n<div class=\"OPPzxe\">\n<div class=\"dePhmb\">\n<div class=\"eyKpYb\" data-language=\"et\" data-original-language=\"en\" data-result-index=\"0\"><\/div>\n<\/div>\n<\/div>\n<\/div>\n<\/div>\n<\/div>\n<\/div>\n<\/div>\n<h6><span style=\"color: #000000;\">Elektrooniline juhtpaneel 4,3-tollise (t\u00e4ispuutetundliku) ekraaniga. <\/span><\/h6>\n<h6><span style=\"color: #000000;\">Soovitatav paigaldus on v\u00e4ljaspool sauna\/leiliruumi, <\/span><\/h6>\n<h6><span style=\"color: #000000;\">kuid v\u00f5imalik paigaldada ka sauna\/leiliruumi sisse. <\/span><\/h6>\n<h6><span style=\"color: #000000;\">Maksimaalne k\u00f5rgus sauna sisemusse paigaldamisel on 80cm ja kerisest eemal 30cm. <\/span><\/h6>\n<h6><span style=\"color: #000000;\">Elite\u2019i \u00fcmbritseva \u00f5hu temperatuur ei tohi kunagi \u00fcletada 80\u00b0C. <\/span><\/h6>\n<h6><span style=\"color: #000000;\">Funktsioon Elite: sisse\/v\u00e4lja, ootere\u017eiimi v\u00e4hendatud t\u00f6\u00f6re\u017eiim, temperatuuri\/<\/span><\/h6>\n<h6><span style=\"color: #000000;\">saunaaja + vanniniiskuse seadistamine kombineeritud seadmetele, <\/span><\/h6>\n<h6><span style=\"color: #000000;\">p\u00e4evaprogrammide v\u00f5i korduvate igan\u00e4dalaste kalendriprogrammide programmeerimine,\u00a0<\/span><\/h6>\n<h6><span style=\"color: #000000;\">lemmikprogrammide loomine, valgustuse juhtimine, lisa\u00fchenduste juhtimine, IR juhtimine, <\/span><\/h6>\n<h6><span style=\"color: #000000;\">PIN-lukk, mis takistab seadete muutmist. <\/span><\/h6>\n<h6><span style=\"color: #000000;\">Samuti saate oma sauna juhtida arvutirakenduste v\u00f5i <\/span><\/h6>\n<h6><span style=\"color: #000000;\">Tyl\u00f6 mobiilirakenduse (Wellaccess) kaudu, mis on saadaval nii iOS-i kui ka Androidi jaoks.<\/span><\/h6>\n<h6><span style=\"color: #000000;\"> Elite\u2019i saab kasutada k\u00f5ikjalt, kuna seda on uuendatud pilvep\u00f5hise funktsionaalsusega. <\/span><\/h6>\n<h6><span style=\"color: #000000;\">M\u00c4RGE! EL-i piirkonna saunakeriste puhul on vaja kaugjuhtimis puldi\/v\u00e4lise l\u00fcliti\/<\/span><\/h6>\n<h6><span style=\"color: #000000;\">kalendrifunktsiooni\/arvuti\/mobiilirakenduse jaoks uksepistikut. <\/span><\/h6>\n<h6><span style=\"color: #000000;\">Elite toetab ka Tylariumit (saunakeris + 1 aurugeneraator) v\u00f5i <\/span><\/h6>\n<h6><span style=\"color: #000000;\">multisteami (kuni 3 aurugeneraatorit). M\u00f5\u00f5dud: 127 x 85 x 13 mm<\/span><\/h6>\n<p>&nbsp;<\/p>\n<p><span style=\"color: #000000;\">Tehnilised andmed:<\/span><\/p>\n<p><a href=\"https:\/\/f.hubspotusercontent30.net\/hubfs\/379485\/2900%205208%20Tyl%C3%B6%20Elite%20Cloud%20quickstart%20guide%20210319.pdf\">https:\/\/f.hubspotusercontent30.net\/hubfs\/379485\/2900%205208%20Tyl%C3%B6%20Elite%20Cloud%20quickstart%20guide%20210319.pdf<\/a><\/p>\n<p><span style=\"color: #000000;\">Garantiitingimused:<\/span><\/p>\n<p><a href=\"https:\/\/cdn2.hubspot.net\/hubfs\/379485\/Tyl%C3%B6Helo%20downloads%20(product%20data)\/Helo%20manuals\/Warranty%20policy.pdf\">https:\/\/cdn2.hubspot.net\/hubfs\/379485\/Tyl%C3%B6Helo%20downloads%20(product%20data)\/Helo%20manuals\/Warranty%20policy.pdf<\/a><\/p>\n","protected":false},"excerpt":{"rendered":"<p>Elektrooniline juhtpaneel 4,3-tollise (t\u00e4ispuutetundliku) ekraaniga. Soovitatav paigaldus on v\u00e4ljaspool sauna\/leiliruumi, kuid v\u00f5imalik paigaldada ka sauna\/leiliruumi sisse. Maksimaalne k\u00f5rgus sauna sisemusse paigaldamisel on 80cm ja kerisest eemal 30cm. Elite\u2019i \u00fcmbritseva \u00f5hu temperatuur ei tohi kunagi \u00fcletada 80\u00b0C. Funktsioon Elite: sisse\/v\u00e4lja, ootere\u017eiimi v\u00e4hendatud t\u00f6\u00f6re\u017eiim, temperatuuri\/ saunaaja + vanniniiskuse seadistamine kombineeritud seadmetele, p\u00e4evaprogrammide v\u00f5i korduvate igan\u00e4dalaste kalendriprogrammide programmeerimine,\u00a0 [&hellip;]<\/p>\n","protected":false},"featured_media":8214,"comment_status":"open","ping_status":"closed","template":"","meta":{"_acf_changed":false,"_genesis_hide_title":false,"_genesis_hide_breadcrumbs":false,"_genesis_hide_singular_image":false,"_genesis_hide_footer_widgets":false,"_genesis_custom_body_class":"","_genesis_custom_post_class":"","_genesis_layout":""},"product_brand":[],"product_cat":[183],"product_tag":[],"class_list":{"0":"post-5857","1":"product","2":"type-product","3":"status-publish","4":"has-post-thumbnail","6":"product_cat-juhtpaneelid","7":"entry","8":"override","10":"first","11":"instock","12":"shipping-taxable","13":"purchasable","14":"product-type-simple"},"acf":[],"_links":{"self":[{"href":"https:\/\/koduspa.ee\/en\/wp-json\/wp\/v2\/product\/5857","targetHints":{"allow":["GET"]}}],"collection":[{"href":"https:\/\/koduspa.ee\/en\/wp-json\/wp\/v2\/product"}],"about":[{"href":"https:\/\/koduspa.ee\/en\/wp-json\/wp\/v2\/types\/product"}],"replies":[{"embeddable":true,"href":"https:\/\/koduspa.ee\/en\/wp-json\/wp\/v2\/comments?post=5857"}],"wp:featuredmedia":[{"embeddable":true,"href":"https:\/\/koduspa.ee\/en\/wp-json\/wp\/v2\/media\/8214"}],"wp:attachment":[{"href":"https:\/\/koduspa.ee\/en\/wp-json\/wp\/v2\/media?parent=5857"}],"wp:term":[{"taxonomy":"product_brand","embeddable":true,"href":"https:\/\/koduspa.ee\/en\/wp-json\/wp\/v2\/product_brand?post=5857"},{"taxonomy":"product_cat","embeddable":true,"href":"https:\/\/koduspa.ee\/en\/wp-json\/wp\/v2\/product_cat?post=5857"},{"taxonomy":"product_tag","embeddable":true,"href":"https:\/\/koduspa.ee\/en\/wp-json\/wp\/v2\/product_tag?post=5857"}],"curies":[{"name":"wp","href":"https:\/\/api.w.org\/{rel}","templated":true}]}}