{"id":5771,"date":"2020-04-19T13:26:04","date_gmt":"2020-04-19T13:26:04","guid":{"rendered":"http:\/\/koduspa.ee\/?post_type=product&#038;p=5771"},"modified":"2025-10-24T07:55:55","modified_gmt":"2025-10-24T07:55:55","slug":"el-keris-helo-rocher","status":"publish","type":"product","link":"https:\/\/koduspa.ee\/en\/pood\/helo-elektrikerised-en\/el-keris-helo-rocher\/","title":{"rendered":"ELEKTRIKERIS HELO ROCHER PURE"},"content":{"rendered":"<p><span style=\"color: #000000;\">100 kg kivimassiga k\u00fcttekehas tagab Rocheri p\u00f5randakeris imeliselt pehme,<\/span><\/p>\n<p><span style=\"color: #000000;\">tilgakujulise auru ja m\u00f5nusa sauna atmosf\u00e4\u00e4ri.<\/span><\/p>\n<p><span style=\"color: #000000;\">Rocheri \u00fcmarat, ajatut ja elegantset disaini saab imetleda iga nurga alt.<\/span><\/p>\n<p><span style=\"color: #000000;\">K\u00fcttekehale on n\u00fc\u00fcd lisatud uus stiilne juhtpaneel Pure mis kuulub komplekti.<\/span><\/p>\n<p><span style=\"color: #000000;\">T\u00e4ispikkusega elemendid soojendavad k\u00fcttekeha kogu pikkuses.<\/span><\/p>\n<p><strong><span style=\"color: #000000;\">Kerisekivid ei kuulu komplekti. <\/span><\/strong><\/p>\n<p><strong><span style=\"color: #000000;\">Lisavarustusena saadaval kerise kaelus<\/span><\/strong><strong><span style=\"color: #000000;\">.<\/span><\/strong><\/p>\n<p><span style=\"color: #000000;\">Tehnilised andmed:<\/span><\/p>\n<p><a href=\"https:\/\/cdn2.hubspot.net\/hubfs\/379485\/Tyl%C3%B6Helo%20downloads%20(product%20data)\/Helo%20manuals\/Rocher%20Pure%20Installation%20user%20guide.pdf\">https:\/\/cdn2.hubspot.net\/hubfs\/379485\/Tyl%C3%B6Helo%20downloads%20(product%20data)\/Helo%20manuals\/Rocher%20Pure%20Installation%20user%20guide.pdf<\/a><\/p>\n<p><span style=\"color: #000000;\">Garantiitingimused:<\/span><\/p>\n<p><a href=\"https:\/\/cdn2.hubspot.net\/hubfs\/379485\/Tyl%C3%B6Helo%20downloads%20(product%20data)\/Helo%20manuals\/Warranty%20policy.pdf\">https:\/\/cdn2.hubspot.net\/hubfs\/379485\/Tyl%C3%B6Helo%20downloads%20(product%20data)\/Helo%20manuals\/Warranty%20policy.pdf<\/a><\/p>\n","protected":false},"excerpt":{"rendered":"<p>100 kg kivimassiga k\u00fcttekehas tagab Rocheri p\u00f5randakeris imeliselt pehme, tilgakujulise auru ja m\u00f5nusa sauna atmosf\u00e4\u00e4ri. Rocheri \u00fcmarat, ajatut ja elegantset disaini saab imetleda iga nurga alt. K\u00fcttekehale on n\u00fc\u00fcd lisatud uus stiilne juhtpaneel Pure mis kuulub komplekti. T\u00e4ispikkusega elemendid soojendavad k\u00fcttekeha kogu pikkuses. Kerisekivid ei kuulu komplekti. Lisavarustusena saadaval kerise kaelus. Tehnilised andmed: https:\/\/cdn2.hubspot.net\/hubfs\/379485\/Tyl%C3%B6Helo%20downloads%20(product%20data)\/Helo%20manuals\/Rocher%20Pure%20Installation%20user%20guide.pdf Garantiitingimused: [&hellip;]<\/p>\n","protected":false},"featured_media":5772,"comment_status":"open","ping_status":"closed","template":"","meta":{"_acf_changed":false,"_genesis_hide_title":false,"_genesis_hide_breadcrumbs":false,"_genesis_hide_singular_image":false,"_genesis_hide_footer_widgets":false,"_genesis_custom_body_class":"","_genesis_custom_post_class":"","_genesis_layout":""},"product_brand":[],"product_cat":[172],"product_tag":[],"class_list":{"0":"post-5771","1":"product","2":"type-product","3":"status-publish","4":"has-post-thumbnail","6":"product_cat-helo-elektrikerised","7":"entry","8":"override","10":"first","11":"instock","12":"shipping-taxable","13":"purchasable","14":"product-type-variable"},"acf":[],"_links":{"self":[{"href":"https:\/\/koduspa.ee\/en\/wp-json\/wp\/v2\/product\/5771","targetHints":{"allow":["GET"]}}],"collection":[{"href":"https:\/\/koduspa.ee\/en\/wp-json\/wp\/v2\/product"}],"about":[{"href":"https:\/\/koduspa.ee\/en\/wp-json\/wp\/v2\/types\/product"}],"replies":[{"embeddable":true,"href":"https:\/\/koduspa.ee\/en\/wp-json\/wp\/v2\/comments?post=5771"}],"wp:featuredmedia":[{"embeddable":true,"href":"https:\/\/koduspa.ee\/en\/wp-json\/wp\/v2\/media\/5772"}],"wp:attachment":[{"href":"https:\/\/koduspa.ee\/en\/wp-json\/wp\/v2\/media?parent=5771"}],"wp:term":[{"taxonomy":"product_brand","embeddable":true,"href":"https:\/\/koduspa.ee\/en\/wp-json\/wp\/v2\/product_brand?post=5771"},{"taxonomy":"product_cat","embeddable":true,"href":"https:\/\/koduspa.ee\/en\/wp-json\/wp\/v2\/product_cat?post=5771"},{"taxonomy":"product_tag","embeddable":true,"href":"https:\/\/koduspa.ee\/en\/wp-json\/wp\/v2\/product_tag?post=5771"}],"curies":[{"name":"wp","href":"https:\/\/api.w.org\/{rel}","templated":true}]}}